{"id":35770,"date":"2025-02-20T23:37:43","date_gmt":"2025-02-20T22:37:43","guid":{"rendered":"http:\/\/olemosaic.com\/producto\/iman-de-madera-toro-rojo-2\/"},"modified":"2025-07-25T20:33:37","modified_gmt":"2025-07-25T18:33:37","slug":"aimant-en-bois-taureau-rouge-2","status":"publish","type":"product","link":"https:\/\/olemosaic.com\/fr\/produit\/aimant-en-bois-taureau-rouge-2\/","title":{"rendered":"Aimant en bois. Taureau. Rouge. Espagne"},"content":{"rendered":"<p>Cet aimant en bois en forme de taureau est une repr\u00e9sentation authentique de l&rsquo;esprit espagnol, un symbole embl\u00e9matique qui \u00e9voque la riche culture et le folklore du pays. Avec un design vibrant combinant des tons rouges, jaunes et violets, cet aimant capture l&rsquo;essence de l&rsquo;art de la mosa\u00efque, un \u00e9l\u00e9ment visuel caract\u00e9ristique des traditions artistiques de l&rsquo;Espagne. Chaque d\u00e9tail est m\u00e9ticuleusement peint \u00e0 la main, ce qui garantit que chaque pi\u00e8ce est unique, en faisant un souvenir m\u00e9morable pour ceux qui visitent l&rsquo;Espagne.<\/p>\n<p>Le taureau, repr\u00e9sent\u00e9 avec une approche contemporaine et color\u00e9e, se dresse avec fiert\u00e9, \u00e9voquant la force et la vitalit\u00e9 que l&rsquo;animal symbolise dans la culture ib\u00e9rique. Cet aimant n&rsquo;est pas seulement un objet d\u00e9coratif pour les surfaces m\u00e9talliques, mais aussi un rappel tangible de l&rsquo;h\u00e9ritage culturel et des festivit\u00e9s qui entourent le taureau lors des f\u00eates populaires espagnoles.<\/p>\n<p>Id\u00e9al comme souvenir pour les touristes souhaitant ramener un morceau d&rsquo;Espagne chez eux, cet aimant est un choix parfait pour les boutiques de cadeaux touristiques \u00e0 la recherche de produits authentiques et culturellement pertinents. Chez Ol\u00e9 Mosaic, en tant que distributeurs de souvenirs en gros, nous proposons cette pi\u00e8ce exceptionnelle qui repr\u00e9sente la vitalit\u00e9 du folklore espagnol, garantissant authenticit\u00e9 et qualit\u00e9 dans chaque produit.<\/p>\n","protected":false},"excerpt":{"rendered":"<p>Aimant en bois en forme de taureau, un symbole embl\u00e9matique de l&rsquo;Espagne. Cet aimant color\u00e9 pr\u00e9sente un design vibrant dans des tons rouges, jaunes et violets, inspir\u00e9 de l&rsquo;art de la mosa\u00efque. Avec des d\u00e9tails m\u00e9ticuleusement peints \u00e0 la main, il capture l&rsquo;essence du folklore espagnol et de la culture taurine. Id\u00e9al pour se souvenir de votre visite ou comme cadeau original, apportant une touche festive \u00e0 toute surface m\u00e9tallique.<\/p>\n","protected":false},"featured_media":9539,"template":"","meta":{"_acf_changed":false},"product_brand":[],"product_cat":[697],"product_tag":[530],"class_list":{"0":"post-35770","1":"product","2":"type-product","3":"status-publish","4":"has-post-thumbnail","6":"product_cat-aimants","7":"product_tag-animaux","8":"pa_motivo-taureaux","10":"first","11":"instock","12":"shipping-taxable","13":"product-type-simple"},"acf":[],"_links":{"self":[{"href":"https:\/\/olemosaic.com\/fr\/wp-json\/wp\/v2\/product\/35770","targetHints":{"allow":["GET"]}}],"collection":[{"href":"https:\/\/olemosaic.com\/fr\/wp-json\/wp\/v2\/product"}],"about":[{"href":"https:\/\/olemosaic.com\/fr\/wp-json\/wp\/v2\/types\/product"}],"wp:featuredmedia":[{"embeddable":true,"href":"https:\/\/olemosaic.com\/fr\/wp-json\/wp\/v2\/media\/9539"}],"wp:attachment":[{"href":"https:\/\/olemosaic.com\/fr\/wp-json\/wp\/v2\/media?parent=35770"}],"wp:term":[{"taxonomy":"product_brand","embeddable":true,"href":"https:\/\/olemosaic.com\/fr\/wp-json\/wp\/v2\/product_brand?post=35770"},{"taxonomy":"product_cat","embeddable":true,"href":"https:\/\/olemosaic.com\/fr\/wp-json\/wp\/v2\/product_cat?post=35770"},{"taxonomy":"product_tag","embeddable":true,"href":"https:\/\/olemosaic.com\/fr\/wp-json\/wp\/v2\/product_tag?post=35770"}],"curies":[{"name":"wp","href":"https:\/\/api.w.org\/{rel}","templated":true}]}}