{"id":35769,"date":"2025-02-20T23:37:43","date_gmt":"2025-02-20T22:37:43","guid":{"rendered":"http:\/\/olemosaic.com\/producto\/iman-de-madera-toro-2\/"},"modified":"2025-07-25T20:03:49","modified_gmt":"2025-07-25T18:03:49","slug":"aimant-en-bois-taureau-2","status":"publish","type":"product","link":"https:\/\/olemosaic.com\/fr\/produit\/aimant-en-bois-taureau-2\/","title":{"rendered":"Aimant en bois. Mosa\u00efque. Taureau."},"content":{"rendered":"<p>Aimant en bois avec la figure d&rsquo;un taureau, un souvenir vibrant qui capture l&rsquo;essence de la culture espagnole. Ce design artistique s&rsquo;inspire de la technique de la mosa\u00efque, avec une explosion de couleurs \u2014 verts, rouges, bleus et jaunes \u2014 dispos\u00e9es en formes g\u00e9om\u00e9triques qui apportent une dimension visuelle unique \u00e0 la figure du taureau. Avec sa silhouette robuste et puissante, cet aimant n&rsquo;est pas seulement un objet d\u00e9coratif fonctionnel, mais il symbolise \u00e9galement la force et la tradition ancr\u00e9es dans l&rsquo;identit\u00e9 espagnole.<\/p>\n<p>Le taureau est une ic\u00f4ne du folklore local, repr\u00e9sentant \u00e0 la fois la passion pour la tauromachie et le lien avec la terre et son histoire. Chaque d\u00e9tail de l&rsquo;aimant \u00e9voque les l\u00e2chers de taureaux festifs et les festivit\u00e9s qui entourent cette cr\u00e9ature majestueuse, en faisant un souvenir repr\u00e9sentatif d&rsquo;une exp\u00e9rience inoubliable en Espagne. Id\u00e9al pour ceux qui recherchent un souvenir authentique, cet aimant ajoute non seulement une touche color\u00e9e \u00e0 n&rsquo;importe quel r\u00e9frig\u00e9rateur, mais \u00e9voque \u00e9galement des souvenirs de visites pass\u00e9es ou sert de cadeau parfait pour les amis et la famille.<\/p>\n<p>Chez Ol\u00e9 Mosaic, nous nous sp\u00e9cialisons dans la distribution en gros de souvenirs de haute qualit\u00e9 et de pertinence culturelle. Cet aimant de taureau est le choix id\u00e9al pour les boutiques de cadeaux touristiques souhaitant offrir \u00e0 leurs clients un produit qui \u00e9mane de l&rsquo;authenticit\u00e9 et du symbolisme. Avec son design attrayant et sa signification profonde, il devient un excellent moyen de ramener un morceau d&rsquo;Espagne \u00e0 la maison.<\/p>\n","protected":false},"excerpt":{"rendered":"<p>Aimant en bois avec la figure d&rsquo;un taureau, une ic\u00f4ne de la culture espagnole. Son design, vibrant et color\u00e9, \u00e9voque la technique de la mosa\u00efque, combinant des tons verts, rouges, bleus et jaunes dans des formes g\u00e9om\u00e9triques. Cette pi\u00e8ce artistique capture l&rsquo;essence du taureau, symbole de force et de tradition, id\u00e9al pour se souvenir de vos visites en Espagne ou comme un cadeau attrayant c\u00e9l\u00e9brant le folklore local.<\/p>\n","protected":false},"featured_media":9537,"template":"","meta":{"_acf_changed":false},"product_brand":[],"product_cat":[697],"product_tag":[530],"class_list":{"0":"post-35769","1":"product","2":"type-product","3":"status-publish","4":"has-post-thumbnail","6":"product_cat-aimants","7":"product_tag-animaux","8":"pa_motivo-taureaux","10":"first","11":"instock","12":"shipping-taxable","13":"product-type-simple"},"acf":[],"_links":{"self":[{"href":"https:\/\/olemosaic.com\/fr\/wp-json\/wp\/v2\/product\/35769","targetHints":{"allow":["GET"]}}],"collection":[{"href":"https:\/\/olemosaic.com\/fr\/wp-json\/wp\/v2\/product"}],"about":[{"href":"https:\/\/olemosaic.com\/fr\/wp-json\/wp\/v2\/types\/product"}],"wp:featuredmedia":[{"embeddable":true,"href":"https:\/\/olemosaic.com\/fr\/wp-json\/wp\/v2\/media\/9537"}],"wp:attachment":[{"href":"https:\/\/olemosaic.com\/fr\/wp-json\/wp\/v2\/media?parent=35769"}],"wp:term":[{"taxonomy":"product_brand","embeddable":true,"href":"https:\/\/olemosaic.com\/fr\/wp-json\/wp\/v2\/product_brand?post=35769"},{"taxonomy":"product_cat","embeddable":true,"href":"https:\/\/olemosaic.com\/fr\/wp-json\/wp\/v2\/product_cat?post=35769"},{"taxonomy":"product_tag","embeddable":true,"href":"https:\/\/olemosaic.com\/fr\/wp-json\/wp\/v2\/product_tag?post=35769"}],"curies":[{"name":"wp","href":"https:\/\/api.w.org\/{rel}","templated":true}]}}