{"id":35762,"date":"2025-02-20T22:37:43","date_gmt":"2025-02-20T22:37:43","guid":{"rendered":"http:\/\/olemosaic.com\/producto\/iman-de-ceramica-sardinas-bilbao-azul\/"},"modified":"2025-07-25T18:44:24","modified_gmt":"2025-07-25T16:44:24","slug":"aimant-en-ceramique-sardines-bilbao-bleu","status":"publish","type":"product","link":"https:\/\/olemosaic.com\/fr\/produit\/aimant-en-ceramique-sardines-bilbao-bleu\/","title":{"rendered":"Aimant en c\u00e9ramique. Sardines. Bilbao. Bleu."},"content":{"rendered":"<p>Aimant en c\u00e9ramique en forme de sardine, repr\u00e9sentant la tradition de p\u00eache de Bilbao. Ce souvenir original se distingue par sa couleur bleue vibrante et ses motifs d\u00e9coratifs complexes, qui combinent des \u00e9l\u00e9ments culturels avec un design moderne. Fabriqu\u00e9 en c\u00e9ramique de haute qualit\u00e9, cet aimant perdure comme symbole du riche h\u00e9ritage maritime basque. La sardine, \u00e9l\u00e9ment essentiel de la gastronomie locale, \u00e9voque la vitalit\u00e9 de la c\u00f4te de Bilbao et sa connexion historique avec la p\u00eache.<\/p>\n<p>L&rsquo;aimant pr\u00e9sente un magnifique ton bleu profond, orn\u00e9 de designs \u00e9labor\u00e9s qui refl\u00e8tent l&rsquo;art populaire de la r\u00e9gion. Sur un c\u00f4t\u00e9, le texte \u00ab\u00a0BILBAO\u00a0\u00bb est imprim\u00e9 en couleurs brillantes, apportant un dynamisme qui attire l&rsquo;attention. Ce d\u00e9tail rehausse non seulement sa valeur en tant que souvenir, mais permet \u00e9galement \u00e0 ceux qui le poss\u00e8dent de se rem\u00e9morer leur visite dans cette ville embl\u00e9matique du Pays Basque.<\/p>\n<p>Dans le cadre de l&rsquo;offre d&rsquo;Ol\u00e9 Mosaic, cet aimant de sardine est une excellente option pour les boutiques de souvenirs souhaitant offrir \u00e0 leurs clients un souvenir authentique et significatif de Bilbao. Sa qualit\u00e9 artisanale et son design attrayant en font un cadeau parfait pour ceux qui cherchent \u00e0 ramener un morceau de la culture basque chez eux. Avec cet aimant, les touristes peuvent ajouter une touche de tradition \u00e0 leurs espaces, en faisant un article de collection pr\u00e9cieux.<\/p>\n","protected":false},"excerpt":{"rendered":"<p>Aimant en c\u00e9ramique en forme de sardine, repr\u00e9sentant la tradition de p\u00eache de Bilbao. Ce souvenir original se distingue par sa couleur bleue vibrante et ses motifs d\u00e9coratifs complexes, fusionnant des \u00e9l\u00e9ments culturels avec un design moderne. Avec l&rsquo;inscription \u00ab\u00a0BILBAO\u00a0\u00bb imprim\u00e9e, cet aimant est parfait pour ajouter une touche du riche h\u00e9ritage basque \u00e0 n&rsquo;importe quel espace, capturant l&rsquo;essence maritime de la r\u00e9gion.<\/p>\n","protected":false},"featured_media":13972,"template":"","meta":{"_acf_changed":false},"product_brand":[],"product_cat":[697],"product_tag":[530,585],"class_list":{"0":"post-35762","1":"product","2":"type-product","3":"status-publish","4":"has-post-thumbnail","6":"product_cat-aimants","7":"product_tag-animaux","8":"product_tag-ceramique","9":"pa_ciudad-bilbao","10":"pa_motivo-sardines","11":"pa_pais-espana","13":"first","14":"instock","15":"shipping-taxable","16":"product-type-simple"},"acf":[],"_links":{"self":[{"href":"https:\/\/olemosaic.com\/fr\/wp-json\/wp\/v2\/product\/35762","targetHints":{"allow":["GET"]}}],"collection":[{"href":"https:\/\/olemosaic.com\/fr\/wp-json\/wp\/v2\/product"}],"about":[{"href":"https:\/\/olemosaic.com\/fr\/wp-json\/wp\/v2\/types\/product"}],"wp:featuredmedia":[{"embeddable":true,"href":"https:\/\/olemosaic.com\/fr\/wp-json\/wp\/v2\/media\/13972"}],"wp:attachment":[{"href":"https:\/\/olemosaic.com\/fr\/wp-json\/wp\/v2\/media?parent=35762"}],"wp:term":[{"taxonomy":"product_brand","embeddable":true,"href":"https:\/\/olemosaic.com\/fr\/wp-json\/wp\/v2\/product_brand?post=35762"},{"taxonomy":"product_cat","embeddable":true,"href":"https:\/\/olemosaic.com\/fr\/wp-json\/wp\/v2\/product_cat?post=35762"},{"taxonomy":"product_tag","embeddable":true,"href":"https:\/\/olemosaic.com\/fr\/wp-json\/wp\/v2\/product_tag?post=35762"}],"curies":[{"name":"wp","href":"https:\/\/api.w.org\/{rel}","templated":true}]}}