{"id":35761,"date":"2025-02-20T22:37:43","date_gmt":"2025-02-20T22:37:43","guid":{"rendered":"http:\/\/olemosaic.com\/producto\/iman-de-ceramica-sardina-santander-verde\/"},"modified":"2025-07-25T18:46:45","modified_gmt":"2025-07-25T16:46:45","slug":"aimant-en-ceramique-sardine-santander-vert","status":"publish","type":"product","link":"https:\/\/olemosaic.com\/fr\/produit\/aimant-en-ceramique-sardine-santander-vert\/","title":{"rendered":"Aimant en c\u00e9ramique. Sardine. Santander. Vert."},"content":{"rendered":"<p>Aimant en c\u00e9ramique en forme de sardine de Santander<\/p>\n<p>Cet aimant en c\u00e9ramique color\u00e9 en forme de sardine est une repr\u00e9sentation vibrante de la riche tradition de p\u00eache de Santander. Avec un design d\u00e9coratif combinant des tons verts et bleus, l&rsquo;aimant capture l&rsquo;essence de la mer Cantabrique et devient un souvenir parfait de l&rsquo;une des villes les plus embl\u00e9matiques du nord de l&rsquo;Espagne. L&rsquo;illustration pr\u00e9sente des motifs stylis\u00e9s \u00e9voquant les vagues de la mer et les magnifiques c\u00e9ramiques traditionnelles de la r\u00e9gion, lui donnant une touche artistique et culturelle qui ravira ceux qui le contemplent. Au centre, le mot \u00ab\u00a0Santander\u00a0\u00bb se d\u00e9tache en lettres vibrantes, garantissant que le souvenir soit visuellement attrayant et facile \u00e0 identifier. Cet aimant n&rsquo;est pas seulement fonctionnel, car il adh\u00e8re parfaitement \u00e0 toute surface m\u00e9tallique, mais il agit \u00e9galement comme un \u00e9l\u00e9ment d\u00e9coratif qui \u00e9gaye n&rsquo;importe quel espace. C&rsquo;est le souvenir id\u00e9al pour les touristes \u00e0 la recherche d&rsquo;un morceau authentique de la culture cantabrique. Chez Ol\u00e9 Mosaic, nous distribuons ces souvenirs en c\u00e9ramique en gros, offrant aux boutiques de cadeaux touristiques des produits repr\u00e9sentatifs et charg\u00e9s d&rsquo;histoire, parfaits pour capturer l&rsquo;essence de Santander.<\/p>\n","protected":false},"excerpt":{"rendered":"<p>Aimant en c\u00e9ramique en forme de sardine, repr\u00e9sentant la riche tradition de p\u00eache de Santander. Cet aimant color\u00e9, dans les tons verts et bleus, pr\u00e9sente un design d\u00e9coratif avec des motifs stylis\u00e9s \u00e9voquant la culture locale. Le mot \u00ab\u00a0Santander\u00a0\u00bb est imprim\u00e9 en lettres vibrantes, faisant de cet aimant un souvenir attrayant. Id\u00e9al pour toute surface m\u00e9tallique, il combine fonctionnalit\u00e9 et une touche artistique du nord de l&rsquo;Espagne.<\/p>\n","protected":false},"featured_media":13971,"template":"","meta":{"_acf_changed":false},"product_brand":[],"product_cat":[697],"product_tag":[530,585],"class_list":{"0":"post-35761","1":"product","2":"type-product","3":"status-publish","4":"has-post-thumbnail","6":"product_cat-aimants","7":"product_tag-animaux","8":"product_tag-ceramique","9":"pa_ciudad-santander","10":"pa_motivo-sardines","11":"pa_pais-espana","13":"first","14":"instock","15":"shipping-taxable","16":"product-type-simple"},"acf":[],"_links":{"self":[{"href":"https:\/\/olemosaic.com\/fr\/wp-json\/wp\/v2\/product\/35761","targetHints":{"allow":["GET"]}}],"collection":[{"href":"https:\/\/olemosaic.com\/fr\/wp-json\/wp\/v2\/product"}],"about":[{"href":"https:\/\/olemosaic.com\/fr\/wp-json\/wp\/v2\/types\/product"}],"wp:featuredmedia":[{"embeddable":true,"href":"https:\/\/olemosaic.com\/fr\/wp-json\/wp\/v2\/media\/13971"}],"wp:attachment":[{"href":"https:\/\/olemosaic.com\/fr\/wp-json\/wp\/v2\/media?parent=35761"}],"wp:term":[{"taxonomy":"product_brand","embeddable":true,"href":"https:\/\/olemosaic.com\/fr\/wp-json\/wp\/v2\/product_brand?post=35761"},{"taxonomy":"product_cat","embeddable":true,"href":"https:\/\/olemosaic.com\/fr\/wp-json\/wp\/v2\/product_cat?post=35761"},{"taxonomy":"product_tag","embeddable":true,"href":"https:\/\/olemosaic.com\/fr\/wp-json\/wp\/v2\/product_tag?post=35761"}],"curies":[{"name":"wp","href":"https:\/\/api.w.org\/{rel}","templated":true}]}}