{"id":35759,"date":"2025-02-20T22:37:42","date_gmt":"2025-02-20T22:37:42","guid":{"rendered":"http:\/\/olemosaic.com\/producto\/iman-de-ceramica-sardinas-mallorca-azul\/"},"modified":"2025-07-25T19:42:09","modified_gmt":"2025-07-25T17:42:09","slug":"aimant-en-ceramique-sardines-majorque-bleu","status":"publish","type":"product","link":"https:\/\/olemosaic.com\/fr\/produit\/aimant-en-ceramique-sardines-majorque-bleu\/","title":{"rendered":"Aimant en c\u00e9ramique. Sardines. Majorque. Bleu."},"content":{"rendered":"<p>Cet aimant en c\u00e9ramique en forme de sardine est un charmant souvenir de Majorque qui capture l&rsquo;essence c\u00f4ti\u00e8re de l&rsquo;\u00eele bal\u00e9are. Son design vibrant dans les tons bleus est orn\u00e9 de motifs d\u00e9coratifs complexes qui \u00e9voquent la riche tradition maritime de la r\u00e9gion. La sardine, symbole du mode de vie m\u00e9diterran\u00e9en, pr\u00e9sente une finition brillante et d\u00e9taill\u00e9e, soulignant sa forme stylis\u00e9e et un coloris rappelant les vagues de la mer. Sur l&rsquo;un de ses c\u00f4t\u00e9s, le mot \u00ab\u00a0MALLORCA\u00a0\u00bb appara\u00eet en lettres brillantes, ajoutant une touche festive et reconnaissable qui ravira tout visiteur.<\/p>\n<p>Cet aimant n&rsquo;est pas seulement un accessoire pratique pour garder des notes ou des souvenirs en vue, mais il repr\u00e9sente aussi un beau souvenir de la culture locale. La sardine est devenue une ic\u00f4ne de la gastronomie et de la vie sur la c\u00f4te, refl\u00e9tant l&rsquo;influence de la mer sur l&rsquo;identit\u00e9 de Majorque. Chez Ol\u00e9 Mosaic, sp\u00e9cialistes de la distribution de souvenirs en gros, nous proposons cet attrayant aimant en c\u00e9ramique comme une excellente option pour les cadeaux touristiques et les collections. Son authenticit\u00e9 et sa connexion avec la vie insulaire en font un souvenir parfait pour ceux qui souhaitent ramener un morceau de la M\u00e9diterran\u00e9e chez eux.<\/p>\n","protected":false},"excerpt":{"rendered":"<p>Aimant en c\u00e9ramique en forme de sardine, repr\u00e9sentant l&rsquo;essence c\u00f4ti\u00e8re de Majorque. Cet aimant color\u00e9 pr\u00e9sente un design bleu vibrant avec des motifs d\u00e9coratifs complexes et le mot \u00ab\u00a0MALLORCA\u00a0\u00bb en lettres brillantes. Les d\u00e9tails artistiques \u00e9voquent la riche tradition maritime de l&rsquo;\u00eele, en faisant un souvenir parfait qui capture la beaut\u00e9 de la mer M\u00e9diterran\u00e9e et de la culture locale. Une touche charmante pour toute collection de souvenirs.<\/p>\n","protected":false},"featured_media":12114,"template":"","meta":{"_acf_changed":false},"product_brand":[],"product_cat":[697],"product_tag":[530,585],"class_list":{"0":"post-35759","1":"product","2":"type-product","3":"status-publish","4":"has-post-thumbnail","6":"product_cat-aimants","7":"product_tag-animaux","8":"product_tag-ceramique","9":"pa_ciudad-mallorca","10":"pa_motivo-sardines","11":"pa_pais-espana","13":"first","14":"instock","15":"shipping-taxable","16":"product-type-simple"},"acf":[],"_links":{"self":[{"href":"https:\/\/olemosaic.com\/fr\/wp-json\/wp\/v2\/product\/35759","targetHints":{"allow":["GET"]}}],"collection":[{"href":"https:\/\/olemosaic.com\/fr\/wp-json\/wp\/v2\/product"}],"about":[{"href":"https:\/\/olemosaic.com\/fr\/wp-json\/wp\/v2\/types\/product"}],"wp:featuredmedia":[{"embeddable":true,"href":"https:\/\/olemosaic.com\/fr\/wp-json\/wp\/v2\/media\/12114"}],"wp:attachment":[{"href":"https:\/\/olemosaic.com\/fr\/wp-json\/wp\/v2\/media?parent=35759"}],"wp:term":[{"taxonomy":"product_brand","embeddable":true,"href":"https:\/\/olemosaic.com\/fr\/wp-json\/wp\/v2\/product_brand?post=35759"},{"taxonomy":"product_cat","embeddable":true,"href":"https:\/\/olemosaic.com\/fr\/wp-json\/wp\/v2\/product_cat?post=35759"},{"taxonomy":"product_tag","embeddable":true,"href":"https:\/\/olemosaic.com\/fr\/wp-json\/wp\/v2\/product_tag?post=35759"}],"curies":[{"name":"wp","href":"https:\/\/api.w.org\/{rel}","templated":true}]}}