{"id":35737,"date":"2025-02-20T23:37:42","date_gmt":"2025-02-20T22:37:42","guid":{"rendered":"http:\/\/olemosaic.com\/producto\/iman-de-ceramica-sardinas-alicante-multicolor\/"},"modified":"2025-07-25T19:13:49","modified_gmt":"2025-07-25T17:13:49","slug":"aimant-ceramique-sardines-alicante-multicolore","status":"publish","type":"product","link":"https:\/\/olemosaic.com\/fr\/produit\/aimant-ceramique-sardines-alicante-multicolore\/","title":{"rendered":"Aimant en c\u00e9ramique. Sardines. Alicante. Multicolore."},"content":{"rendered":"<p>Cet aimant en c\u00e9ramique en forme de sardine capture l&rsquo;essence de la mer d&rsquo;Alicante avec un design vibrant et joyeux. Peint \u00e0 la main, il se distingue par ses tons intenses de jaune, orange, rouge et bleu, qui \u00e9voquent la chaleur du climat m\u00e9diterran\u00e9en et la riche tradition marine de la r\u00e9gion. Le design \u00e9l\u00e9gant des \u00e9cailles n&rsquo;ajoute pas seulement une touche artistique, mais symbolise \u00e9galement le lien d&rsquo;Alicante avec la culture de la p\u00eache, o\u00f9 la sardine est un \u00e9l\u00e9ment repr\u00e9sentatif de sa gastronomie et de sa vie locale.<\/p>\n<p>Au centre de la sardine, le mot \u00ab\u00a0Alicante\u00a0\u00bb est pr\u00e9sent\u00e9 en lettres frappantes, faisant de cet aimant un souvenir incontournable pour ceux qui visitent cette charmante ville c\u00f4ti\u00e8re. Sa forme distinctive et ses couleurs en font une d\u00e9coration parfaite pour toute surface m\u00e9tallique, que ce soit sur le r\u00e9frig\u00e9rateur de la maison ou au bureau, rappelant toujours la beaut\u00e9 et le charme d&rsquo;Alicante.<\/p>\n<p>Chez Ol\u00e9 Mosaic, nous proposons cet aimant de sardine comme un souvenir authentique qui souligne l&rsquo;identit\u00e9 culturelle de la r\u00e9gion. Id\u00e9al pour les touristes \u00e0 la recherche de souvenirs repr\u00e9sentatifs, cet article est une excellente option pour les boutiques de cadeaux touristiques qui souhaitent offrir des produits de qualit\u00e9, artisanaux et d&rsquo;une grande pertinence culturelle. En tant que grossistes en aimants, nous garantissons que chaque pi\u00e8ce refl\u00e8te l&rsquo;authenticit\u00e9 et l&rsquo;esprit de l&rsquo;Espagne.<\/p>\n","protected":false},"excerpt":{"rendered":"<p>Aimant en c\u00e9ramique en forme de sardine, repr\u00e9sentant l&rsquo;esprit marin d&rsquo;Alicante. Cet aimant color\u00e9, au design artisanal et peint \u00e0 la main, se distingue par ses tons vibrants de jaune, orange, rouge et bleu, avec un design d&rsquo;\u00e9cailles tr\u00e8s attrayant qui lui donne une touche artistique. La pi\u00e8ce comprend le mot \u00ab\u00a0Alicante\u00a0\u00bb en lettres frappantes, ce qui en fait un excellent souvenir de cette charmante ville c\u00f4ti\u00e8re et un \u00e9l\u00e9ment d\u00e9coratif joyeux pour toute surface m\u00e9tallique.<\/p>\n","protected":false},"featured_media":13968,"template":"","meta":{"_acf_changed":false},"product_brand":[],"product_cat":[697],"product_tag":[530,585],"class_list":{"0":"post-35737","1":"product","2":"type-product","3":"status-publish","4":"has-post-thumbnail","6":"product_cat-aimants","7":"product_tag-animaux","8":"product_tag-ceramique","9":"pa_ciudad-alicante","10":"pa_motivo-sardines","11":"pa_pais-espana","13":"first","14":"instock","15":"shipping-taxable","16":"product-type-simple"},"acf":[],"_links":{"self":[{"href":"https:\/\/olemosaic.com\/fr\/wp-json\/wp\/v2\/product\/35737","targetHints":{"allow":["GET"]}}],"collection":[{"href":"https:\/\/olemosaic.com\/fr\/wp-json\/wp\/v2\/product"}],"about":[{"href":"https:\/\/olemosaic.com\/fr\/wp-json\/wp\/v2\/types\/product"}],"wp:featuredmedia":[{"embeddable":true,"href":"https:\/\/olemosaic.com\/fr\/wp-json\/wp\/v2\/media\/13968"}],"wp:attachment":[{"href":"https:\/\/olemosaic.com\/fr\/wp-json\/wp\/v2\/media?parent=35737"}],"wp:term":[{"taxonomy":"product_brand","embeddable":true,"href":"https:\/\/olemosaic.com\/fr\/wp-json\/wp\/v2\/product_brand?post=35737"},{"taxonomy":"product_cat","embeddable":true,"href":"https:\/\/olemosaic.com\/fr\/wp-json\/wp\/v2\/product_cat?post=35737"},{"taxonomy":"product_tag","embeddable":true,"href":"https:\/\/olemosaic.com\/fr\/wp-json\/wp\/v2\/product_tag?post=35737"}],"curies":[{"name":"wp","href":"https:\/\/api.w.org\/{rel}","templated":true}]}}