{"id":35736,"date":"2025-02-20T22:37:42","date_gmt":"2025-02-20T22:37:42","guid":{"rendered":"http:\/\/olemosaic.com\/producto\/iman-de-ceramica-sardinas-alicante-naranja\/"},"modified":"2025-07-25T19:07:53","modified_gmt":"2025-07-25T17:07:53","slug":"aimant-ceramique-sardines-alicante-orange","status":"publish","type":"product","link":"https:\/\/olemosaic.com\/fr\/produit\/aimant-ceramique-sardines-alicante-orange\/","title":{"rendered":"Aimant en c\u00e9ramique. Sardines. Alicante. Orange."},"content":{"rendered":"<p>Aimant en c\u00e9ramique en forme de sardine d&rsquo;Alicante. Cet aimant color\u00e9 est un reflet authentique du charme m\u00e9diterran\u00e9en de la r\u00e9gion, avec un design vibrant combinant des tons orange et bleu, \u00e9voquant les motifs c\u00e9ramiques traditionnels si repr\u00e9sentatifs de la culture locale. L&rsquo;illustration de la sardine, symbole important de la gastronomie et du folklore d&rsquo;Alicante, est orn\u00e9e de d\u00e9tails complexes qui ajoutent de la profondeur et une touche artistique \u00e0 la pi\u00e8ce. Le texte \u00ab\u00a0Alicante\u00a0\u00bb appara\u00eet dans un style amusant, faisant de cet aimant un souvenir charmant qui souligne l&rsquo;essence joyeuse de la ville. Id\u00e9al pour les amoureux de la culture espagnole, cet aimant embellira non seulement n&rsquo;importe quel r\u00e9frig\u00e9rateur, mais servira \u00e9galement de rappel agr\u00e9able des vacances dans cette belle ville c\u00f4ti\u00e8re. Chez Ol\u00e9 Mosaic, nous nous sp\u00e9cialisons dans la distribution en gros de souvenirs en c\u00e9ramique authentiques et de qualit\u00e9, comme cet aimant de sardine, qui ravira vos clients dans les boutiques de cadeaux touristiques. Apportez une touche d&rsquo;Alicante \u00e0 chaque foyer et c\u00e9l\u00e9brez la riche tradition culturelle de cette r\u00e9gion.<\/p>\n","protected":false},"excerpt":{"rendered":"<p>Aimant en c\u00e9ramique en forme de sardine, repr\u00e9sentant le charme d&rsquo;Alicante. Cet aimant color\u00e9 se distingue par son design vibrant dans les tons orange et bleu, avec des d\u00e9tails d\u00e9coratifs \u00e9voquant les motifs c\u00e9ramiques traditionnels de la r\u00e9gion. Avec le mot \u00ab\u00a0Alicante\u00a0\u00bb \u00e9crit dans un style d\u00e9contract\u00e9, c&rsquo;est un souvenir parfait qui capture l&rsquo;essence du folklore local et apportera une touche m\u00e9diterran\u00e9enne \u00e0 n&rsquo;importe quel r\u00e9frig\u00e9rateur. Id\u00e9al pour les amoureux de la culture espagnole.<\/p>\n","protected":false},"featured_media":13967,"template":"","meta":{"_acf_changed":false},"product_brand":[],"product_cat":[697],"product_tag":[530,585],"class_list":{"0":"post-35736","1":"product","2":"type-product","3":"status-publish","4":"has-post-thumbnail","6":"product_cat-aimants","7":"product_tag-animaux","8":"product_tag-ceramique","9":"pa_ciudad-alicante","10":"pa_motivo-sardines","11":"pa_pais-espana","13":"first","14":"instock","15":"shipping-taxable","16":"product-type-simple"},"acf":[],"_links":{"self":[{"href":"https:\/\/olemosaic.com\/fr\/wp-json\/wp\/v2\/product\/35736","targetHints":{"allow":["GET"]}}],"collection":[{"href":"https:\/\/olemosaic.com\/fr\/wp-json\/wp\/v2\/product"}],"about":[{"href":"https:\/\/olemosaic.com\/fr\/wp-json\/wp\/v2\/types\/product"}],"wp:featuredmedia":[{"embeddable":true,"href":"https:\/\/olemosaic.com\/fr\/wp-json\/wp\/v2\/media\/13967"}],"wp:attachment":[{"href":"https:\/\/olemosaic.com\/fr\/wp-json\/wp\/v2\/media?parent=35736"}],"wp:term":[{"taxonomy":"product_brand","embeddable":true,"href":"https:\/\/olemosaic.com\/fr\/wp-json\/wp\/v2\/product_brand?post=35736"},{"taxonomy":"product_cat","embeddable":true,"href":"https:\/\/olemosaic.com\/fr\/wp-json\/wp\/v2\/product_cat?post=35736"},{"taxonomy":"product_tag","embeddable":true,"href":"https:\/\/olemosaic.com\/fr\/wp-json\/wp\/v2\/product_tag?post=35736"}],"curies":[{"name":"wp","href":"https:\/\/api.w.org\/{rel}","templated":true}]}}