{"id":35734,"date":"2025-02-20T22:37:42","date_gmt":"2025-02-20T22:37:42","guid":{"rendered":"http:\/\/olemosaic.com\/producto\/iman-de-ceramica-sardinas-valencia-multicolor\/"},"modified":"2025-07-25T23:21:19","modified_gmt":"2025-07-25T21:21:19","slug":"aimant-ceramique-sardines-valence-multicolore","status":"publish","type":"product","link":"https:\/\/olemosaic.com\/fr\/produit\/aimant-ceramique-sardines-valence-multicolore\/","title":{"rendered":"Aimant en c\u00e9ramique. Sardines. Valence. Multicolore."},"content":{"rendered":"<p>Cet aimant en c\u00e9ramique en forme de sardine est un authentique souvenir de Valence, con\u00e7u pour capturer l&rsquo;essence de la riche tradition de p\u00eache de la r\u00e9gion. Avec un design vibrant et color\u00e9, cet aimant pr\u00e9sente des \u00e9cailles dans une palette de tons jaunes, oranges, rouges, bleus et verts, qui ajoutent une touche joyeuse et lumineuse \u00e0 toute surface m\u00e9tallique, comme les r\u00e9frig\u00e9rateurs ou les tableaux magn\u00e9tiques. La forme stylis\u00e9e de la sardine, symbole embl\u00e9matique de la gastronomie et de la culture valencienne, est d\u00e9cor\u00e9e du mot \u00ab\u00a0VALENCE\u00a0\u00bb dans un style amusant, ce qui en fait une pi\u00e8ce facilement reconnaissable et attachante.<\/p>\n<p>Cet aimant n&rsquo;est pas seulement un objet d\u00e9coratif, mais il repr\u00e9sente \u00e9galement la fiert\u00e9 locale et la vitalit\u00e9 du littoral valencien, o\u00f9 la p\u00eache et la cuisine m\u00e9diterran\u00e9enne sont fondamentales dans la vie quotidienne. C&rsquo;est un souvenir id\u00e9al pour les touristes qui cherchent \u00e0 emporter un petit morceau de Valence, soulignant son lien avec la culture gastronomique et la mer qui entoure la ville.<\/p>\n<p>Chez Ol\u00e9 Mosaic, nous proposons des souvenirs en c\u00e9ramique authentiques et repr\u00e9sentatifs, et cet aimant de sardine est une option parfaite pour les boutiques de cadeaux touristiques qui souhaitent offrir des produits de qualit\u00e9 et porteurs de sens. Avec son originalit\u00e9 et son attrait visuel, cet aimant de sardine valencienne est une excellente id\u00e9e pour ceux qui recherchent un souvenir typique et culturellement pertinent.<\/p>\n","protected":false},"excerpt":{"rendered":"<p>Aimant en c\u00e9ramique en forme de sardine, inspir\u00e9 de la tradition de p\u00eache de Valence. Cet aimant color\u00e9 pr\u00e9sente un design multicolore avec des \u00e9cailles dans des tons jaunes, oranges, rouges, bleus et verts, ajoutant une touche vibrante \u00e0 toute surface m\u00e9tallique. D\u00e9cor\u00e9 du mot \u00ab\u00a0VALENCE\u00a0\u00bb, c&rsquo;est le souvenir parfait pour capturer l&rsquo;essence du littoral valencien et de sa riche culture gastronomique.<\/p>\n","protected":false},"featured_media":12106,"template":"","meta":{"_acf_changed":false},"product_brand":[],"product_cat":[697],"product_tag":[530,585],"class_list":{"0":"post-35734","1":"product","2":"type-product","3":"status-publish","4":"has-post-thumbnail","6":"product_cat-aimants","7":"product_tag-animaux","8":"product_tag-ceramique","9":"pa_ciudad-valencia","10":"pa_motivo-sardines","11":"pa_pais-espana","13":"first","14":"instock","15":"shipping-taxable","16":"product-type-simple"},"acf":[],"_links":{"self":[{"href":"https:\/\/olemosaic.com\/fr\/wp-json\/wp\/v2\/product\/35734","targetHints":{"allow":["GET"]}}],"collection":[{"href":"https:\/\/olemosaic.com\/fr\/wp-json\/wp\/v2\/product"}],"about":[{"href":"https:\/\/olemosaic.com\/fr\/wp-json\/wp\/v2\/types\/product"}],"wp:featuredmedia":[{"embeddable":true,"href":"https:\/\/olemosaic.com\/fr\/wp-json\/wp\/v2\/media\/12106"}],"wp:attachment":[{"href":"https:\/\/olemosaic.com\/fr\/wp-json\/wp\/v2\/media?parent=35734"}],"wp:term":[{"taxonomy":"product_brand","embeddable":true,"href":"https:\/\/olemosaic.com\/fr\/wp-json\/wp\/v2\/product_brand?post=35734"},{"taxonomy":"product_cat","embeddable":true,"href":"https:\/\/olemosaic.com\/fr\/wp-json\/wp\/v2\/product_cat?post=35734"},{"taxonomy":"product_tag","embeddable":true,"href":"https:\/\/olemosaic.com\/fr\/wp-json\/wp\/v2\/product_tag?post=35734"}],"curies":[{"name":"wp","href":"https:\/\/api.w.org\/{rel}","templated":true}]}}