{"id":35728,"date":"2025-02-20T22:37:41","date_gmt":"2025-02-20T22:37:41","guid":{"rendered":"http:\/\/olemosaic.com\/producto\/iman-de-ceramica-sardinas-valencia-naranja\/"},"modified":"2025-07-25T18:39:53","modified_gmt":"2025-07-25T16:39:53","slug":"aimant-en-ceramique-sardines-valence-orange","status":"publish","type":"product","link":"https:\/\/olemosaic.com\/fr\/produit\/aimant-en-ceramique-sardines-valence-orange\/","title":{"rendered":"Aimant en c\u00e9ramique. Sardines. Valence. Orange."},"content":{"rendered":"<p>Aimant en c\u00e9ramique en forme de sardine de Valence, un souvenir vibrant qui capture l&rsquo;essence de la tradition culinaire de la c\u00f4te m\u00e9diterran\u00e9enne. Cet aimant color\u00e9 se distingue par son design joyeux dans les tons orange et bleu, qui \u00e9voquent la chaleur et la vitalit\u00e9 de la r\u00e9gion. Avec un motif d\u00e9coratif rappelant les azulejos traditionnels valenciens, la sardine pr\u00e9sente le nom \u00ab\u00a0Valencia\u00a0\u00bb sur son c\u00f4t\u00e9, avec une typographie festive, faisant un clin d&rsquo;\u0153il \u00e0 sa c\u00e9l\u00e8bre gastronomie de p\u00eache. La c\u00e9ramique, un mat\u00e9riau repr\u00e9sentatif dans de nombreux foyers valenciens, assure l&rsquo;authenticit\u00e9 et la haute qualit\u00e9 de ce produit, parfait pour les amoureux de la culture locale.<\/p>\n<p>Cet aimant n&rsquo;est pas seulement un excellent moyen d&rsquo;ajouter une touche festive \u00e0 n&rsquo;importe quelle surface m\u00e9tallique, mais il fonctionne \u00e9galement comme un charmant souvenir de la vie marine vibrante de Valence. Il repr\u00e9sente un morceau d&rsquo;histoire et de tradition, id\u00e9al pour les touristes \u00e0 la recherche d&rsquo;un souvenir qui refl\u00e8te l&rsquo;authenticit\u00e9 de leur voyage. Chez Ol\u00e9 Mosaic, en tant que grossistes de souvenirs, nous garantissons que cet aimant est un produit unique qui se d\u00e9marquera dans n&rsquo;importe quelle boutique de cadeaux touristiques, attirant l&rsquo;attention de ceux qui recherchent un souvenir color\u00e9 et culturel de Valence.<\/p>\n","protected":false},"excerpt":{"rendered":"<p>Aimant en c\u00e9ramique en forme de sardine, inspir\u00e9 par la tradition culinaire valencienne. Cet aimant color\u00e9 pr\u00e9sente un design vibrant dans les tons orange et bleu, avec des motifs d\u00e9coratifs \u00e9voquant la culture locale. Sur un c\u00f4t\u00e9, le mot \u00ab\u00a0Valencia\u00a0\u00bb se distingue par une typographie joyeuse, faisant r\u00e9f\u00e9rence \u00e0 la gastronomie fascinante de la r\u00e9gion. Parfait pour donner une touche festive \u00e0 toute surface m\u00e9tallique, ce souvenir est un rappel charmant de la c\u00f4te m\u00e9diterran\u00e9enne.<\/p>\n","protected":false},"featured_media":12108,"template":"","meta":{"_acf_changed":false},"product_brand":[],"product_cat":[697],"product_tag":[530,585],"class_list":{"0":"post-35728","1":"product","2":"type-product","3":"status-publish","4":"has-post-thumbnail","6":"product_cat-aimants","7":"product_tag-animaux","8":"product_tag-ceramique","9":"pa_ciudad-valencia","10":"pa_motivo-sardines","11":"pa_pais-espana","13":"first","14":"instock","15":"shipping-taxable","16":"product-type-simple"},"acf":[],"_links":{"self":[{"href":"https:\/\/olemosaic.com\/fr\/wp-json\/wp\/v2\/product\/35728","targetHints":{"allow":["GET"]}}],"collection":[{"href":"https:\/\/olemosaic.com\/fr\/wp-json\/wp\/v2\/product"}],"about":[{"href":"https:\/\/olemosaic.com\/fr\/wp-json\/wp\/v2\/types\/product"}],"wp:featuredmedia":[{"embeddable":true,"href":"https:\/\/olemosaic.com\/fr\/wp-json\/wp\/v2\/media\/12108"}],"wp:attachment":[{"href":"https:\/\/olemosaic.com\/fr\/wp-json\/wp\/v2\/media?parent=35728"}],"wp:term":[{"taxonomy":"product_brand","embeddable":true,"href":"https:\/\/olemosaic.com\/fr\/wp-json\/wp\/v2\/product_brand?post=35728"},{"taxonomy":"product_cat","embeddable":true,"href":"https:\/\/olemosaic.com\/fr\/wp-json\/wp\/v2\/product_cat?post=35728"},{"taxonomy":"product_tag","embeddable":true,"href":"https:\/\/olemosaic.com\/fr\/wp-json\/wp\/v2\/product_tag?post=35728"}],"curies":[{"name":"wp","href":"https:\/\/api.w.org\/{rel}","templated":true}]}}