{"id":35727,"date":"2025-02-20T23:37:41","date_gmt":"2025-02-20T22:37:41","guid":{"rendered":"http:\/\/olemosaic.com\/producto\/iman-de-ceramica-sardina-bilbao-verde\/"},"modified":"2025-07-25T18:44:22","modified_gmt":"2025-07-25T16:44:22","slug":"aimant-en-ceramique-sardine-bilbao-vert","status":"publish","type":"product","link":"https:\/\/olemosaic.com\/fr\/produit\/aimant-en-ceramique-sardine-bilbao-vert\/","title":{"rendered":"Aimant en c\u00e9ramique. Sardine. Bilbao. Vert."},"content":{"rendered":"<p>Cet aimant en c\u00e9ramique en forme de sardine est un souvenir charmant qui capture l&rsquo;essence de la tradition culinaire de Bilbao. Avec un design vibrant dans les tons verts et bleus, il se distingue non seulement par son esth\u00e9tique, mais aussi par le riche h\u00e9ritage culturel qu&rsquo;il repr\u00e9sente. D\u00e9cor\u00e9 de motifs g\u00e9om\u00e9triques et floraux, il \u00e9voque la c\u00e9ramique artisanale typique de la r\u00e9gion, constituant une pi\u00e8ce visuellement attrayante qui apportera une touche de couleur \u00e0 toute surface m\u00e9tallique.<\/p>\n<p>La figure de la sardine est embl\u00e9matique de la gastronomie de Bilbao, c\u00e9l\u00e8bre pour sa fra\u00eecheur et son r\u00f4le dans la d\u00e9licieuse cuisine locale. Le mot \u00ab\u00a0Bilbao\u00a0\u00bb appara\u00eet de mani\u00e8re joyeuse dans le design, ce qui renforce le lien avec cette ville embl\u00e9matique du nord de l&rsquo;Espagne. Cet aimant ne fonctionne pas seulement comme un accessoire d\u00e9coratif pratique, mais devient \u00e9galement un symbole de la chaleur et du caract\u00e8re distinctif de la r\u00e9gion.<\/p>\n<p>Chez Ol\u00e9 Mosaic, nous sommes fiers d&rsquo;offrir des souvenirs authentiques de Bilbao, id\u00e9aux pour les touristes \u00e0 la recherche d&rsquo;un souvenir qui refl\u00e8te la culture locale. Cet aimant en c\u00e9ramique est une excellente option pour les boutiques de cadeaux touristiques souhaitant proposer des produits de qualit\u00e9 et de pertinence culturelle. En tant que distributeurs de souvenirs, nous garantissons l&rsquo;authenticit\u00e9 et le design tr\u00e8s sp\u00e9cial de chaque pi\u00e8ce, assurant une exp\u00e9rience m\u00e9morable pour ceux qui souhaitent emporter un petit morceau de Bilbao chez eux.<\/p>\n","protected":false},"excerpt":{"rendered":"<p>Aimant en c\u00e9ramique en forme de sardine, inspir\u00e9 par la tradition culinaire de Bilbao. Cet aimant color\u00e9 pr\u00e9sente un design vibrant dans les tons verts et bleus, d\u00e9cor\u00e9 de motifs g\u00e9om\u00e9triques et floraux qui \u00e9voquent la c\u00e9ramique artisanale de la r\u00e9gion. Le mot \u00ab\u00a0Bilbao\u00a0\u00bb est imprim\u00e9 dans un style joyeux, soulignant son lien avec la ville embl\u00e9matique du nord de l&rsquo;Espagne. Id\u00e9al pour donner une touche de couleur \u00e0 toute surface m\u00e9tallique.<\/p>\n","protected":false},"featured_media":13965,"template":"","meta":{"_acf_changed":false},"product_brand":[],"product_cat":[697],"product_tag":[530,585],"class_list":{"0":"post-35727","1":"product","2":"type-product","3":"status-publish","4":"has-post-thumbnail","6":"product_cat-aimants","7":"product_tag-animaux","8":"product_tag-ceramique","9":"pa_ciudad-bilbao","10":"pa_motivo-sardines","11":"pa_pais-espana","13":"first","14":"instock","15":"shipping-taxable","16":"product-type-simple"},"acf":[],"_links":{"self":[{"href":"https:\/\/olemosaic.com\/fr\/wp-json\/wp\/v2\/product\/35727","targetHints":{"allow":["GET"]}}],"collection":[{"href":"https:\/\/olemosaic.com\/fr\/wp-json\/wp\/v2\/product"}],"about":[{"href":"https:\/\/olemosaic.com\/fr\/wp-json\/wp\/v2\/types\/product"}],"wp:featuredmedia":[{"embeddable":true,"href":"https:\/\/olemosaic.com\/fr\/wp-json\/wp\/v2\/media\/13965"}],"wp:attachment":[{"href":"https:\/\/olemosaic.com\/fr\/wp-json\/wp\/v2\/media?parent=35727"}],"wp:term":[{"taxonomy":"product_brand","embeddable":true,"href":"https:\/\/olemosaic.com\/fr\/wp-json\/wp\/v2\/product_brand?post=35727"},{"taxonomy":"product_cat","embeddable":true,"href":"https:\/\/olemosaic.com\/fr\/wp-json\/wp\/v2\/product_cat?post=35727"},{"taxonomy":"product_tag","embeddable":true,"href":"https:\/\/olemosaic.com\/fr\/wp-json\/wp\/v2\/product_tag?post=35727"}],"curies":[{"name":"wp","href":"https:\/\/api.w.org\/{rel}","templated":true}]}}