{"id":35726,"date":"2025-02-20T22:37:41","date_gmt":"2025-02-20T22:37:41","guid":{"rendered":"http:\/\/olemosaic.com\/producto\/iman-de-ceramica-sardinas-mallorca-naranja\/"},"modified":"2025-07-25T18:38:58","modified_gmt":"2025-07-25T16:38:58","slug":"aimant-en-ceramique-sardines-majorque-orange","status":"publish","type":"product","link":"https:\/\/olemosaic.com\/fr\/produit\/aimant-en-ceramique-sardines-majorque-orange\/","title":{"rendered":"Aimant en c\u00e9ramique. Sardines. Majorque. Orange."},"content":{"rendered":"<p>Cet aimant en c\u00e9ramique en forme de sardine est un hommage vibrant \u00e0 la tradition bal\u00e9are de Majorque, un souvenir authentique qui capture l&rsquo;essence de la M\u00e9diterran\u00e9e. Fabriqu\u00e9 en c\u00e9ramique de haute qualit\u00e9, cet aimant color\u00e9 pr\u00e9sente un design captivant dans les tons orange et bleu, qui \u00e9voque les couleurs vives des c\u00f4tes majorquines. La sardine, symbole de la riche gastronomie locale, est d\u00e9cor\u00e9e de motifs floraux et g\u00e9om\u00e9triques rappelant la c\u00e9ramique typique de la r\u00e9gion, soulignant ainsi le savoir-faire artisanal qui caract\u00e9rise les produits de Majorque.<\/p>\n<p>Avec le mot \u00ab\u00a0MALLORCA\u00a0\u00bb imprim\u00e9 dans un style frappant, cet aimant n&rsquo;est pas seulement un \u00e9l\u00e9ment d\u00e9coratif attrayant pour le r\u00e9frig\u00e9rateur, mais aussi un souvenir repr\u00e9sentatif de vos exp\u00e9riences sur l&rsquo;\u00eele. Sa forme unique et le travail artistique \u00e9labor\u00e9 font de cet aimant un excellent cadeau pour ceux qui recherchent des souvenirs de haute qualit\u00e9 avec une signification culturelle. Chez Ol\u00e9 Mosaic, en tant que distributeurs de souvenirs en gros, nous proposons ce charmant aimant sardine, id\u00e9al pour les boutiques de cadeaux touristiques qui appr\u00e9cient l&rsquo;authenticit\u00e9 et la beaut\u00e9 des produits locaux. Avec cet aimant en c\u00e9ramique, chaque visiteur peut emporter un petit morceau de la magie de Majorque.<\/p>\n","protected":false},"excerpt":{"rendered":"<p>Aimant en c\u00e9ramique en forme de sardine, inspir\u00e9 par la tradition bal\u00e9are de Majorque. Cet aimant color\u00e9 pr\u00e9sente un design vibrant dans les tons orange et bleu, orn\u00e9 de motifs floraux et g\u00e9om\u00e9triques qui \u00e9voquent la c\u00e9ramique locale. Avec le mot \u00ab\u00a0MALLORCA\u00a0\u00bb imprim\u00e9 dans un style frappant, ce souvenir artisanal capture l&rsquo;essence de la mer M\u00e9diterran\u00e9e et est parfait pour ajouter une touche de couleur au r\u00e9frig\u00e9rateur.<\/p>\n","protected":false},"featured_media":12113,"template":"","meta":{"_acf_changed":false},"product_brand":[],"product_cat":[697],"product_tag":[530,585],"class_list":{"0":"post-35726","1":"product","2":"type-product","3":"status-publish","4":"has-post-thumbnail","6":"product_cat-aimants","7":"product_tag-animaux","8":"product_tag-ceramique","9":"pa_ciudad-mallorca","10":"pa_motivo-sardines","11":"pa_pais-espana","13":"first","14":"instock","15":"shipping-taxable","16":"product-type-simple"},"acf":[],"_links":{"self":[{"href":"https:\/\/olemosaic.com\/fr\/wp-json\/wp\/v2\/product\/35726","targetHints":{"allow":["GET"]}}],"collection":[{"href":"https:\/\/olemosaic.com\/fr\/wp-json\/wp\/v2\/product"}],"about":[{"href":"https:\/\/olemosaic.com\/fr\/wp-json\/wp\/v2\/types\/product"}],"wp:featuredmedia":[{"embeddable":true,"href":"https:\/\/olemosaic.com\/fr\/wp-json\/wp\/v2\/media\/12113"}],"wp:attachment":[{"href":"https:\/\/olemosaic.com\/fr\/wp-json\/wp\/v2\/media?parent=35726"}],"wp:term":[{"taxonomy":"product_brand","embeddable":true,"href":"https:\/\/olemosaic.com\/fr\/wp-json\/wp\/v2\/product_brand?post=35726"},{"taxonomy":"product_cat","embeddable":true,"href":"https:\/\/olemosaic.com\/fr\/wp-json\/wp\/v2\/product_cat?post=35726"},{"taxonomy":"product_tag","embeddable":true,"href":"https:\/\/olemosaic.com\/fr\/wp-json\/wp\/v2\/product_tag?post=35726"}],"curies":[{"name":"wp","href":"https:\/\/api.w.org\/{rel}","templated":true}]}}