{"id":35723,"date":"2025-02-20T22:37:41","date_gmt":"2025-02-20T22:37:41","guid":{"rendered":"http:\/\/olemosaic.com\/producto\/iman-de-ceramica-sardinas-alicante-azul\/"},"modified":"2025-07-25T19:56:52","modified_gmt":"2025-07-25T17:56:52","slug":"aimant-en-ceramique-sardines-alicante-bleu","status":"publish","type":"product","link":"https:\/\/olemosaic.com\/fr\/produit\/aimant-en-ceramique-sardines-alicante-bleu\/","title":{"rendered":"Aimant en c\u00e9ramique. Sardines. Alicante. Bleu."},"content":{"rendered":"<p>Cet aimant en c\u00e9ramique en forme de sardine est un charmant souvenir qui capture l&rsquo;essence d&rsquo;Alicante, un joyau de la M\u00e9diterran\u00e9e. Son design vibrant, dans les tons bleus, nous transporte vers les eaux turquoise qui baignent cette belle ville c\u00f4ti\u00e8re. Les motifs d\u00e9coratifs \u00e9labor\u00e9s qui ornent la surface de l&rsquo;aimant \u00e9voquent les azulejos traditionnels d&rsquo;Alicante, fusionnant l&rsquo;art et la culture dans une pi\u00e8ce unique. Sur l&rsquo;un de ses c\u00f4t\u00e9s, le mot \u00ab\u00a0ALICANTE\u00a0\u00bb brille en lettres multicolores, ajoutant une touche joyeuse qui refl\u00e8te la vitalit\u00e9 et la diversit\u00e9 de cette r\u00e9gion c\u00f4ti\u00e8re.<\/p>\n<p>La sardine, symbole de la riche tradition de p\u00eache d&rsquo;Alicante, fait de cet aimant un souvenir repr\u00e9sentatif de la culture locale. Il est parfait pour les touristes qui souhaitent emporter un morceau du charme m\u00e9diterran\u00e9en chez eux. Avec sa finition brillante et ses d\u00e9tails d\u00e9licatement soign\u00e9s, cet aimant en c\u00e9ramique est non seulement fonctionnel, mais apporte \u00e9galement une valeur d\u00e9corative \u00e0 n&rsquo;importe quel espace.<\/p>\n<p>Chez Ol\u00e9 Mosaic, nous sommes sp\u00e9cialis\u00e9s dans la distribution de souvenirs en gros, et cet aimant sardine est une excellente option pour les boutiques de cadeaux touristiques. Attirez les amoureux de la mer et de la tradition avec ce souvenir authentique d&rsquo;Alicante, qui se distingue comme un beau souvenir culturel et artistique.<\/p>\n","protected":false},"excerpt":{"rendered":"<p>Aimant en c\u00e9ramique en forme de sardine, inspir\u00e9 par la culture d&rsquo;Alicante. Cet aimant color\u00e9 se distingue par son design dans les tons bleus et ses motifs d\u00e9coratifs \u00e9labor\u00e9s, qui \u00e9voquent les carreaux typiques de la r\u00e9gion. Sur un c\u00f4t\u00e9, le mot \u00ab\u00a0ALICANTE\u00a0\u00bb a \u00e9t\u00e9 imprim\u00e9 en lettres multicolores, ajoutant une touche vibrante. Id\u00e9al pour \u00e9voquer les charmes m\u00e9diterran\u00e9ens, cet aimant est un souvenir parfait pour les amoureux de la mer et de la tradition.<\/p>\n","protected":false},"featured_media":13963,"template":"","meta":{"_acf_changed":false},"product_brand":[],"product_cat":[697],"product_tag":[530,585],"class_list":{"0":"post-35723","1":"product","2":"type-product","3":"status-publish","4":"has-post-thumbnail","6":"product_cat-aimants","7":"product_tag-animaux","8":"product_tag-ceramique","9":"pa_ciudad-alicante","10":"pa_motivo-sardines","11":"pa_pais-espana","13":"first","14":"instock","15":"shipping-taxable","16":"product-type-simple"},"acf":[],"_links":{"self":[{"href":"https:\/\/olemosaic.com\/fr\/wp-json\/wp\/v2\/product\/35723","targetHints":{"allow":["GET"]}}],"collection":[{"href":"https:\/\/olemosaic.com\/fr\/wp-json\/wp\/v2\/product"}],"about":[{"href":"https:\/\/olemosaic.com\/fr\/wp-json\/wp\/v2\/types\/product"}],"wp:featuredmedia":[{"embeddable":true,"href":"https:\/\/olemosaic.com\/fr\/wp-json\/wp\/v2\/media\/13963"}],"wp:attachment":[{"href":"https:\/\/olemosaic.com\/fr\/wp-json\/wp\/v2\/media?parent=35723"}],"wp:term":[{"taxonomy":"product_brand","embeddable":true,"href":"https:\/\/olemosaic.com\/fr\/wp-json\/wp\/v2\/product_brand?post=35723"},{"taxonomy":"product_cat","embeddable":true,"href":"https:\/\/olemosaic.com\/fr\/wp-json\/wp\/v2\/product_cat?post=35723"},{"taxonomy":"product_tag","embeddable":true,"href":"https:\/\/olemosaic.com\/fr\/wp-json\/wp\/v2\/product_tag?post=35723"}],"curies":[{"name":"wp","href":"https:\/\/api.w.org\/{rel}","templated":true}]}}