{"id":35707,"date":"2025-02-20T22:37:41","date_gmt":"2025-02-20T22:37:41","guid":{"rendered":"http:\/\/olemosaic.com\/producto\/iman-de-ceramica-sardinas-valencia-azul\/"},"modified":"2025-07-25T18:48:23","modified_gmt":"2025-07-25T16:48:23","slug":"aimant-en-ceramique-sardines-valence-bleu","status":"publish","type":"product","link":"https:\/\/olemosaic.com\/fr\/produit\/aimant-en-ceramique-sardines-valence-bleu\/","title":{"rendered":"Aimant en c\u00e9ramique. Sardines. Valence. Bleu."},"content":{"rendered":"<p>Cet aimant en c\u00e9ramique en forme de sardine est un charmant souvenir qui repr\u00e9sente l&rsquo;essence vibrante de Valence et sa riche culture m\u00e9diterran\u00e9enne. Fabriqu\u00e9 en c\u00e9ramique de haute qualit\u00e9, l&rsquo;aimant pr\u00e9sente un design attrayant dans les tons bleus \u00e9voquant les eaux de la M\u00e9diterran\u00e9e. Sa forme stylis\u00e9e de sardine, symbole traditionnel de la gastronomie valencienne, est orn\u00e9e de d\u00e9tails d\u00e9coratifs complexes qui rendent hommage \u00e0 la c\u00e9ramique artisanale de la r\u00e9gion. Sur l&rsquo;un de ses c\u00f4t\u00e9s, le nom \u00ab\u00a0Valencia\u00a0\u00bb se d\u00e9tache en lettres color\u00e9es, apportant une touche amusante et distinctive.<\/p>\n<p>Cet aimant ne sert pas seulement d&rsquo;accessoire d\u00e9coratif pour les r\u00e9frig\u00e9rateurs et les surfaces m\u00e9talliques, mais il agit \u00e9galement comme un rappel constant de la riche tradition maritime de Valence. C&rsquo;est un souvenir id\u00e9al pour ceux qui souhaitent emporter un petit morceau de cette ville charmante. Chez Ol\u00e9 Mosaic, en tant que grossiste de souvenirs, nous proposons des produits authentiques qui capturent l&rsquo;identit\u00e9 culturelle de l&rsquo;Espagne. Cet aimant de sardine est une excellente option pour les boutiques de cadeaux touristiques cherchant \u00e0 offrir \u00e0 leurs clients des souvenirs authentiques et repr\u00e9sentatifs de Valence et de sa culture m\u00e9diterran\u00e9enne.<\/p>\n","protected":false},"excerpt":{"rendered":"<p>Aimant en c\u00e9ramique en forme de sardine, inspir\u00e9 par la mer M\u00e9diterran\u00e9e et la culture valencienne. Cet aimant attrayant pr\u00e9sente un design bleu vibrant avec des d\u00e9tails d\u00e9coratifs complexes rappelant la c\u00e9ramique traditionnelle de la r\u00e9gion. Avec le mot \u00ab\u00a0Valencia\u00a0\u00bb \u00e9crit en couleurs sur un c\u00f4t\u00e9, ce souvenir capture l&rsquo;essence de la ville, devenant une charmante pi\u00e8ce d\u00e9corative pour tout r\u00e9frig\u00e9rateur ou surface m\u00e9tallique. Il est id\u00e9al pour se souvenir des moments de voyage et de la riche tradition maritime de Valence.<\/p>\n","protected":false},"featured_media":12109,"template":"","meta":{"_acf_changed":false},"product_brand":[],"product_cat":[697],"product_tag":[530,585],"class_list":{"0":"post-35707","1":"product","2":"type-product","3":"status-publish","4":"has-post-thumbnail","6":"product_cat-aimants","7":"product_tag-animaux","8":"product_tag-ceramique","9":"pa_ciudad-valencia","10":"pa_motivo-sardines","11":"pa_pais-espana","13":"first","14":"instock","15":"shipping-taxable","16":"product-type-simple"},"acf":[],"_links":{"self":[{"href":"https:\/\/olemosaic.com\/fr\/wp-json\/wp\/v2\/product\/35707","targetHints":{"allow":["GET"]}}],"collection":[{"href":"https:\/\/olemosaic.com\/fr\/wp-json\/wp\/v2\/product"}],"about":[{"href":"https:\/\/olemosaic.com\/fr\/wp-json\/wp\/v2\/types\/product"}],"wp:featuredmedia":[{"embeddable":true,"href":"https:\/\/olemosaic.com\/fr\/wp-json\/wp\/v2\/media\/12109"}],"wp:attachment":[{"href":"https:\/\/olemosaic.com\/fr\/wp-json\/wp\/v2\/media?parent=35707"}],"wp:term":[{"taxonomy":"product_brand","embeddable":true,"href":"https:\/\/olemosaic.com\/fr\/wp-json\/wp\/v2\/product_brand?post=35707"},{"taxonomy":"product_cat","embeddable":true,"href":"https:\/\/olemosaic.com\/fr\/wp-json\/wp\/v2\/product_cat?post=35707"},{"taxonomy":"product_tag","embeddable":true,"href":"https:\/\/olemosaic.com\/fr\/wp-json\/wp\/v2\/product_tag?post=35707"}],"curies":[{"name":"wp","href":"https:\/\/api.w.org\/{rel}","templated":true}]}}