{"id":35706,"date":"2025-02-20T23:37:40","date_gmt":"2025-02-20T22:37:40","guid":{"rendered":"http:\/\/olemosaic.com\/producto\/iman-de-ceramica-sardinas-multicolor\/"},"modified":"2025-07-25T20:23:57","modified_gmt":"2025-07-25T18:23:57","slug":"aimant-en-ceramique-sardines-multicolore","status":"publish","type":"product","link":"https:\/\/olemosaic.com\/fr\/produit\/aimant-en-ceramique-sardines-multicolore\/","title":{"rendered":"Aimant en c\u00e9ramique. Sardines. Multicolore."},"content":{"rendered":"<p>Ce color\u00e9 aimant en c\u00e9ramique en forme de sardine est un souvenir embl\u00e9matique qui capture l&rsquo;essence du littoral espagnol. Avec son design vibrant et multicolore, chaque aimant se distingue par sa d\u00e9coration soign\u00e9e, \u00e9voquant les \u00e9cailles du poisson, avec un effet peint \u00e0 la main d&rsquo;un soin exceptionnel qui garantit que chaque pi\u00e8ce est unique. La sardine, \u00e9l\u00e9ment central de la gastronomie m\u00e9diterran\u00e9enne, symbolise la riche tradition de p\u00eache des c\u00f4tes ib\u00e9riques, faisant de cet aimant non seulement un objet d\u00e9coratif, mais un v\u00e9ritable rappel des d\u00e9lices de la mer.<\/p>\n<p>Le jaune \u00e9clatant de la t\u00eate de la sardine contraste magistralement avec les tons soyeux de rouge, bleu et vert de son corps, cr\u00e9ant une pi\u00e8ce joyeuse et captivante qui animera toute surface m\u00e9tallique, des r\u00e9frig\u00e9rateurs aux tableaux d&rsquo;affichage. Id\u00e9al pour les voyageurs et les amoureux de l&rsquo;essentiel espagnol, cet aimant est une excellente option pour ceux qui recherchent des souvenirs authentiques repr\u00e9sentant la culture maritime de l&rsquo;Espagne.<\/p>\n<p>Chez Ol\u00e9 Mosaic, nous nous sp\u00e9cialisons dans la distribution de souvenirs en c\u00e9ramique en gros, offrant des produits qui ne sont pas seulement d\u00e9coratifs, mais aussi des souvenirs significatifs et repr\u00e9sentatifs de la riche culture espagnole. Cet aimant de sardine est parfait pour les boutiques de cadeaux touristiques souhaitant offrir \u00e0 leurs clients un fragment de mer dans leurs foyers.<\/p>\n","protected":false},"excerpt":{"rendered":"<p>Aimant en c\u00e9ramique en forme de sardine, parfait pour ramener un petit morceau de mer \u00e0 la maison. Cet aimant color\u00e9 se distingue par ses tons multicolores vibrants, repr\u00e9sentant les \u00e9cailles de la sardine, avec un design qui \u00e9voque la tradition de p\u00eache du littoral espagnol. Peinte dans un style artisanal, chaque pi\u00e8ce est unique, capturant l&rsquo;essence de la culture maritime. Id\u00e9al comme souvenir des c\u00f4tes ib\u00e9riques ou pour ajouter une touche joyeuse \u00e0 votre r\u00e9frig\u00e9rateur.<\/p>\n","protected":false},"featured_media":8942,"template":"","meta":{"_acf_changed":false},"product_brand":[],"product_cat":[697],"product_tag":[530,585],"class_list":{"0":"post-35706","1":"product","2":"type-product","3":"status-publish","4":"has-post-thumbnail","6":"product_cat-aimants","7":"product_tag-animaux","8":"product_tag-ceramique","9":"pa_motivo-sardines","11":"first","12":"instock","13":"shipping-taxable","14":"product-type-simple"},"acf":[],"_links":{"self":[{"href":"https:\/\/olemosaic.com\/fr\/wp-json\/wp\/v2\/product\/35706","targetHints":{"allow":["GET"]}}],"collection":[{"href":"https:\/\/olemosaic.com\/fr\/wp-json\/wp\/v2\/product"}],"about":[{"href":"https:\/\/olemosaic.com\/fr\/wp-json\/wp\/v2\/types\/product"}],"wp:featuredmedia":[{"embeddable":true,"href":"https:\/\/olemosaic.com\/fr\/wp-json\/wp\/v2\/media\/8942"}],"wp:attachment":[{"href":"https:\/\/olemosaic.com\/fr\/wp-json\/wp\/v2\/media?parent=35706"}],"wp:term":[{"taxonomy":"product_brand","embeddable":true,"href":"https:\/\/olemosaic.com\/fr\/wp-json\/wp\/v2\/product_brand?post=35706"},{"taxonomy":"product_cat","embeddable":true,"href":"https:\/\/olemosaic.com\/fr\/wp-json\/wp\/v2\/product_cat?post=35706"},{"taxonomy":"product_tag","embeddable":true,"href":"https:\/\/olemosaic.com\/fr\/wp-json\/wp\/v2\/product_tag?post=35706"}],"curies":[{"name":"wp","href":"https:\/\/api.w.org\/{rel}","templated":true}]}}