{"id":35698,"date":"2025-02-20T22:37:40","date_gmt":"2025-02-20T22:37:40","guid":{"rendered":"http:\/\/olemosaic.com\/producto\/iman-de-ceramica-sardinas-azul\/"},"modified":"2025-07-25T19:59:40","modified_gmt":"2025-07-25T17:59:40","slug":"aimant-en-ceramique-sardines-bleu","status":"publish","type":"product","link":"https:\/\/olemosaic.com\/fr\/produit\/aimant-en-ceramique-sardines-bleu\/","title":{"rendered":"Aimant en c\u00e9ramique. Sardines. Bleu."},"content":{"rendered":"<p>Aimant en c\u00e9ramique en forme de sardine. Cet aimant attrayant, id\u00e9al pour d\u00e9corer toute surface m\u00e9tallique, capture l&rsquo;essence de la M\u00e9diterran\u00e9e avec son design vibrant dans les tons bleus qui \u00e9voquent les eaux cristallines de la mer. La forme stylis\u00e9e de la sardine souligne son lien avec la riche gastronomie c\u00f4ti\u00e8re espagnole, o\u00f9 ce poisson est un \u00e9l\u00e9ment de base du r\u00e9gime m\u00e9diterran\u00e9en. L&rsquo;aimant est d\u00e9cor\u00e9 de motifs floraux complexes qui ajoutent une touche artistique et color\u00e9e, en faisant un excellent souvenir repr\u00e9sentatif des traditions culinaires de la r\u00e9gion.<\/p>\n<p>La c\u00e9ramique utilis\u00e9e assure non seulement sa durabilit\u00e9, mais refl\u00e8te \u00e9galement l&rsquo;artisanat typique des zones c\u00f4ti\u00e8res, o\u00f9 la p\u00eache et la mer sont des \u00e9l\u00e9ments fondamentaux de la culture locale. Cet aimant en c\u00e9ramique, en plus d&rsquo;\u00eatre un souvenir charmant, attire les touristes \u00e0 la recherche de quelque chose d&rsquo;authentique et de repr\u00e9sentatif de leur visite en Espagne. Chez Ol\u00e9 Mosaic, nous sommes fiers de proposer des souvenirs en c\u00e9ramique uniques en gros, con\u00e7us pour se connecter au riche h\u00e9ritage culturel espagnol. Cet aimant de sardine n&rsquo;est pas seulement un accessoire fonctionnel, mais une pi\u00e8ce qui \u00e9voque les souvenirs d&rsquo;une exp\u00e9rience inoubliable et un lien sp\u00e9cial avec la mer et la gastronomie m\u00e9diterran\u00e9enne, parfait pour les boutiques de cadeaux touristiques souhaitant attirer leurs clients avec des produits authentiques.<\/p>\n","protected":false},"excerpt":{"rendered":"<p>Aimant en c\u00e9ramique en forme de sardine, d\u00e9cor\u00e9 d&rsquo;un design vibrant dans les tons bleus \u00e9voquant la mer. Cet aimant attrayant repr\u00e9sente la fra\u00eecheur du poisson typique de la gastronomie m\u00e9diterran\u00e9enne, avec des motifs floraux complexes qui lui donnent une touche artistique. Avec sa forme stylis\u00e9e et ses d\u00e9tails bien d\u00e9finis, c&rsquo;est un souvenir id\u00e9al de la c\u00f4te espagnole et un compl\u00e9ment parfait pour d\u00e9corer toute surface m\u00e9tallique.<\/p>\n","protected":false},"featured_media":8945,"template":"","meta":{"_acf_changed":false},"product_brand":[],"product_cat":[697],"product_tag":[530,585],"class_list":{"0":"post-35698","1":"product","2":"type-product","3":"status-publish","4":"has-post-thumbnail","6":"product_cat-aimants","7":"product_tag-animaux","8":"product_tag-ceramique","9":"pa_motivo-sardines","11":"first","12":"instock","13":"shipping-taxable","14":"product-type-simple"},"acf":[],"_links":{"self":[{"href":"https:\/\/olemosaic.com\/fr\/wp-json\/wp\/v2\/product\/35698","targetHints":{"allow":["GET"]}}],"collection":[{"href":"https:\/\/olemosaic.com\/fr\/wp-json\/wp\/v2\/product"}],"about":[{"href":"https:\/\/olemosaic.com\/fr\/wp-json\/wp\/v2\/types\/product"}],"wp:featuredmedia":[{"embeddable":true,"href":"https:\/\/olemosaic.com\/fr\/wp-json\/wp\/v2\/media\/8945"}],"wp:attachment":[{"href":"https:\/\/olemosaic.com\/fr\/wp-json\/wp\/v2\/media?parent=35698"}],"wp:term":[{"taxonomy":"product_brand","embeddable":true,"href":"https:\/\/olemosaic.com\/fr\/wp-json\/wp\/v2\/product_brand?post=35698"},{"taxonomy":"product_cat","embeddable":true,"href":"https:\/\/olemosaic.com\/fr\/wp-json\/wp\/v2\/product_cat?post=35698"},{"taxonomy":"product_tag","embeddable":true,"href":"https:\/\/olemosaic.com\/fr\/wp-json\/wp\/v2\/product_tag?post=35698"}],"curies":[{"name":"wp","href":"https:\/\/api.w.org\/{rel}","templated":true}]}}