{"id":35696,"date":"2025-02-20T23:37:40","date_gmt":"2025-02-20T22:37:40","guid":{"rendered":"http:\/\/olemosaic.com\/producto\/iman-de-ceramica-sardinas-blanco-2\/"},"modified":"2025-07-25T20:25:16","modified_gmt":"2025-07-25T18:25:16","slug":"aimant-en-ceramique-sardines-blanc-2","status":"publish","type":"product","link":"https:\/\/olemosaic.com\/fr\/produit\/aimant-en-ceramique-sardines-blanc-2\/","title":{"rendered":"Aimant en c\u00e9ramique. Sardines. Blanc."},"content":{"rendered":"<p>Cet aimant en c\u00e9ramique d\u00e9cor\u00e9 de sardines est un souvenir charmant qui capture l&rsquo;essence vibrante de la mer espagnole. Con\u00e7ue avec un style joyeux et color\u00e9, la pi\u00e8ce pr\u00e9sente trois sardines dans des tons rouge, jaune et bleu, avec un effet peint \u00e0 la main avec soin. Les sardines nagent sur un fond blanc orn\u00e9 de motifs de c\u00e9ramique traditionnelle, \u00e9voquant le riche h\u00e9ritage artisanal des c\u00f4tes espagnoles et leur lien avec la p\u00eache.<\/p>\n<p>Avec son design visuellement attrayant, cet aimant est un \u00e9l\u00e9ment d\u00e9coratif parfait pour toute surface m\u00e9tallique, des r\u00e9frig\u00e9rateurs aux tableaux blancs. La combinaison des couleurs vives des sardines avec le fond blanc et les d\u00e9tails de c\u00e9ramique traditionnelle offre un contraste charmant qui \u00e9gayera n&rsquo;importe quel foyer.<\/p>\n<p>Cet aimant n&rsquo;est pas seulement un souvenir fonctionnel, mais aussi une repr\u00e9sentation culturelle de la vie maritime espagnole, o\u00f9 la c\u00f4te joue un r\u00f4le vital dans la tradition et la gastronomie. Chez Ol\u00e9 Mosaic, nous nous sp\u00e9cialisons dans la distribution de souvenirs en c\u00e9ramique en gros, garantissant l&rsquo;authenticit\u00e9 et l&rsquo;artisanat de chaque pi\u00e8ce. Cet attrayant aimant de sardines est une excellente option pour les boutiques de cadeaux touristiques \u00e0 la recherche de souvenirs authentiques et symboliques de la culture espagnole, offrant aux touristes un moyen id\u00e9al d&#8217;emporter un petit morceau de mer.<\/p>\n","protected":false},"excerpt":{"rendered":"<p>Aimant en c\u00e9ramique d\u00e9cor\u00e9 de sardines, id\u00e9al pour \u00e9voquer l&rsquo;essence de la mer. Cet aimant attrayant pr\u00e9sente trois sardines aux couleurs vives : rouge, jaune et bleu, sur un fond blanc avec des motifs de c\u00e9ramique traditionnelle. La pi\u00e8ce semble \u00eatre peinte \u00e0 la main, refl\u00e9tant la riche culture maritime de l&rsquo;Espagne, en particulier de la c\u00f4te. Un souvenir parfait qui ajoute une touche joyeuse et artistique \u00e0 toute surface m\u00e9tallique.<\/p>\n","protected":false},"featured_media":8907,"template":"","meta":{"_acf_changed":false},"product_brand":[],"product_cat":[697],"product_tag":[530,585],"class_list":{"0":"post-35696","1":"product","2":"type-product","3":"status-publish","4":"has-post-thumbnail","6":"product_cat-aimants","7":"product_tag-animaux","8":"product_tag-ceramique","9":"pa_motivo-sardines","11":"first","12":"instock","13":"shipping-taxable","14":"product-type-simple"},"acf":[],"_links":{"self":[{"href":"https:\/\/olemosaic.com\/fr\/wp-json\/wp\/v2\/product\/35696","targetHints":{"allow":["GET"]}}],"collection":[{"href":"https:\/\/olemosaic.com\/fr\/wp-json\/wp\/v2\/product"}],"about":[{"href":"https:\/\/olemosaic.com\/fr\/wp-json\/wp\/v2\/types\/product"}],"wp:featuredmedia":[{"embeddable":true,"href":"https:\/\/olemosaic.com\/fr\/wp-json\/wp\/v2\/media\/8907"}],"wp:attachment":[{"href":"https:\/\/olemosaic.com\/fr\/wp-json\/wp\/v2\/media?parent=35696"}],"wp:term":[{"taxonomy":"product_brand","embeddable":true,"href":"https:\/\/olemosaic.com\/fr\/wp-json\/wp\/v2\/product_brand?post=35696"},{"taxonomy":"product_cat","embeddable":true,"href":"https:\/\/olemosaic.com\/fr\/wp-json\/wp\/v2\/product_cat?post=35696"},{"taxonomy":"product_tag","embeddable":true,"href":"https:\/\/olemosaic.com\/fr\/wp-json\/wp\/v2\/product_tag?post=35696"}],"curies":[{"name":"wp","href":"https:\/\/api.w.org\/{rel}","templated":true}]}}