{"id":35695,"date":"2025-02-20T23:37:39","date_gmt":"2025-02-20T22:37:39","guid":{"rendered":"http:\/\/olemosaic.com\/producto\/iman-de-ceramica-sardinas-blanco\/"},"modified":"2025-07-25T18:48:19","modified_gmt":"2025-07-25T16:48:19","slug":"aimant-en-ceramique-sardines-blanc-bord-bleu","status":"publish","type":"product","link":"https:\/\/olemosaic.com\/fr\/produit\/aimant-en-ceramique-sardines-blanc-bord-bleu\/","title":{"rendered":"Aimant en c\u00e9ramique. Sardines. Blanc. Bord bleu."},"content":{"rendered":"<p>Aimant en c\u00e9ramique d\u00e9cor\u00e9 de sardines<\/p>\n<p>Cet aimant en c\u00e9ramique d\u00e9cor\u00e9 de sardines est un charmant souvenir qui capture l&rsquo;essence de la mer et de la tradition de p\u00eache espagnole. Pr\u00e9sent\u00e9 sur un fond blanc brillant, le design vibrant comprend quatre sardines dans des tons frappants d&rsquo;orange, de rouge et de vert, qui nagent joyeusement sur un d\u00e9licat motif bleu inspir\u00e9 de la c\u00e9ramique typique de la r\u00e9gion. Chaque sardine semble \u00eatre peinte \u00e0 la main, ce qui garantit que chaque pi\u00e8ce est unique et d\u00e9borde d&rsquo;authenticit\u00e9.<\/p>\n<p>Le fond bleu, avec ses motifs complexes \u00e9voquant les azulejos traditionnels espagnols, encadre parfaitement le groupe dynamique de sardines, cr\u00e9ant un contraste visuel attrayant et joyeux. Cet aimant n&rsquo;est pas seulement un accessoire fonctionnel pour les r\u00e9frig\u00e9rateurs et autres surfaces m\u00e9talliques, mais aussi un souvenir culturel significatif qui c\u00e9l\u00e8bre le riche h\u00e9ritage de p\u00eache des c\u00f4tes espagnoles.<\/p>\n<p>En tant que produit d&rsquo;Ol\u00e9 Mosaic, cet aimant en c\u00e9ramique repr\u00e9sente le meilleur des souvenirs typiques, id\u00e9al pour les touristes cherchant \u00e0 emporter un morceau du charme espagnol. Sa pertinence culturelle et son design charmant en font un excellent choix pour les boutiques de cadeaux touristiques souhaitant proposer des articles authentiques et repr\u00e9sentatifs. Attirez vos clients avec cet aimant qui est, sans aucun doute, une pi\u00e8ce charmante de la culture m\u00e9diterran\u00e9enne.<\/p>\n","protected":false},"excerpt":{"rendered":"<p>Aimant en c\u00e9ramique d\u00e9cor\u00e9 de sardines color\u00e9es sur fond blanc, mettant en valeur un design vibrant et joyeux. Ce produit pr\u00e9sente quatre sardines dans des tons orange, rouge et vert, entour\u00e9es d&rsquo;un d\u00e9licat motif bleu rappelant la c\u00e9ramique typique espagnole. Peint dans un style artisanal, cet aimant est un excellent souvenir qui capture l&rsquo;essence de la mer et de la tradition de p\u00eache, id\u00e9al pour d\u00e9corer toute surface m\u00e9tallique.<\/p>\n","protected":false},"featured_media":9059,"template":"","meta":{"_acf_changed":false},"product_brand":[],"product_cat":[697],"product_tag":[530,585],"class_list":{"0":"post-35695","1":"product","2":"type-product","3":"status-publish","4":"has-post-thumbnail","6":"product_cat-aimants","7":"product_tag-animaux","8":"product_tag-ceramique","9":"pa_motivo-sardines","11":"first","12":"instock","13":"shipping-taxable","14":"product-type-simple"},"acf":[],"_links":{"self":[{"href":"https:\/\/olemosaic.com\/fr\/wp-json\/wp\/v2\/product\/35695","targetHints":{"allow":["GET"]}}],"collection":[{"href":"https:\/\/olemosaic.com\/fr\/wp-json\/wp\/v2\/product"}],"about":[{"href":"https:\/\/olemosaic.com\/fr\/wp-json\/wp\/v2\/types\/product"}],"wp:featuredmedia":[{"embeddable":true,"href":"https:\/\/olemosaic.com\/fr\/wp-json\/wp\/v2\/media\/9059"}],"wp:attachment":[{"href":"https:\/\/olemosaic.com\/fr\/wp-json\/wp\/v2\/media?parent=35695"}],"wp:term":[{"taxonomy":"product_brand","embeddable":true,"href":"https:\/\/olemosaic.com\/fr\/wp-json\/wp\/v2\/product_brand?post=35695"},{"taxonomy":"product_cat","embeddable":true,"href":"https:\/\/olemosaic.com\/fr\/wp-json\/wp\/v2\/product_cat?post=35695"},{"taxonomy":"product_tag","embeddable":true,"href":"https:\/\/olemosaic.com\/fr\/wp-json\/wp\/v2\/product_tag?post=35695"}],"curies":[{"name":"wp","href":"https:\/\/api.w.org\/{rel}","templated":true}]}}