{"id":35694,"date":"2025-02-20T23:37:39","date_gmt":"2025-02-20T22:37:39","guid":{"rendered":"http:\/\/olemosaic.com\/producto\/iman-de-ceramica-sardinas-santander-azul\/"},"modified":"2025-07-25T19:28:41","modified_gmt":"2025-07-25T17:28:41","slug":"aimant-en-ceramique-sardines-santander-bleu","status":"publish","type":"product","link":"https:\/\/olemosaic.com\/fr\/produit\/aimant-en-ceramique-sardines-santander-bleu\/","title":{"rendered":"Aimant en c\u00e9ramique. Sardines. Santander. Bleu."},"content":{"rendered":"<p>Aimant en c\u00e9ramique en forme de sardine de Santander. Cet aimant color\u00e9 capture l&rsquo;essence du nord de l&rsquo;Espagne avec son design vibrant dans les tons bleus, \u00e9voquant la beaut\u00e9 de l&rsquo;environnement marin. La structure de l&rsquo;aimant montre une sardine stylis\u00e9e, symbole de la riche tradition de p\u00eache de la r\u00e9gion. La c\u00e9ramique est d\u00e9cor\u00e9e de motifs complexes qui refl\u00e8tent le style nautique de Santander, avec des motifs rappelant les vagues de la mer et la vie marine.<\/p>\n<p>L&rsquo;inscription \u00ab\u00a0SANTANDER\u00a0\u00bb en lettres multicolores ajoute une touche joyeuse et vibrante, faisant de cette pi\u00e8ce un souvenir authentique et repr\u00e9sentatif de la ville. L&rsquo;\u00e9maillage brillant souligne l&rsquo;effet c\u00e9ramique peint \u00e0 la main, garantissant que chaque aimant poss\u00e8de des caract\u00e9ristiques uniques et de haute qualit\u00e9, ce qui en fait un souvenir id\u00e9al pour les visiteurs souhaitant emporter un morceau de la culture de Santander.<\/p>\n<p>Cet aimant n&rsquo;est pas seulement une excellente option d\u00e9corative pour la maison, mais aussi un rappel tangible de la beaut\u00e9 et de la tradition de Santander. Chez Ol\u00e9 Mosaic, nous nous sp\u00e9cialisons dans la distribution de souvenirs en gros, offrant cette pi\u00e8ce authentique aux boutiques de cadeaux touristiques qui cherchent \u00e0 proposer des produits connectant les touristes \u00e0 l&rsquo;essence locale de chaque r\u00e9gion.<\/p>\n","protected":false},"excerpt":{"rendered":"<p>Aimant en c\u00e9ramique en forme de sardine, un souvenir embl\u00e9matique de Santander. Cet aimant color\u00e9 se distingue par son design vibrant dans les tons bleus, orn\u00e9 de motifs \u00e9voquant le style nautique de la r\u00e9gion. L&rsquo;inscription \u00ab\u00a0SANTANDER\u00a0\u00bb, en lettres multicolores, apporte une touche joyeuse, et son \u00e9maillage brillant rehausse le design artisanal de la c\u00e9ramique, peinte \u00e0 la main. Un souvenir parfait pour se rappeler la beaut\u00e9 du nord de l&rsquo;Espagne.<\/p>\n","protected":false},"featured_media":13961,"template":"","meta":{"_acf_changed":false},"product_brand":[],"product_cat":[697],"product_tag":[530,585],"class_list":{"0":"post-35694","1":"product","2":"type-product","3":"status-publish","4":"has-post-thumbnail","6":"product_cat-aimants","7":"product_tag-animaux","8":"product_tag-ceramique","9":"pa_ciudad-santander","10":"pa_motivo-sardines","11":"pa_pais-espana","13":"first","14":"instock","15":"shipping-taxable","16":"product-type-simple"},"acf":[],"_links":{"self":[{"href":"https:\/\/olemosaic.com\/fr\/wp-json\/wp\/v2\/product\/35694","targetHints":{"allow":["GET"]}}],"collection":[{"href":"https:\/\/olemosaic.com\/fr\/wp-json\/wp\/v2\/product"}],"about":[{"href":"https:\/\/olemosaic.com\/fr\/wp-json\/wp\/v2\/types\/product"}],"wp:featuredmedia":[{"embeddable":true,"href":"https:\/\/olemosaic.com\/fr\/wp-json\/wp\/v2\/media\/13961"}],"wp:attachment":[{"href":"https:\/\/olemosaic.com\/fr\/wp-json\/wp\/v2\/media?parent=35694"}],"wp:term":[{"taxonomy":"product_brand","embeddable":true,"href":"https:\/\/olemosaic.com\/fr\/wp-json\/wp\/v2\/product_brand?post=35694"},{"taxonomy":"product_cat","embeddable":true,"href":"https:\/\/olemosaic.com\/fr\/wp-json\/wp\/v2\/product_cat?post=35694"},{"taxonomy":"product_tag","embeddable":true,"href":"https:\/\/olemosaic.com\/fr\/wp-json\/wp\/v2\/product_tag?post=35694"}],"curies":[{"name":"wp","href":"https:\/\/api.w.org\/{rel}","templated":true}]}}