{"id":35663,"date":"2025-02-20T22:37:39","date_gmt":"2025-02-20T22:37:39","guid":{"rendered":"http:\/\/olemosaic.com\/producto\/iman-de-ceramica-sardinas-valencia-rojo\/"},"modified":"2025-07-25T18:57:56","modified_gmt":"2025-07-25T16:57:56","slug":"aimant-ceramique-sardines-valence-rouge","status":"publish","type":"product","link":"https:\/\/olemosaic.com\/fr\/produit\/aimant-ceramique-sardines-valence-rouge\/","title":{"rendered":"Aimant en c\u00e9ramique. Sardines. Valence. Rouge."},"content":{"rendered":"<p>Cet aimant en c\u00e9ramique en forme de sardine est un charmant souvenir qui \u00e9voque l&rsquo;essence de la mer \u00e0 Valence. Son design vibrant pr\u00e9sente une base d&rsquo;un rouge \u00e9nergique, compl\u00e9t\u00e9e par des motifs d\u00e9coratifs en bleu et blanc, qui \u00e9voquent la riche tradition des azulejos caract\u00e9ristiques de la r\u00e9gion. La sardine, symbole embl\u00e9matique de la culture m\u00e9diterran\u00e9enne et de la gastronomie locale, devient une ressource visuelle attrayante, avec un \u0153il noir qui ajoute une touche ludique. Le mot \u00ab\u00a0Valence\u00a0\u00bb se d\u00e9tache en jaune vif, garantissant que cet aimant ne soit pas seulement fonctionnel, mais devienne \u00e9galement un rappel vivant de l&rsquo;exp\u00e9rience valencienne.<\/p>\n<p>Cet aimant, en plus de d\u00e9corer, repr\u00e9sente un lien profond avec la tradition de p\u00eache de Valence, connue pour son riche h\u00e9ritage marin et sa c\u00e9l\u00e8bre gastronomie, qui inclut des plats embl\u00e9matiques comme la paella. Id\u00e9al pour les touristes qui souhaitent emporter un morceau authentique de cette communaut\u00e9 c\u00f4ti\u00e8re, ce souvenir est un cadeau parfait ou une pi\u00e8ce d\u00e9corative pour la maison.<\/p>\n<p>Chez Ol\u00e9 Mosaic, nous nous sp\u00e9cialisons dans la distribution de souvenirs en c\u00e9ramique, offrant des aimants de Valence authentiques qui c\u00e9l\u00e8brent la culture et le folklore local. Cet aimant de sardine est une excellente option pour les boutiques de cadeaux touristiques, \u00e9tant un souvenir m\u00e9morable et repr\u00e9sentatif qui ravira tous les visiteurs. En tant que grossistes de souvenirs, nous garantissons l&rsquo;authenticit\u00e9, la qualit\u00e9 et une touche sp\u00e9ciale dans chaque pi\u00e8ce.<\/p>\n","protected":false},"excerpt":{"rendered":"<p>Aimant en c\u00e9ramique en forme de sardine, repr\u00e9sentant l&rsquo;essence de la mer \u00e0 Valence. Ce design color\u00e9 se distingue par sa base rouge et ses motifs d\u00e9coratifs en bleu et blanc, \u00e9voquant les azulejos traditionnels de la r\u00e9gion. Avec le mot \u00ab\u00a0Valence\u00a0\u00bb mis en \u00e9vidence en jaune, cet aimant n&rsquo;est pas seulement fonctionnel, mais aussi un souvenir attrayant qui capture la culture et le folklore local. Id\u00e9al pour ceux qui souhaitent emporter un souvenir authentique de la communaut\u00e9 m\u00e9diterran\u00e9enne.<\/p>\n","protected":false},"featured_media":12107,"template":"","meta":{"_acf_changed":false},"product_brand":[],"product_cat":[697],"product_tag":[530,585],"class_list":{"0":"post-35663","1":"product","2":"type-product","3":"status-publish","4":"has-post-thumbnail","6":"product_cat-aimants","7":"product_tag-animaux","8":"product_tag-ceramique","9":"pa_ciudad-valencia","10":"pa_motivo-sardines","11":"pa_pais-espana","13":"first","14":"instock","15":"shipping-taxable","16":"product-type-simple"},"acf":[],"_links":{"self":[{"href":"https:\/\/olemosaic.com\/fr\/wp-json\/wp\/v2\/product\/35663","targetHints":{"allow":["GET"]}}],"collection":[{"href":"https:\/\/olemosaic.com\/fr\/wp-json\/wp\/v2\/product"}],"about":[{"href":"https:\/\/olemosaic.com\/fr\/wp-json\/wp\/v2\/types\/product"}],"wp:featuredmedia":[{"embeddable":true,"href":"https:\/\/olemosaic.com\/fr\/wp-json\/wp\/v2\/media\/12107"}],"wp:attachment":[{"href":"https:\/\/olemosaic.com\/fr\/wp-json\/wp\/v2\/media?parent=35663"}],"wp:term":[{"taxonomy":"product_brand","embeddable":true,"href":"https:\/\/olemosaic.com\/fr\/wp-json\/wp\/v2\/product_brand?post=35663"},{"taxonomy":"product_cat","embeddable":true,"href":"https:\/\/olemosaic.com\/fr\/wp-json\/wp\/v2\/product_cat?post=35663"},{"taxonomy":"product_tag","embeddable":true,"href":"https:\/\/olemosaic.com\/fr\/wp-json\/wp\/v2\/product_tag?post=35663"}],"curies":[{"name":"wp","href":"https:\/\/api.w.org\/{rel}","templated":true}]}}