{"id":35661,"date":"2025-02-20T22:37:38","date_gmt":"2025-02-20T22:37:38","guid":{"rendered":"http:\/\/olemosaic.com\/producto\/iman-de-ceramica-sardinas-bilbao-rojo\/"},"modified":"2025-07-25T20:20:40","modified_gmt":"2025-07-25T18:20:40","slug":"aimant-ceramique-sardines-bilbao-rouge","status":"publish","type":"product","link":"https:\/\/olemosaic.com\/fr\/produit\/aimant-ceramique-sardines-bilbao-rouge\/","title":{"rendered":"Aimant en c\u00e9ramique. Sardines. Bilbao. Rouge."},"content":{"rendered":"<p>Cet aimant en c\u00e9ramique en forme de sardine est un charmant souvenir qui capture l&rsquo;essence de la culture basque, particuli\u00e8rement de la ville vibrante de Bilbao. Son design color\u00e9, qui combine des tons rouges et bleus frappants, se distingue par des motifs ornementaux complexes qui \u00e9voquent la riche tradition d\u00e9corative de la r\u00e9gion. La sardine, symbole repr\u00e9sentatif de la gastronomie locale, est magistralement illustr\u00e9e, avec une t\u00eate rouge brillante qui contraste avec un corps bleu orn\u00e9 de motifs refl\u00e9tant l&rsquo;art et la culture de Bilbao.<\/p>\n<p>Le nom \u00ab\u00a0Bilbao\u00a0\u00bb appara\u00eet de mani\u00e8re pro\u00e9minente en lettres vibrantes, faisant de cet aimant un souvenir parfait pour les visiteurs qui souhaitent emporter un petit morceau de cette ville charmante. Cet aimant n&rsquo;est pas seulement pratique, car il adh\u00e8re facilement \u00e0 toute surface m\u00e9tallique, mais il sert \u00e9galement de petite \u0153uvre d&rsquo;art pouvant rehausser la d\u00e9coration de la maison ou du bureau.<\/p>\n<p>Chez Ol\u00e9 Mosaic, nous proposons une grande vari\u00e9t\u00e9 de souvenirs authentiques, et cet aimant de sardine est un excellent reflet de la culture basque, id\u00e9al pour les touristes \u00e0 la recherche de souvenirs uniques et repr\u00e9sentatifs. En tant que distributeurs de souvenirs en gros, nous garantissons la qualit\u00e9 et l&rsquo;authenticit\u00e9 de chaque pi\u00e8ce, assurant que chaque client trouve des articles qui c\u00e9l\u00e8brent le riche patrimoine de l&rsquo;Espagne.<\/p>\n","protected":false},"excerpt":{"rendered":"<p>Aimant en c\u00e9ramique en forme de sardine, inspir\u00e9 de la culture basque de Bilbao. Cet aimant color\u00e9 se distingue par son design dans les tons rouge et bleu, orn\u00e9 de motifs ornementaux \u00e9voquant la tradition d\u00e9corative de la r\u00e9gion. La pi\u00e8ce inclut le nom \u00ab Bilbao \u00bb en lettres vibrantes, ce qui en fait un souvenir parfait de la ville. Id\u00e9al pour ajouter une touche artistique \u00e0 toute surface m\u00e9tallique.<\/p>\n","protected":false},"featured_media":13959,"template":"","meta":{"_acf_changed":false},"product_brand":[],"product_cat":[697],"product_tag":[530,585],"class_list":{"0":"post-35661","1":"product","2":"type-product","3":"status-publish","4":"has-post-thumbnail","6":"product_cat-aimants","7":"product_tag-animaux","8":"product_tag-ceramique","9":"pa_ciudad-bilbao","10":"pa_motivo-sardines","11":"pa_pais-espana","13":"first","14":"instock","15":"shipping-taxable","16":"product-type-simple"},"acf":[],"_links":{"self":[{"href":"https:\/\/olemosaic.com\/fr\/wp-json\/wp\/v2\/product\/35661","targetHints":{"allow":["GET"]}}],"collection":[{"href":"https:\/\/olemosaic.com\/fr\/wp-json\/wp\/v2\/product"}],"about":[{"href":"https:\/\/olemosaic.com\/fr\/wp-json\/wp\/v2\/types\/product"}],"wp:featuredmedia":[{"embeddable":true,"href":"https:\/\/olemosaic.com\/fr\/wp-json\/wp\/v2\/media\/13959"}],"wp:attachment":[{"href":"https:\/\/olemosaic.com\/fr\/wp-json\/wp\/v2\/media?parent=35661"}],"wp:term":[{"taxonomy":"product_brand","embeddable":true,"href":"https:\/\/olemosaic.com\/fr\/wp-json\/wp\/v2\/product_brand?post=35661"},{"taxonomy":"product_cat","embeddable":true,"href":"https:\/\/olemosaic.com\/fr\/wp-json\/wp\/v2\/product_cat?post=35661"},{"taxonomy":"product_tag","embeddable":true,"href":"https:\/\/olemosaic.com\/fr\/wp-json\/wp\/v2\/product_tag?post=35661"}],"curies":[{"name":"wp","href":"https:\/\/api.w.org\/{rel}","templated":true}]}}