{"id":35658,"date":"2025-02-20T23:37:38","date_gmt":"2025-02-20T22:37:38","guid":{"rendered":"http:\/\/olemosaic.com\/producto\/iman-de-ceramica-sardinas-santander-rojo\/"},"modified":"2025-07-25T19:23:55","modified_gmt":"2025-07-25T17:23:55","slug":"aimant-en-ceramique-sardines-santander-rouge","status":"publish","type":"product","link":"https:\/\/olemosaic.com\/fr\/produit\/aimant-en-ceramique-sardines-santander-rouge\/","title":{"rendered":"Aimant en c\u00e9ramique. Sardines. Santander. Rouge."},"content":{"rendered":"<p>Aimant en c\u00e9ramique en forme de sardine, d\u00e9cor\u00e9 de motifs vibrants dans des tons rouges et bleus. Cet aimant capture l&rsquo;essence marine de Santander, une ville embl\u00e9matique du nord de l&rsquo;Espagne. La sardine, symbole de la riche tradition de p\u00eache de la r\u00e9gion, se distingue par son design color\u00e9 et joyeux, incluant le nom \u00ab\u00a0Santander\u00a0\u00bb dans un style frappant qui souligne son attrait. Peint \u00e0 la main avec des d\u00e9tails complexes, il pr\u00e9sente une finition brillante qui r\u00e9fl\u00e9chit la lumi\u00e8re, faisant ressortir ce souvenir sur n&rsquo;importe quelle surface magn\u00e9tique.<\/p>\n<p>L&rsquo;utilisation de couleurs vives comme le rouge et le bleu \u00e9voque non seulement la mer et la fra\u00eecheur de la brise c\u00f4ti\u00e8re, mais se connecte \u00e9galement culturellement au patrimoine local, o\u00f9 la gastronomie \u00e0 base de poisson est fondamentale pour l&rsquo;identit\u00e9 de Santander. Cet aimant n&rsquo;est pas seulement un souvenir fonctionnel, mais aussi une \u0153uvre d&rsquo;art qui repr\u00e9sente la culture c\u00f4ti\u00e8re de la r\u00e9gion, devenant un d\u00e9tail parfait pour se souvenir d&rsquo;un voyage joyeux.<\/p>\n<p>En tant que distributeur de souvenirs en gros, Ol\u00e9 Mosaic propose cet authentique aimant de sardine comme une option id\u00e9ale pour les boutiques de cadeaux touristiques \u00e0 la recherche de produits repr\u00e9sentatifs et de qualit\u00e9. Cet aimant en c\u00e9ramique n&rsquo;est pas seulement un objet d\u00e9coratif, mais un cadeau m\u00e9morable qui c\u00e9l\u00e8bre la tradition et le caract\u00e8re de Santander, parfait pour ceux qui souhaitent emporter un petit morceau d&rsquo;Espagne.<\/p>\n","protected":false},"excerpt":{"rendered":"<p>Aimant en c\u00e9ramique en forme de sardine, d\u00e9cor\u00e9 de motifs vibrants dans des tons rouges et bleus. Cet aimant repr\u00e9sente le caract\u00e8re marin de Santander, mettant en avant le nom de la ville avec un style color\u00e9 et frappant. Avec son design artisanal, peint \u00e0 la main, ce souvenir capture l&rsquo;essence c\u00f4ti\u00e8re et la culture locale, devenant un d\u00e9tail parfait pour se souvenir d&rsquo;un voyage dans cette belle ville du nord de l&rsquo;Espagne.<\/p>\n","protected":false},"featured_media":13958,"template":"","meta":{"_acf_changed":false},"product_brand":[],"product_cat":[697],"product_tag":[530,585],"class_list":{"0":"post-35658","1":"product","2":"type-product","3":"status-publish","4":"has-post-thumbnail","6":"product_cat-aimants","7":"product_tag-animaux","8":"product_tag-ceramique","9":"pa_ciudad-santander","10":"pa_motivo-sardines","11":"pa_pais-espana","13":"first","14":"instock","15":"shipping-taxable","16":"product-type-simple"},"acf":[],"_links":{"self":[{"href":"https:\/\/olemosaic.com\/fr\/wp-json\/wp\/v2\/product\/35658","targetHints":{"allow":["GET"]}}],"collection":[{"href":"https:\/\/olemosaic.com\/fr\/wp-json\/wp\/v2\/product"}],"about":[{"href":"https:\/\/olemosaic.com\/fr\/wp-json\/wp\/v2\/types\/product"}],"wp:featuredmedia":[{"embeddable":true,"href":"https:\/\/olemosaic.com\/fr\/wp-json\/wp\/v2\/media\/13958"}],"wp:attachment":[{"href":"https:\/\/olemosaic.com\/fr\/wp-json\/wp\/v2\/media?parent=35658"}],"wp:term":[{"taxonomy":"product_brand","embeddable":true,"href":"https:\/\/olemosaic.com\/fr\/wp-json\/wp\/v2\/product_brand?post=35658"},{"taxonomy":"product_cat","embeddable":true,"href":"https:\/\/olemosaic.com\/fr\/wp-json\/wp\/v2\/product_cat?post=35658"},{"taxonomy":"product_tag","embeddable":true,"href":"https:\/\/olemosaic.com\/fr\/wp-json\/wp\/v2\/product_tag?post=35658"}],"curies":[{"name":"wp","href":"https:\/\/api.w.org\/{rel}","templated":true}]}}