{"id":35656,"date":"2025-02-20T23:37:38","date_gmt":"2025-02-20T22:37:38","guid":{"rendered":"http:\/\/olemosaic.com\/producto\/toro-figura-de-resina-de-24-cm-pintada-a-mano-5\/"},"modified":"2025-07-25T20:42:44","modified_gmt":"2025-07-25T18:42:44","slug":"taureau-figurine-en-resine-de-24-cm-peinte-a-la-main-5","status":"publish","type":"product","link":"https:\/\/olemosaic.com\/fr\/produit\/taureau-figurine-en-resine-de-24-cm-peinte-a-la-main-5\/","title":{"rendered":"Taureau. Figurine en mosa\u00efque de 24 cm. Taureau. Rouge, bleu et jaune."},"content":{"rendered":"<p>Cet impressionnant taureau en r\u00e9sine de 24 cm est un symbole vibrant et authentique de la culture espagnole. \u00c9labor\u00e9 avec la technique de la mosa\u00efque peinte \u00e0 la main, il pr\u00e9sente une combinaison spectaculaire de couleurs vives comme le rouge, le bleu et le jaune, qui \u00e9voquent l&rsquo;\u00e9nergie et la passion du folklore espagnol. Chaque d\u00e9tail de son design m\u00e9ticuleusement travaill\u00e9 souligne la ma\u00eetrise artisanale, transformant cette figurine en un souvenir frappant repr\u00e9sentatif de la tradition taurine.<\/p>\n<p>La figurine montre le taureau dans une pose dynamique et puissante, capturant sa majest\u00e9 et sa force. Les diverses tonalit\u00e9s de la mosa\u00efque s&rsquo;entrelacent dans un jeu de lumi\u00e8re et de couleur, cr\u00e9ant un effet visuel captivant qui attire instantan\u00e9ment l&rsquo;attention. Ce produit n&rsquo;est pas seulement un objet d\u00e9coratif ; c&rsquo;est un souvenir culturel qui symbolise le riche h\u00e9ritage des corridas, une pratique profond\u00e9ment enracin\u00e9e dans des r\u00e9gions comme l&rsquo;Andalousie et Madrid.<\/p>\n<p>En tant que distributeurs en gros de souvenirs, chez Ol\u00e9 Mosaic, nous proposons des produits qui repr\u00e9sentent l&rsquo;authenticit\u00e9 et la riche diversit\u00e9 de la culture espagnole. Ce taureau exceptionnel se pr\u00e9sente comme une id\u00e9e de cadeau id\u00e9ale pour les touristes qui souhaitent ramener chez eux un morceau d&rsquo;Espagne, devenant un \u00e9l\u00e9ment d\u00e9coratif qui rappelle leurs exp\u00e9riences dans ce pays fascinant.<\/p>\n","protected":false},"excerpt":{"rendered":"<p>Figurine de taureau \u00e9labor\u00e9e en r\u00e9sine de 24 cm, design artisanal, peinte \u00e0 la main, avec une technique de mosa\u00efque vibrante. Cet article frappant repr\u00e9sente le symbole embl\u00e9matique de la culture espagnole, avec des couleurs vives comme le rouge, le bleu et le jaune, qui \u00e9voquent l&rsquo;\u00e9nergie et la passion du folklore espagnol. L&rsquo;attention port\u00e9e aux d\u00e9tails dans chaque pi\u00e8ce de la mosa\u00efque rehausse son artisanat, en faisant un souvenir attrayant qui capture l&rsquo;essence de la tradition taurine.<\/p>\n","protected":false},"featured_media":11089,"template":"","meta":{"_acf_changed":false},"product_brand":[],"product_cat":[540],"product_tag":[530],"class_list":{"0":"post-35656","1":"product","2":"type-product","3":"status-publish","4":"has-post-thumbnail","6":"product_cat-chiffres","7":"product_tag-animaux","8":"pa_motivo-taureaux","10":"first","11":"instock","12":"shipping-taxable","13":"product-type-simple"},"acf":[],"_links":{"self":[{"href":"https:\/\/olemosaic.com\/fr\/wp-json\/wp\/v2\/product\/35656","targetHints":{"allow":["GET"]}}],"collection":[{"href":"https:\/\/olemosaic.com\/fr\/wp-json\/wp\/v2\/product"}],"about":[{"href":"https:\/\/olemosaic.com\/fr\/wp-json\/wp\/v2\/types\/product"}],"wp:featuredmedia":[{"embeddable":true,"href":"https:\/\/olemosaic.com\/fr\/wp-json\/wp\/v2\/media\/11089"}],"wp:attachment":[{"href":"https:\/\/olemosaic.com\/fr\/wp-json\/wp\/v2\/media?parent=35656"}],"wp:term":[{"taxonomy":"product_brand","embeddable":true,"href":"https:\/\/olemosaic.com\/fr\/wp-json\/wp\/v2\/product_brand?post=35656"},{"taxonomy":"product_cat","embeddable":true,"href":"https:\/\/olemosaic.com\/fr\/wp-json\/wp\/v2\/product_cat?post=35656"},{"taxonomy":"product_tag","embeddable":true,"href":"https:\/\/olemosaic.com\/fr\/wp-json\/wp\/v2\/product_tag?post=35656"}],"curies":[{"name":"wp","href":"https:\/\/api.w.org\/{rel}","templated":true}]}}