{"id":35642,"date":"2025-02-20T23:37:37","date_gmt":"2025-02-20T22:37:37","guid":{"rendered":"http:\/\/olemosaic.com\/producto\/toro-figura-de-resina-de-24-cm-pintada-a-mano-3\/"},"modified":"2025-07-25T19:53:33","modified_gmt":"2025-07-25T17:53:33","slug":"taureau-figurine-en-resine-de-24-cm-peinte-a-la-main-3","status":"publish","type":"product","link":"https:\/\/olemosaic.com\/fr\/produit\/taureau-figurine-en-resine-de-24-cm-peinte-a-la-main-3\/","title":{"rendered":"Taureau. Figurine en mosa\u00efque de 24 cm. Taureau. Finition brillante."},"content":{"rendered":"<p>Ce spectaculaire taureau en r\u00e9sine est une v\u00e9ritable ic\u00f4ne de la culture espagnole, con\u00e7u pour captiver et s\u00e9duire. Avec une hauteur impressionnante de 24 cm, cette figurine \u00e0 l&rsquo;effet peint \u00e0 la main se distingue par sa palette de couleurs vibrantes, o\u00f9 fusionnent des tonalit\u00e9s de rouge, bleu, jaune et vert, cr\u00e9ant un design qui rappelle les techniques artistiques de la mosa\u00efque. Le taureau, symbole de force et de courage, est repr\u00e9sent\u00e9 avec des formes g\u00e9om\u00e9triques qui ajoutent une touche contemporaine \u00e0 son image traditionnelle. Sa finition brillante rehausse les d\u00e9tails artistiques, en faisant une pi\u00e8ce d\u00e9corative id\u00e9ale pour toute maison ou espace.<\/p>\n<p>Ce souvenir n&rsquo;est pas seulement un ornement qui embellit n&rsquo;importe quel coin, mais il repr\u00e9sente \u00e9galement une partie essentielle de l&rsquo;histoire et de la culture de l&rsquo;Espagne, \u00e9voquant les traditions taurines et la passion des Espagnols pour ce majestueux animal. Chez Ol\u00e9 Mosaic, nous sommes fiers de proposer des souvenirs authentiques qui refl\u00e8tent la richesse culturelle de notre terre. Ce taureau en r\u00e9sine est un choix parfait pour les touristes qui cherchent \u00e0 emporter un morceau d&rsquo;Espagne, ainsi que pour les boutiques de cadeaux touristiques souhaitant offrir des articles de qualit\u00e9. En tant que grossiste de souvenirs, nous garantissons que chaque pi\u00e8ce est une c\u00e9l\u00e9bration de l&rsquo;artisanat et de la tradition espagnole, constituant un cadeau parfait pour toute occasion.<\/p>\n","protected":false},"excerpt":{"rendered":"<p>Figurine de taureau de 24 cm, design artisanal, peinte \u00e0 la main, avec une palette de couleurs vibrantes. Ce spectaculaire souvenir capture l&rsquo;essence de la culture espagnole, repr\u00e9sentant le symbole iconique du taureau avec un design combinant des formes g\u00e9om\u00e9triques dans des tons rouges, bleus, jaunes et verts. Id\u00e9al comme pi\u00e8ce d\u00e9corative, sa finition brillante rehausse les d\u00e9tails artistiques, en faisant un cadeau parfait pour emporter un morceau d&rsquo;Espagne chez soi.<\/p>\n","protected":false},"featured_media":8758,"template":"","meta":{"_acf_changed":false},"product_brand":[],"product_cat":[540],"product_tag":[530],"class_list":{"0":"post-35642","1":"product","2":"type-product","3":"status-publish","4":"has-post-thumbnail","6":"product_cat-chiffres","7":"product_tag-animaux","8":"pa_motivo-taureaux","10":"first","11":"instock","12":"shipping-taxable","13":"product-type-simple"},"acf":[],"_links":{"self":[{"href":"https:\/\/olemosaic.com\/fr\/wp-json\/wp\/v2\/product\/35642","targetHints":{"allow":["GET"]}}],"collection":[{"href":"https:\/\/olemosaic.com\/fr\/wp-json\/wp\/v2\/product"}],"about":[{"href":"https:\/\/olemosaic.com\/fr\/wp-json\/wp\/v2\/types\/product"}],"wp:featuredmedia":[{"embeddable":true,"href":"https:\/\/olemosaic.com\/fr\/wp-json\/wp\/v2\/media\/8758"}],"wp:attachment":[{"href":"https:\/\/olemosaic.com\/fr\/wp-json\/wp\/v2\/media?parent=35642"}],"wp:term":[{"taxonomy":"product_brand","embeddable":true,"href":"https:\/\/olemosaic.com\/fr\/wp-json\/wp\/v2\/product_brand?post=35642"},{"taxonomy":"product_cat","embeddable":true,"href":"https:\/\/olemosaic.com\/fr\/wp-json\/wp\/v2\/product_cat?post=35642"},{"taxonomy":"product_tag","embeddable":true,"href":"https:\/\/olemosaic.com\/fr\/wp-json\/wp\/v2\/product_tag?post=35642"}],"curies":[{"name":"wp","href":"https:\/\/api.w.org\/{rel}","templated":true}]}}