{"id":35640,"date":"2025-02-20T23:37:37","date_gmt":"2025-02-20T22:37:37","guid":{"rendered":"http:\/\/olemosaic.com\/producto\/toro-figura-de-resina-de-15-cm-pintada-a-mano-2\/"},"modified":"2025-07-25T19:47:35","modified_gmt":"2025-07-25T17:47:35","slug":"taureau-figurine-en-resine-de-15-cm-peinte-a-la-main-2","status":"publish","type":"product","link":"https:\/\/olemosaic.com\/fr\/produit\/taureau-figurine-en-resine-de-15-cm-peinte-a-la-main-2\/","title":{"rendered":"Taureau. Figurine en mosa\u00efque de 15 cm. Taureau. Drapeau de l&rsquo;Espagne."},"content":{"rendered":"<p>Cette figurine de taureau en r\u00e9sine de 15 cm est un hommage vibrant \u00e0 l&rsquo;essence et au symbolisme du taureau dans la culture espagnole. Avec un design de mosa\u00efques peint \u00e0 la main, elle \u00e9voque la passion et la force du folklore espagnol \u00e0 travers une palette de couleurs intenses, telles que le rouge, le jaune et le noir. Chaque pi\u00e8ce est unique gr\u00e2ce \u00e0 sa finition artisanale, qui se distingue par son d\u00e9tail et sa qualit\u00e9. Le taureau, ic\u00f4ne embl\u00e9matique de l&rsquo;Espagne, repr\u00e9sente non seulement la tradition de la tauromachie, mais aussi la force et la fiert\u00e9 d&rsquo;un peuple qui c\u00e9l\u00e8bre son h\u00e9ritage culturel.<\/p>\n<p>Son design \u00e9labor\u00e9 combine la beaut\u00e9 esth\u00e9tique avec une signification profonde, transformant cette figurine en un splendide \u00e9l\u00e9ment d\u00e9coratif qui peut embellir n&rsquo;importe quel espace, des maisons aux boutiques de cadeaux touristiques. En acqu\u00e9rant ce souvenir extraordinaire, les touristes peuvent emporter chez eux un morceau authentique de la culture espagnole, id\u00e9al pour offrir ou pour ajouter \u00e0 des collections de souvenirs refl\u00e9tant des exp\u00e9riences uniques.<\/p>\n<p>Chez Ol\u00e9 Mosaic, nous proposons cette figurine de taureau dans le cadre de notre s\u00e9lection de produits authentiques et repr\u00e9sentatifs. Parfaite pour les grossistes de souvenirs, cette pi\u00e8ce symbolise la richesse culturelle de l&rsquo;Espagne et constitue un ajout indispensable pour toute boutique cherchant \u00e0 offrir des articles de qualit\u00e9 et de sens.<\/p>\n","protected":false},"excerpt":{"rendered":"<p>Figurine de taureau de 15 cm, design artisanal, peinte \u00e0 la main, avec un design vibrant de mosa\u00efques. Ce souvenir capture l&rsquo;essence du symbolisme du taureau dans la culture espagnole, avec une gamme de couleurs intenses comme le rouge, le jaune et le noir. Avec une finition et des d\u00e9tails exquis, cette figurine devient un \u00e9l\u00e9ment d\u00e9coratif parfait pour tout espace, \u00e9voquant la passion et la ferveur du folklore espagnol. Id\u00e9al pour offrir ou pour ajouter \u00e0 votre collection de souvenirs.<\/p>\n","protected":false},"featured_media":6148,"template":"","meta":{"_acf_changed":false},"product_brand":[],"product_cat":[540],"product_tag":[530],"class_list":{"0":"post-35640","1":"product","2":"type-product","3":"status-publish","4":"has-post-thumbnail","6":"product_cat-chiffres","7":"product_tag-animaux","8":"pa_motivo-taureaux","10":"first","11":"instock","12":"shipping-taxable","13":"product-type-simple"},"acf":[],"_links":{"self":[{"href":"https:\/\/olemosaic.com\/fr\/wp-json\/wp\/v2\/product\/35640","targetHints":{"allow":["GET"]}}],"collection":[{"href":"https:\/\/olemosaic.com\/fr\/wp-json\/wp\/v2\/product"}],"about":[{"href":"https:\/\/olemosaic.com\/fr\/wp-json\/wp\/v2\/types\/product"}],"wp:featuredmedia":[{"embeddable":true,"href":"https:\/\/olemosaic.com\/fr\/wp-json\/wp\/v2\/media\/6148"}],"wp:attachment":[{"href":"https:\/\/olemosaic.com\/fr\/wp-json\/wp\/v2\/media?parent=35640"}],"wp:term":[{"taxonomy":"product_brand","embeddable":true,"href":"https:\/\/olemosaic.com\/fr\/wp-json\/wp\/v2\/product_brand?post=35640"},{"taxonomy":"product_cat","embeddable":true,"href":"https:\/\/olemosaic.com\/fr\/wp-json\/wp\/v2\/product_cat?post=35640"},{"taxonomy":"product_tag","embeddable":true,"href":"https:\/\/olemosaic.com\/fr\/wp-json\/wp\/v2\/product_tag?post=35640"}],"curies":[{"name":"wp","href":"https:\/\/api.w.org\/{rel}","templated":true}]}}