{"id":35633,"date":"2025-02-20T23:37:36","date_gmt":"2025-02-20T22:37:36","guid":{"rendered":"http:\/\/olemosaic.com\/producto\/toro-figura-de-resina-de-11-cm-pintada-a-mano-2\/"},"modified":"2025-07-25T18:39:25","modified_gmt":"2025-07-25T16:39:25","slug":"taureau-figurine-resine-11-cm-peinte-a-la-main-2","status":"publish","type":"product","link":"https:\/\/olemosaic.com\/fr\/produit\/taureau-figurine-resine-11-cm-peinte-a-la-main-2\/","title":{"rendered":"Taureau. Figurine mosa\u00efque de 11 cm. Taureau. Drapeau de l&rsquo;Espagne."},"content":{"rendered":"<p>La figurine du taureau en r\u00e9sine de 11 cm est un v\u00e9ritable hommage \u00e0 la riche tradition espagnole, id\u00e9ale pour ceux qui recherchent un souvenir repr\u00e9sentatif. Cette pi\u00e8ce, \u00e0 l&rsquo;effet peint \u00e0 la main, se distingue par sa d\u00e9coration vibrante en mosa\u00efque color\u00e9e, qui \u00e9voque les couleurs embl\u00e9matiques de la culture taurine, avec une pr\u00e9dominance de rouges, de jaunes et de noirs. Chaque figurine est unique, \u00e9labor\u00e9e m\u00e9ticuleusement pour capturer l&rsquo;essence du symbole iconique du pays. Le taureau, partie int\u00e9grante de l&rsquo;histoire et des festivit\u00e9s espagnoles, ne repr\u00e9sente pas seulement la force et la passion du peuple espagnol, mais constitue un souvenir exquis pour ceux qui souhaitent emporter un petit morceau d&rsquo;Espagne. Les formes d\u00e9finies et les d\u00e9tails soign\u00e9s de son design rehaussent son caract\u00e8re d\u00e9coratif et permettent d&rsquo;appr\u00e9cier le savoir-faire artisanal derri\u00e8re chaque cr\u00e9ation. Ce souvenir de taureau est parfait comme \u00e9l\u00e9ment d\u00e9coratif ou pour les amoureux de la tradition espagnole. Chez Ol\u00e9 Mosaic, en tant que grossiste d&rsquo;articles de souvenir, nous proposons cette figurine de taureau qui promet d&rsquo;\u00eatre un aimant pour les touristes et un excellent ajout pour toute boutique de cadeaux touristiques.<\/p>\n","protected":false},"excerpt":{"rendered":"<p>Figurine de taureau de 11 cm, design artisanal, peinte \u00e0 la main, et d\u00e9cor\u00e9e d&rsquo;une mosa\u00efque color\u00e9e qui \u00e9voque la tradition espagnole. Avec son design vibrant dans des tons rouges, jaunes et noirs, ce taureau repr\u00e9sente un symbole iconique de la culture taurine. Chaque pi\u00e8ce est unique, mettant en valeur les formes d\u00e9finies et les d\u00e9tails m\u00e9ticuleux qui capturent l&rsquo;esprit de l&rsquo;Espagne la plus authentique. Id\u00e9al comme souvenir ou \u00e9l\u00e9ment d\u00e9coratif pour les amoureux de la tradition espagnole.<\/p>\n","protected":false},"featured_media":6149,"template":"","meta":{"_acf_changed":false},"product_brand":[],"product_cat":[540],"product_tag":[530],"class_list":{"0":"post-35633","1":"product","2":"type-product","3":"status-publish","4":"has-post-thumbnail","6":"product_cat-chiffres","7":"product_tag-animaux","8":"pa_motivo-taureaux","10":"first","11":"instock","12":"shipping-taxable","13":"product-type-simple"},"acf":[],"_links":{"self":[{"href":"https:\/\/olemosaic.com\/fr\/wp-json\/wp\/v2\/product\/35633","targetHints":{"allow":["GET"]}}],"collection":[{"href":"https:\/\/olemosaic.com\/fr\/wp-json\/wp\/v2\/product"}],"about":[{"href":"https:\/\/olemosaic.com\/fr\/wp-json\/wp\/v2\/types\/product"}],"wp:featuredmedia":[{"embeddable":true,"href":"https:\/\/olemosaic.com\/fr\/wp-json\/wp\/v2\/media\/6149"}],"wp:attachment":[{"href":"https:\/\/olemosaic.com\/fr\/wp-json\/wp\/v2\/media?parent=35633"}],"wp:term":[{"taxonomy":"product_brand","embeddable":true,"href":"https:\/\/olemosaic.com\/fr\/wp-json\/wp\/v2\/product_brand?post=35633"},{"taxonomy":"product_cat","embeddable":true,"href":"https:\/\/olemosaic.com\/fr\/wp-json\/wp\/v2\/product_cat?post=35633"},{"taxonomy":"product_tag","embeddable":true,"href":"https:\/\/olemosaic.com\/fr\/wp-json\/wp\/v2\/product_tag?post=35633"}],"curies":[{"name":"wp","href":"https:\/\/api.w.org\/{rel}","templated":true}]}}