{"id":35631,"date":"2025-02-20T23:37:36","date_gmt":"2025-02-20T22:37:36","guid":{"rendered":"http:\/\/olemosaic.com\/producto\/toro-figura-de-resina-de-10-cm-pintada-a-mano-2\/"},"modified":"2025-07-25T20:13:33","modified_gmt":"2025-07-25T18:13:33","slug":"taureau-figurine-resine-10-cm-peinte-a-la-main-2","status":"publish","type":"product","link":"https:\/\/olemosaic.com\/fr\/produit\/taureau-figurine-resine-10-cm-peinte-a-la-main-2\/","title":{"rendered":"Taureau. Figurine mosa\u00efque de 10 cm. Taureau. Design en mosa\u00efque."},"content":{"rendered":"<p>Ce taureau vibrant en r\u00e9sine est un souvenir spectaculaire qui capture l&rsquo;essence du folklore espagnol. D&rsquo;une hauteur de 10 cm, la figurine semble \u00eatre peinte \u00e0 la main, ce qui en fait une pi\u00e8ce unique et authentique. Son design se distingue par une finition en mosa\u00efque combinant des tons jaunes, rouges, bleus et verts, cr\u00e9ant un style color\u00e9 et joyeux. Chaque d\u00e9tail de la figurine souligne la majest\u00e9 du taureau, un symbole iconique de la tradition espagnole, tr\u00e8s associ\u00e9 \u00e0 la culture taurine et aux festivit\u00e9s populaires dans diverses r\u00e9gions du pays.<\/p>\n<p>Les motifs complexes et l&rsquo;explosion de couleurs font que cette figurine n&rsquo;est pas seulement un souvenir du riche h\u00e9ritage culturel espagnol, mais aussi un \u00e9l\u00e9ment d\u00e9coratif attrayant qui peut rehausser n&rsquo;importe quelle collection. La figurine du taureau est repr\u00e9sentative de la puissance et de la force, ainsi que de la vitalit\u00e9 du peuple espagnol, ce qui en fait un cadeau id\u00e9al pour les touristes \u00e0 la recherche d&rsquo;un souvenir authentique de leur visite.<\/p>\n<p>Chez Ol\u00e9 Mosaic, nous nous sp\u00e9cialisons dans la distribution de souvenirs de qualit\u00e9 en gros, proposant cette figurine singuli\u00e8re comme un excellent produit pour les boutiques de cadeaux touristiques cherchant \u00e0 capturer le meilleur de l&rsquo;Espagne. Ce taureau en r\u00e9sine est une option captivante pour ceux qui souhaitent ramener chez eux un morceau de la tradition et de l&rsquo;art espagnol, \u00e9tant un v\u00e9ritable tr\u00e9sor culturel.<\/p>\n","protected":false},"excerpt":{"rendered":"<p>Figurine de taureau de 10 cm, design artisanal, peinte \u00e0 la main, avec des couleurs vibrantes. Cette pi\u00e8ce repr\u00e9sente l&#8217;embl\u00e9matique figurine du taureau, symbole de la tradition espagnole. Son design, avec une finition en mosa\u00efque dans des tons jaunes, rouges, bleus et verts, lui donne un caract\u00e8re joyeux et distinctif. Parfait comme souvenir, il capture l&rsquo;essence du folklore espagnol et ajoute une touche artistique \u00e0 n&rsquo;importe quelle collection.<\/p>\n","protected":false},"featured_media":11101,"template":"","meta":{"_acf_changed":false},"product_brand":[],"product_cat":[540],"product_tag":[530],"class_list":{"0":"post-35631","1":"product","2":"type-product","3":"status-publish","4":"has-post-thumbnail","6":"product_cat-chiffres","7":"product_tag-animaux","8":"pa_motivo-taureaux","10":"first","11":"instock","12":"shipping-taxable","13":"product-type-simple"},"acf":[],"_links":{"self":[{"href":"https:\/\/olemosaic.com\/fr\/wp-json\/wp\/v2\/product\/35631","targetHints":{"allow":["GET"]}}],"collection":[{"href":"https:\/\/olemosaic.com\/fr\/wp-json\/wp\/v2\/product"}],"about":[{"href":"https:\/\/olemosaic.com\/fr\/wp-json\/wp\/v2\/types\/product"}],"wp:featuredmedia":[{"embeddable":true,"href":"https:\/\/olemosaic.com\/fr\/wp-json\/wp\/v2\/media\/11101"}],"wp:attachment":[{"href":"https:\/\/olemosaic.com\/fr\/wp-json\/wp\/v2\/media?parent=35631"}],"wp:term":[{"taxonomy":"product_brand","embeddable":true,"href":"https:\/\/olemosaic.com\/fr\/wp-json\/wp\/v2\/product_brand?post=35631"},{"taxonomy":"product_cat","embeddable":true,"href":"https:\/\/olemosaic.com\/fr\/wp-json\/wp\/v2\/product_cat?post=35631"},{"taxonomy":"product_tag","embeddable":true,"href":"https:\/\/olemosaic.com\/fr\/wp-json\/wp\/v2\/product_tag?post=35631"}],"curies":[{"name":"wp","href":"https:\/\/api.w.org\/{rel}","templated":true}]}}