{"id":35608,"date":"2025-02-20T23:37:35","date_gmt":"2025-02-20T22:37:35","guid":{"rendered":"http:\/\/olemosaic.com\/producto\/toro-figura-de-resina-de-17-cm-pintada-a-mano\/"},"modified":"2025-07-25T20:00:41","modified_gmt":"2025-07-25T18:00:41","slug":"taureau-figurine-en-resine-de-17-cm-peinte-a-la-main","status":"publish","type":"product","link":"https:\/\/olemosaic.com\/fr\/produit\/taureau-figurine-en-resine-de-17-cm-peinte-a-la-main\/","title":{"rendered":"Taureau. Figurine en mosa\u00efque de 17 cm."},"content":{"rendered":"<p>D\u00e9couvrez l&rsquo;unique figurine en r\u00e9sine de taureau, une repr\u00e9sentation vibrante et captivante de la culture espagnole qui ravira tous les amateurs d&rsquo;art populaire. D&rsquo;une hauteur de 17 cm, cette figurine sculpt\u00e9e et peinte \u00e0 la main avec un effet mosa\u00efque capture l&rsquo;essence d&rsquo;un splendide taureau, symbole de force et de dignit\u00e9 dans la tradition espagnole. Son design en mosa\u00efque se distingue par une explosion de couleurs intenses, telles que les rouges, les bleus et les jaunes, cr\u00e9ant une composition visuellement attrayante qui souligne la technique artisanale avec laquelle elle a \u00e9t\u00e9 \u00e9labor\u00e9e. Chaque d\u00e9tail est m\u00e9ticuleusement travaill\u00e9, de la posture dynamique du taureau, qui semble sur le point de bouger, aux motifs complexes qui ornent son corps, ce qui en fait un souvenir impressionnant id\u00e9al pour ceux qui recherchent une pi\u00e8ce authentique d&rsquo;Espagne.<\/p>\n<p>Cet \u00e9l\u00e9gant souvenir n&rsquo;est pas seulement un objet d\u00e9coratif, mais il repr\u00e9sente \u00e9galement le riche h\u00e9ritage culturel de l&rsquo;Espagne, o\u00f9 le taureau a \u00e9t\u00e9 une ic\u00f4ne dans l&rsquo;art, la musique et les festivit\u00e9s. Parfait pour ceux qui souhaitent ramener chez eux un morceau du folklore espagnol, cette figurine de taureau est une excellente option pour les boutiques de cadeaux touristiques. Chez Ol\u00e9 Mosaic, en tant que distributeurs de souvenirs authentiques, nous proposons des produits qui combinent qualit\u00e9 et authenticit\u00e9, garantissant que chaque pi\u00e8ce soit un souvenir significatif de la culture espagnole.<\/p>\n","protected":false},"excerpt":{"rendered":"<p>Figurine de 17 cm, design artisanal, peinte \u00e0 la main, et d\u00e9cor\u00e9e d&rsquo;un design en mosa\u00efque vibrant. Ce taureau symbolise la riche culture espagnole et se distingue par ses couleurs intenses, comme le rouge, le bleu et le jaune, qui forment une composition attrayante. Sa forme dynamique et d\u00e9taill\u00e9e refl\u00e8te la force et la fiert\u00e9 de l&rsquo;animal, ce qui en fait un souvenir id\u00e9al qui ajoute une touche de folklore et de tradition \u00e0 n&rsquo;importe quel espace.<\/p>\n","protected":false},"featured_media":11092,"template":"","meta":{"_acf_changed":false},"product_brand":[],"product_cat":[540],"product_tag":[530],"class_list":{"0":"post-35608","1":"product","2":"type-product","3":"status-publish","4":"has-post-thumbnail","6":"product_cat-chiffres","7":"product_tag-animaux","8":"pa_motivo-taureaux","10":"first","11":"instock","12":"shipping-taxable","13":"product-type-simple"},"acf":[],"_links":{"self":[{"href":"https:\/\/olemosaic.com\/fr\/wp-json\/wp\/v2\/product\/35608","targetHints":{"allow":["GET"]}}],"collection":[{"href":"https:\/\/olemosaic.com\/fr\/wp-json\/wp\/v2\/product"}],"about":[{"href":"https:\/\/olemosaic.com\/fr\/wp-json\/wp\/v2\/types\/product"}],"wp:featuredmedia":[{"embeddable":true,"href":"https:\/\/olemosaic.com\/fr\/wp-json\/wp\/v2\/media\/11092"}],"wp:attachment":[{"href":"https:\/\/olemosaic.com\/fr\/wp-json\/wp\/v2\/media?parent=35608"}],"wp:term":[{"taxonomy":"product_brand","embeddable":true,"href":"https:\/\/olemosaic.com\/fr\/wp-json\/wp\/v2\/product_brand?post=35608"},{"taxonomy":"product_cat","embeddable":true,"href":"https:\/\/olemosaic.com\/fr\/wp-json\/wp\/v2\/product_cat?post=35608"},{"taxonomy":"product_tag","embeddable":true,"href":"https:\/\/olemosaic.com\/fr\/wp-json\/wp\/v2\/product_tag?post=35608"}],"curies":[{"name":"wp","href":"https:\/\/api.w.org\/{rel}","templated":true}]}}