{"id":35596,"date":"2025-02-20T22:37:34","date_gmt":"2025-02-20T22:37:34","guid":{"rendered":"http:\/\/olemosaic.com\/producto\/toro-figura-de-ceramica-de-18-cm-rojo-glaceado\/"},"modified":"2025-07-25T19:39:29","modified_gmt":"2025-07-25T17:39:29","slug":"taureau-figurine-en-ceramique-de-18-cm-rouge-glace","status":"publish","type":"product","link":"https:\/\/olemosaic.com\/fr\/produit\/taureau-figurine-en-ceramique-de-18-cm-rouge-glace\/","title":{"rendered":"Taureau. Figurine en c\u00e9ramique de 18 cm. Rouge. Glac\u00e9."},"content":{"rendered":"<p>Figurine en c\u00e9ramique d&rsquo;un taureau en couleur rouge<\/p>\n<p>Cette figurine en c\u00e9ramique d&rsquo;un taureau, de 18 cm de hauteur, est une repr\u00e9sentation vibrante et authentique du symbole le plus embl\u00e9matique de la culture espagnole. Avec une finition brillante qui rehausse sa couleur, le taureau se distingue par ses contours frappants et son design stylis\u00e9, incluant des cornes pro\u00e9minentes et un corps muscl\u00e9, \u00e9voquant la force et la tradition qu&rsquo;incarne cet animal majestueux. La couleur rouge apporte non seulement une touche de vitalit\u00e9 et d&rsquo;\u00e9nergie, mais symbolise \u00e9galement la passion qui entoure les corridas, un ph\u00e9nom\u00e8ne culturel ancr\u00e9 dans l&rsquo;histoire de l&rsquo;Espagne.<\/p>\n<p>Chaque d\u00e9tail de cette figurine a \u00e9t\u00e9 soigneusement sculpt\u00e9, capturant l&rsquo;essence du taureau, associ\u00e9 \u00e0 la lutte, au courage et au folklore espagnol. En tant que souvenir, cette figurine en c\u00e9ramique n&rsquo;est pas seulement un objet d\u00e9coratif, mais aussi un souvenir significatif qui relie les touristes au riche h\u00e9ritage culturel du pays. Id\u00e9ale pour ceux qui recherchent un cadeau authentique ou une pi\u00e8ce ornementale repr\u00e9sentant la tradition espagnole, cette figurine de taureau s&rsquo;\u00e9rige comme un signe distinctif embl\u00e9matique qui ravira tout amateur d&rsquo;art.<\/p>\n<p>Chez Ol\u00e9 Mosaic, nous sommes fiers de proposer des articles de grande qualit\u00e9 pour les boutiques de cadeaux touristiques. Cette figurine de taureau est une excellente option pour ceux qui recherchent des souvenirs authentiques mettant en avant l&rsquo;identit\u00e9 culturelle de l&rsquo;Espagne. En tant que grossistes de souvenirs, nous garantissons l&rsquo;authenticit\u00e9 et l&rsquo;esth\u00e9tique de chaque produit distribu\u00e9.<\/p>\n","protected":false},"excerpt":{"rendered":"<p>Figurine en c\u00e9ramique d&rsquo;un taureau rouge vibrant, avec une finition brillante qui rehausse sa luminosit\u00e9 et ses formes curvilignes. Cette figurine de 18 cm capture l&rsquo;essence du taureau, symbole de la culture espagnole, repr\u00e9sentant la force et la tradition. Son design stylis\u00e9, avec des cornes pro\u00e9minentes et un corps muscl\u00e9, en fait un objet d\u00e9coratif distinctif qui \u00e9voque la passion des corridas et le folklore espagnol. Id\u00e9al comme souvenir ou cadeau.<\/p>\n","protected":false},"featured_media":7446,"template":"","meta":{"_acf_changed":false},"product_brand":[],"product_cat":[540],"product_tag":[530,585],"class_list":{"0":"post-35596","1":"product","2":"type-product","3":"status-publish","4":"has-post-thumbnail","6":"product_cat-chiffres","7":"product_tag-animaux","8":"product_tag-ceramique","9":"pa_motivo-taureaux","11":"first","12":"instock","13":"shipping-taxable","14":"product-type-simple"},"acf":[],"_links":{"self":[{"href":"https:\/\/olemosaic.com\/fr\/wp-json\/wp\/v2\/product\/35596","targetHints":{"allow":["GET"]}}],"collection":[{"href":"https:\/\/olemosaic.com\/fr\/wp-json\/wp\/v2\/product"}],"about":[{"href":"https:\/\/olemosaic.com\/fr\/wp-json\/wp\/v2\/types\/product"}],"wp:featuredmedia":[{"embeddable":true,"href":"https:\/\/olemosaic.com\/fr\/wp-json\/wp\/v2\/media\/7446"}],"wp:attachment":[{"href":"https:\/\/olemosaic.com\/fr\/wp-json\/wp\/v2\/media?parent=35596"}],"wp:term":[{"taxonomy":"product_brand","embeddable":true,"href":"https:\/\/olemosaic.com\/fr\/wp-json\/wp\/v2\/product_brand?post=35596"},{"taxonomy":"product_cat","embeddable":true,"href":"https:\/\/olemosaic.com\/fr\/wp-json\/wp\/v2\/product_cat?post=35596"},{"taxonomy":"product_tag","embeddable":true,"href":"https:\/\/olemosaic.com\/fr\/wp-json\/wp\/v2\/product_tag?post=35596"}],"curies":[{"name":"wp","href":"https:\/\/api.w.org\/{rel}","templated":true}]}}