{"id":35595,"date":"2025-02-20T22:37:34","date_gmt":"2025-02-20T22:37:34","guid":{"rendered":"http:\/\/olemosaic.com\/producto\/toro-figura-de-ceramica-de-18-cm-negro-glaceado\/"},"modified":"2025-07-25T19:40:03","modified_gmt":"2025-07-25T17:40:03","slug":"taureau-figurine-en-ceramique-de-18-cm-noir-glace","status":"publish","type":"product","link":"https:\/\/olemosaic.com\/fr\/produit\/taureau-figurine-en-ceramique-de-18-cm-noir-glace\/","title":{"rendered":"Taureau. Figurine en c\u00e9ramique de 18 cm. Noir Glac\u00e9."},"content":{"rendered":"<p>Cet imposant taureau en c\u00e9ramique, avec une \u00e9l\u00e9gante finition noire brillante, est une repr\u00e9sentation artistique qui capture l&rsquo;essence de la tradition taurine espagnole. Avec une hauteur de 18 cm, cette figurine se distingue par son design stylis\u00e9 et sa finition brillante, qui souligne les contours d\u00e9finis et la posture puissante de l&rsquo;animal. Le taureau, symbole de force et de courage, \u00e9voque la majest\u00e9 des corridas qui font partie int\u00e9grante de la culture espagnole depuis des si\u00e8cles. Sa finition brillante ne refl\u00e8te pas seulement la lumi\u00e8re de mani\u00e8re captivante, mais lui conf\u00e8re \u00e9galement un caract\u00e8re sophistiqu\u00e9, faisant de cette pi\u00e8ce un \u00e9l\u00e9ment d\u00e9coratif id\u00e9al pour n&rsquo;importe quel int\u00e9rieur.<\/p>\n<p>Ce produit n&rsquo;est pas seulement un souvenir repr\u00e9sentatif de l&rsquo;Espagne, mais aussi une v\u00e9ritable \u0153uvre d&rsquo;art c\u00e9ramique que sauront appr\u00e9cier ceux qui valorisent le folklore et la tradition. La figurine, avec sa posture dynamique, semble bouger avec gr\u00e2ce, ce qui en fait un excellent cadeau pour les touristes et les amoureux de la culture espagnole en g\u00e9n\u00e9ral. Chez Ol\u00e9 Mosaic, nous sommes fiers de proposer des produits de qualit\u00e9 en gros, et cette figurine de taureau est un choix id\u00e9al pour les boutiques de cadeaux touristiques \u00e0 la recherche d&rsquo;articles authentiques et tr\u00e8s demand\u00e9s. C\u00e9l\u00e9brez la tradition et l&rsquo;art espagnol avec cette fascinante figurine en c\u00e9ramique, un souvenir \u00e9vocateur de l&rsquo;Espagne.<\/p>\n","protected":false},"excerpt":{"rendered":"<p>Figurine en c\u00e9ramique de 18 cm repr\u00e9sentant un taureau, avec une \u00e9l\u00e9gante finition noire brillante. Cette pi\u00e8ce se distingue par son design stylis\u00e9 et son \u00e9clat, qui capture l&rsquo;essence de la tradition taurine espagnole. Id\u00e9ale comme souvenir ou \u00e9l\u00e9ment d\u00e9coratif, la figurine se remarque par ses contours d\u00e9finis et sa posture puissante, \u00e9voquant la majest\u00e9 des taureaux dans la culture espagnole. Parfaite pour ceux qui appr\u00e9cient l&rsquo;art c\u00e9ramique et le folklore.<\/p>\n","protected":false},"featured_media":7452,"template":"","meta":{"_acf_changed":false},"product_brand":[],"product_cat":[540],"product_tag":[530,585],"class_list":{"0":"post-35595","1":"product","2":"type-product","3":"status-publish","4":"has-post-thumbnail","6":"product_cat-chiffres","7":"product_tag-animaux","8":"product_tag-ceramique","9":"pa_motivo-taureaux","11":"first","12":"instock","13":"shipping-taxable","14":"product-type-simple"},"acf":[],"_links":{"self":[{"href":"https:\/\/olemosaic.com\/fr\/wp-json\/wp\/v2\/product\/35595","targetHints":{"allow":["GET"]}}],"collection":[{"href":"https:\/\/olemosaic.com\/fr\/wp-json\/wp\/v2\/product"}],"about":[{"href":"https:\/\/olemosaic.com\/fr\/wp-json\/wp\/v2\/types\/product"}],"wp:featuredmedia":[{"embeddable":true,"href":"https:\/\/olemosaic.com\/fr\/wp-json\/wp\/v2\/media\/7452"}],"wp:attachment":[{"href":"https:\/\/olemosaic.com\/fr\/wp-json\/wp\/v2\/media?parent=35595"}],"wp:term":[{"taxonomy":"product_brand","embeddable":true,"href":"https:\/\/olemosaic.com\/fr\/wp-json\/wp\/v2\/product_brand?post=35595"},{"taxonomy":"product_cat","embeddable":true,"href":"https:\/\/olemosaic.com\/fr\/wp-json\/wp\/v2\/product_cat?post=35595"},{"taxonomy":"product_tag","embeddable":true,"href":"https:\/\/olemosaic.com\/fr\/wp-json\/wp\/v2\/product_tag?post=35595"}],"curies":[{"name":"wp","href":"https:\/\/api.w.org\/{rel}","templated":true}]}}