{"id":35586,"date":"2025-02-20T23:37:33","date_gmt":"2025-02-20T22:37:33","guid":{"rendered":"http:\/\/olemosaic.com\/producto\/cucharon-de-ceramica-sardinas-blanco\/"},"modified":"2025-07-25T20:08:19","modified_gmt":"2025-07-25T18:08:19","slug":"louche-en-ceramique-sardines-blanc-et-bleu","status":"publish","type":"product","link":"https:\/\/olemosaic.com\/fr\/produit\/louche-en-ceramique-sardines-blanc-et-bleu\/","title":{"rendered":"Louche en c\u00e9ramique. Sardines. Blanc et bleu."},"content":{"rendered":"<p>Cette louche en c\u00e9ramique, d\u00e9cor\u00e9e de sardines color\u00e9es, est un v\u00e9ritable tr\u00e9sor de la tradition m\u00e9diterran\u00e9enne, id\u00e9ale pour servir et pr\u00e9senter vos plats avec une touche unique. Son design \u00e9l\u00e9gant en blanc met en valeur un impressionnant motif bleu marine \u00e9voquant les azulejos espagnols classiques, offrant une esth\u00e9tique visuellement attrayante et riche en culture. Sur la partie sup\u00e9rieure de la louche, on peut appr\u00e9cier des sardines vibrantes aux tons rouges, oranges et verts, chaque d\u00e9tail \u00e9tant peint \u00e0 la main pour \u00e9voquer la fra\u00eecheur et la richesse de la mer. Cet ustensile n&rsquo;est pas seulement fonctionnel, il agit \u00e9galement comme une pi\u00e8ce d\u00e9corative qui peut embellir n&rsquo;importe quelle cuisine ou table.<\/p>\n<p>La louche capture l&rsquo;essence du mode de vie m\u00e9diterran\u00e9en, o\u00f9 la p\u00eache est une partie fondamentale de la culture locale. Son design souligne non seulement l&rsquo;authenticit\u00e9 de la gastronomie espagnole, mais offre \u00e9galement une connexion \u00e9motionnelle pour les touristes \u00e0 la recherche de souvenirs repr\u00e9sentant leur exp\u00e9rience dans le pays. Cette louche est une excellente option pour les boutiques de cadeaux touristiques cherchant \u00e0 proposer des produits uniques et repr\u00e9sentatifs de la culture espagnole. Chez Ol\u00e9 Mosaic, nous nous sp\u00e9cialisons dans la distribution d&rsquo;ustensiles de cuisine en gros, et cette louche sardines s&rsquo;int\u00e8gre parfaitement \u00e0 notre offre de souvenirs authentiques et de haute qualit\u00e9.<\/p>\n","protected":false},"excerpt":{"rendered":"<p>Louche en c\u00e9ramique d\u00e9cor\u00e9e de joyeuses sardines, id\u00e9ale pour servir et pr\u00e9senter vos plats avec une touche unique de la tradition m\u00e9diterran\u00e9enne. Cet \u00e9l\u00e9gant ustensile de cuisine, avec une finition blanche et un motif bleu marine rappelant les carreaux typiques, pr\u00e9sente des sardines aux tons vibrants de rouge, orange et vert. Parfait pour ajouter un d\u00e9tail distinctif \u00e0 vos repas ou comme pi\u00e8ce d\u00e9corative.<\/p>\n","protected":false},"featured_media":8889,"template":"","meta":{"_acf_changed":false},"product_brand":[],"product_cat":[798],"product_tag":[530,585],"class_list":{"0":"post-35586","1":"product","2":"type-product","3":"status-publish","4":"has-post-thumbnail","6":"product_cat-louches","7":"product_tag-animaux","8":"product_tag-ceramique","9":"pa_motivo-sardines","11":"first","12":"instock","13":"shipping-taxable","14":"product-type-simple"},"acf":[],"_links":{"self":[{"href":"https:\/\/olemosaic.com\/fr\/wp-json\/wp\/v2\/product\/35586","targetHints":{"allow":["GET"]}}],"collection":[{"href":"https:\/\/olemosaic.com\/fr\/wp-json\/wp\/v2\/product"}],"about":[{"href":"https:\/\/olemosaic.com\/fr\/wp-json\/wp\/v2\/types\/product"}],"wp:featuredmedia":[{"embeddable":true,"href":"https:\/\/olemosaic.com\/fr\/wp-json\/wp\/v2\/media\/8889"}],"wp:attachment":[{"href":"https:\/\/olemosaic.com\/fr\/wp-json\/wp\/v2\/media?parent=35586"}],"wp:term":[{"taxonomy":"product_brand","embeddable":true,"href":"https:\/\/olemosaic.com\/fr\/wp-json\/wp\/v2\/product_brand?post=35586"},{"taxonomy":"product_cat","embeddable":true,"href":"https:\/\/olemosaic.com\/fr\/wp-json\/wp\/v2\/product_cat?post=35586"},{"taxonomy":"product_tag","embeddable":true,"href":"https:\/\/olemosaic.com\/fr\/wp-json\/wp\/v2\/product_tag?post=35586"}],"curies":[{"name":"wp","href":"https:\/\/api.w.org\/{rel}","templated":true}]}}