{"id":35576,"date":"2025-02-20T22:37:32","date_gmt":"2025-02-20T22:37:32","guid":{"rendered":"http:\/\/olemosaic.com\/producto\/cortador-de-ceramica-salamandra-gran-canaria\/"},"modified":"2025-07-25T19:53:36","modified_gmt":"2025-07-25T17:53:36","slug":"coupe-pizza-ceramique-salamandre-gran-canaria","status":"publish","type":"product","link":"https:\/\/olemosaic.com\/fr\/produit\/coupe-pizza-ceramique-salamandre-gran-canaria\/","title":{"rendered":"Coupe-pizza en c\u00e9ramique. Salamandre. Gran Canaria."},"content":{"rendered":"<p>Coupe-pizza en c\u00e9ramique inspir\u00e9 de la richesse culturelle de Gran Canaria, d\u00e9cor\u00e9 d&rsquo;un design vibrant de salamandres en mosa\u00efque. Ce coupeur n&rsquo;est pas seulement un outil fonctionnel pour la cuisine, mais aussi une \u0153uvre d&rsquo;art qui c\u00e9l\u00e8bre l&rsquo;essence de l&rsquo;\u00eele. \u00c9labor\u00e9 avec des mat\u00e9riaux r\u00e9sistants, il pr\u00e9sente une combinaison color\u00e9e de bleus, verts, rouges et jaunes, qui repr\u00e9sente la biodiversit\u00e9 caract\u00e9ristique de Gran Canaria. Les salamandres, illustr\u00e9es de mani\u00e8re stylis\u00e9e, s&rsquo;entrelacent avec de d\u00e9licates fleurs, \u00e9voquant la riche flore canarienne et les motifs typiques de l&rsquo;art de la mosa\u00efque qui ornent de nombreux espaces publics de l&rsquo;\u00eele.<\/p>\n<p>Avec le titre \u00ab\u00a0Gran Canaria\u00a0\u00bb mis en avant sur la partie sup\u00e9rieure, ce coupeur n&rsquo;ajoute pas seulement de la couleur et de la personnalit\u00e9 \u00e0 n&rsquo;importe quelle cuisine, mais devient \u00e9galement un souvenir significatif pour ceux qui ont visit\u00e9 cette belle r\u00e9gion. C&rsquo;est un excellent souvenir qui encapsule l&rsquo;authenticit\u00e9 et la culture locale, id\u00e9al pour les touristes recherchant une touche artistique dans leurs ustensiles. Chez Ol\u00e9 Mosaic, nous sommes fiers d&rsquo;\u00eatre des distributeurs de souvenirs authentiques, fournissant des articles de qualit\u00e9 comme ce coupe-pizza en c\u00e9ramique, qui repr\u00e9sentent le meilleur de la tradition canarienne. Une option parfaite pour les boutiques de cadeaux touristiques souhaitant proposer des produits qui racontent une histoire.<\/p>\n","protected":false},"excerpt":{"rendered":"<p>Coupe-pizza en c\u00e9ramique inspir\u00e9 de la richesse culturelle de Gran Canaria, d\u00e9cor\u00e9 d&rsquo;un design vibrant de salamandres en mosa\u00efque. Fabriqu\u00e9 dans un mat\u00e9riau r\u00e9sistant, ce produit pr\u00e9sente une combinaison color\u00e9e de bleus, verts, rouges et jaunes, entour\u00e9e de fleurs \u00e9voquant la flore canarienne. Id\u00e9al pour ceux qui souhaitent ajouter une touche artistique \u00e0 leur cuisine, ce coupeur est un hommage aux \u00e9l\u00e9ments distinctifs de l&rsquo;\u00eele, avec une finition attrayante et voyante.<\/p>\n","protected":false},"featured_media":13955,"template":"","meta":{"_acf_changed":false},"product_brand":[],"product_cat":[832],"product_tag":[530,585],"class_list":{"0":"post-35576","1":"product","2":"type-product","3":"status-publish","4":"has-post-thumbnail","6":"product_cat-emporte-pieces","7":"product_tag-animaux","8":"product_tag-ceramique","9":"pa_ciudad-gran-canaria","10":"pa_motivo-salamandres","11":"pa_pais-espana","13":"first","14":"instock","15":"shipping-taxable","16":"product-type-simple"},"acf":[],"_links":{"self":[{"href":"https:\/\/olemosaic.com\/fr\/wp-json\/wp\/v2\/product\/35576","targetHints":{"allow":["GET"]}}],"collection":[{"href":"https:\/\/olemosaic.com\/fr\/wp-json\/wp\/v2\/product"}],"about":[{"href":"https:\/\/olemosaic.com\/fr\/wp-json\/wp\/v2\/types\/product"}],"wp:featuredmedia":[{"embeddable":true,"href":"https:\/\/olemosaic.com\/fr\/wp-json\/wp\/v2\/media\/13955"}],"wp:attachment":[{"href":"https:\/\/olemosaic.com\/fr\/wp-json\/wp\/v2\/media?parent=35576"}],"wp:term":[{"taxonomy":"product_brand","embeddable":true,"href":"https:\/\/olemosaic.com\/fr\/wp-json\/wp\/v2\/product_brand?post=35576"},{"taxonomy":"product_cat","embeddable":true,"href":"https:\/\/olemosaic.com\/fr\/wp-json\/wp\/v2\/product_cat?post=35576"},{"taxonomy":"product_tag","embeddable":true,"href":"https:\/\/olemosaic.com\/fr\/wp-json\/wp\/v2\/product_tag?post=35576"}],"curies":[{"name":"wp","href":"https:\/\/api.w.org\/{rel}","templated":true}]}}