{"id":35553,"date":"2025-02-20T22:37:32","date_gmt":"2025-02-20T22:37:32","guid":{"rendered":"http:\/\/olemosaic.com\/producto\/cortador-de-ceramica-mariposa-mallorca\/"},"modified":"2025-07-25T20:30:53","modified_gmt":"2025-07-25T18:30:53","slug":"coupe-pizza-ceramique-papillon-majorque","status":"publish","type":"product","link":"https:\/\/olemosaic.com\/fr\/produit\/coupe-pizza-ceramique-papillon-majorque\/","title":{"rendered":"Coupe-pizza en c\u00e9ramique. Papillon. Majorque."},"content":{"rendered":"<p>Ce coupe-pizza en c\u00e9ramique, inspir\u00e9 du folklore vibrant de Majorque, est une v\u00e9ritable \u0153uvre d&rsquo;art, parfaite pour ceux qui souhaitent emporter un morceau de cette belle \u00eele chez eux. Con\u00e7u avec des illustrations de papillons dans une magnifique mosa\u00efque de couleurs, le produit se distingue par ses motifs floraux et ses papillons aux tons vifs de bleu, orange et jaune. Son design frais et color\u00e9 \u00e9voque la riche tradition artistique majorquine, o\u00f9 la mosa\u00efque et la nature s&rsquo;entrelacent pour cr\u00e9er des pi\u00e8ces uniques repr\u00e9sentant l&rsquo;essence de la culture locale.<\/p>\n<p>Les papillons, symbole de transformation et de beaut\u00e9, ornent ce coupe-pizza, soulignant sa qualit\u00e9 artisanale et l&rsquo;attention port\u00e9e aux d\u00e9tails dans chaque trait. Id\u00e9al pour ceux qui recherchent des souvenirs distinctifs, ce coupe-pizza en c\u00e9ramique n&rsquo;est pas seulement fonctionnel, il devient \u00e9galement un \u00e9l\u00e9ment d\u00e9coratif qui se d\u00e9marque dans n&rsquo;importe quelle cuisine. De plus, son lien culturel avec Majorque en fait le cadeau parfait pour les touristes et les visiteurs qui souhaitent un souvenir authentique et repr\u00e9sentatif de l&rsquo;\u00eele. Chez Ol\u00e9 Mosaic, en tant que distributeurs de souvenirs, nous proposons des produits exclusifs comme ce coupe-pizza, garantissant la qualit\u00e9 et l&rsquo;authenticit\u00e9 dont nos clients ont besoin.<\/p>\n","protected":false},"excerpt":{"rendered":"<p>Coupe-pizza en c\u00e9ramique inspir\u00e9 du folklore vibrant de Majorque, d\u00e9cor\u00e9 d&rsquo;illustrations de papillons dans une mosa\u00efque de couleurs vibrantes. Le coupe-pizza pr\u00e9sente des motifs floraux et des papillons aux tons vifs de bleu, orange et jaune, \u00e9voquant la riche tradition artistique de l&rsquo;\u00eele. Son design, frais et color\u00e9, est id\u00e9al pour ceux qui souhaitent emporter un morceau de Majorque chez eux.<\/p>\n","protected":false},"featured_media":13952,"template":"","meta":{"_acf_changed":false},"product_brand":[],"product_cat":[832],"product_tag":[530,585],"class_list":{"0":"post-35553","1":"product","2":"type-product","3":"status-publish","4":"has-post-thumbnail","6":"product_cat-emporte-pieces","7":"product_tag-animaux","8":"product_tag-ceramique","9":"pa_ciudad-mallorca","10":"pa_motivo-papillons","11":"pa_pais-espana","13":"first","14":"instock","15":"shipping-taxable","16":"product-type-simple"},"acf":[],"_links":{"self":[{"href":"https:\/\/olemosaic.com\/fr\/wp-json\/wp\/v2\/product\/35553","targetHints":{"allow":["GET"]}}],"collection":[{"href":"https:\/\/olemosaic.com\/fr\/wp-json\/wp\/v2\/product"}],"about":[{"href":"https:\/\/olemosaic.com\/fr\/wp-json\/wp\/v2\/types\/product"}],"wp:featuredmedia":[{"embeddable":true,"href":"https:\/\/olemosaic.com\/fr\/wp-json\/wp\/v2\/media\/13952"}],"wp:attachment":[{"href":"https:\/\/olemosaic.com\/fr\/wp-json\/wp\/v2\/media?parent=35553"}],"wp:term":[{"taxonomy":"product_brand","embeddable":true,"href":"https:\/\/olemosaic.com\/fr\/wp-json\/wp\/v2\/product_brand?post=35553"},{"taxonomy":"product_cat","embeddable":true,"href":"https:\/\/olemosaic.com\/fr\/wp-json\/wp\/v2\/product_cat?post=35553"},{"taxonomy":"product_tag","embeddable":true,"href":"https:\/\/olemosaic.com\/fr\/wp-json\/wp\/v2\/product_tag?post=35553"}],"curies":[{"name":"wp","href":"https:\/\/api.w.org\/{rel}","templated":true}]}}