{"id":35552,"date":"2025-02-20T22:37:32","date_gmt":"2025-02-20T22:37:32","guid":{"rendered":"http:\/\/olemosaic.com\/producto\/cortador-de-ceramica-salamandra-y-flores-gran-canaria\/"},"modified":"2025-07-25T18:42:01","modified_gmt":"2025-07-25T16:42:01","slug":"coupe-pizza-ceramique-salamandre-et-fleurs-grande-canarie","status":"publish","type":"product","link":"https:\/\/olemosaic.com\/fr\/produit\/coupe-pizza-ceramique-salamandre-et-fleurs-grande-canarie\/","title":{"rendered":"Coupe-pizza en c\u00e9ramique. Salamandre et fleurs. Grande Canarie."},"content":{"rendered":"<p>Ce coupe-pizza en c\u00e9ramique de Grande Canarie est indispensable pour tout passionn\u00e9 de cuisine qui appr\u00e9cie autant la fonctionnalit\u00e9 que l&rsquo;art. Son design vibrant et color\u00e9 s&rsquo;inspire de la riche flore et faune de cette magnifique \u00eele des Canaries, avec des salamandres aux tons brillants de rouge et de vert, entour\u00e9es de fleurs aux teintes bleues, jaunes et orange. Ce style de mosa\u00efque souligne non seulement la biodiversit\u00e9 de la Grande Canarie, mais rend \u00e9galement hommage aux traditions artistiques locales.<\/p>\n<p>Avec une forme ergonomique qui facilite son utilisation, ce coupe-pizza combine parfaitement esth\u00e9tique et praticit\u00e9, devenant un point focal attrayant dans la cuisine. Chaque d\u00e9tail du coupe-pizza \u00e9voque la joie et l&rsquo;esprit vibrant de l&rsquo;\u00eele, ce qui en fait un souvenir id\u00e9al pour les touristes \u00e0 la recherche d&rsquo;un souvenir authentique et repr\u00e9sentatif de la Grande Canarie. En choisissant ce coupe-pizza, on n&rsquo;acquiert pas seulement un ustensile de cuisine, mais aussi une pi\u00e8ce qui partage la culture et le mode de vie canarien.<\/p>\n<p>Chez Ol\u00e9 Mosaic, nous nous sp\u00e9cialisons dans la distribution de souvenirs en gros, offrant des produits authentiques et de haute qualit\u00e9 qui refl\u00e8tent l&rsquo;essence des r\u00e9gions espagnoles. Ce coupe-pizza en c\u00e9ramique est une excellente option pour les boutiques de cadeaux touristiques souhaitant proposer un produit fonctionnel avec une forte valeur culturelle. En tant que grossistes de souvenirs en c\u00e9ramique, nous garantissons que chaque pi\u00e8ce repr\u00e9sente l&rsquo;authenticit\u00e9 et la cr\u00e9ativit\u00e9 de l&rsquo;artisanat local.<\/p>\n","protected":false},"excerpt":{"rendered":"<p>Coupe-pizza en c\u00e9ramique avec un design vibrant inspir\u00e9 de la flore et de la faune de la Grande Canarie. Cet ustensile pratique pr\u00e9sente des images de salamandres aux couleurs vives, comme le rouge et le vert, entour\u00e9es de fleurs aux tons bleus, jaunes et orange, le tout dans un style mosa\u00efque refl\u00e9tant l&rsquo;art local. Id\u00e9al pour toute cuisine, sa forme ergonomique et son design attrayant en font un souvenir fonctionnel et tr\u00e8s frappant.<\/p>\n","protected":false},"featured_media":13951,"template":"","meta":{"_acf_changed":false},"product_brand":[],"product_cat":[832],"product_tag":[530,585],"class_list":{"0":"post-35552","1":"product","2":"type-product","3":"status-publish","4":"has-post-thumbnail","6":"product_cat-emporte-pieces","7":"product_tag-animaux","8":"product_tag-ceramique","9":"pa_ciudad-gran-canaria","10":"pa_motivo-salamandres","11":"pa_pais-espana","13":"first","14":"instock","15":"shipping-taxable","16":"product-type-simple"},"acf":[],"_links":{"self":[{"href":"https:\/\/olemosaic.com\/fr\/wp-json\/wp\/v2\/product\/35552","targetHints":{"allow":["GET"]}}],"collection":[{"href":"https:\/\/olemosaic.com\/fr\/wp-json\/wp\/v2\/product"}],"about":[{"href":"https:\/\/olemosaic.com\/fr\/wp-json\/wp\/v2\/types\/product"}],"wp:featuredmedia":[{"embeddable":true,"href":"https:\/\/olemosaic.com\/fr\/wp-json\/wp\/v2\/media\/13951"}],"wp:attachment":[{"href":"https:\/\/olemosaic.com\/fr\/wp-json\/wp\/v2\/media?parent=35552"}],"wp:term":[{"taxonomy":"product_brand","embeddable":true,"href":"https:\/\/olemosaic.com\/fr\/wp-json\/wp\/v2\/product_brand?post=35552"},{"taxonomy":"product_cat","embeddable":true,"href":"https:\/\/olemosaic.com\/fr\/wp-json\/wp\/v2\/product_cat?post=35552"},{"taxonomy":"product_tag","embeddable":true,"href":"https:\/\/olemosaic.com\/fr\/wp-json\/wp\/v2\/product_tag?post=35552"}],"curies":[{"name":"wp","href":"https:\/\/api.w.org\/{rel}","templated":true}]}}