{"id":35550,"date":"2025-02-20T23:37:31","date_gmt":"2025-02-20T22:37:31","guid":{"rendered":"http:\/\/olemosaic.com\/producto\/cortador-de-ceramica-salamandra-mallorca-2\/"},"modified":"2025-07-25T19:41:44","modified_gmt":"2025-07-25T17:41:44","slug":"coupe-pizza-ceramique-salamandre-majorque-2","status":"publish","type":"product","link":"https:\/\/olemosaic.com\/fr\/produit\/coupe-pizza-ceramique-salamandre-majorque-2\/","title":{"rendered":"Coupe-pizza en c\u00e9ramique. Salamandre. Motifs floraux. Majorque."},"content":{"rendered":"<p>Ce coupe-pizza d\u00e9coratif en c\u00e9ramique, inspir\u00e9 de l&rsquo;art des salamandres de Majorque, est une pi\u00e8ce exceptionnelle qui fusionne fonctionnalit\u00e9 et esth\u00e9tique. Son design vibrant pr\u00e9sente une repr\u00e9sentation color\u00e9e de salamandres dans des tons intenses de rouge, vert et bleu, entrelac\u00e9es de magnifiques fleurs rouges sur un fond de mosa\u00efque gris. Ce motif non seulement embellit l&rsquo;objet, mais \u00e9voque \u00e9galement le riche patrimoine culturel des Bal\u00e9ares, o\u00f9 la c\u00e9ramique artistiquement d\u00e9cor\u00e9e est un symbole traditionnel.<\/p>\n<p>Fabriqu\u00e9 en c\u00e9ramique de haute qualit\u00e9, ce coupe-pizza est id\u00e9al pour les amateurs de gastronomie et d&rsquo;art, transformant chaque moment en cuisine en une exp\u00e9rience cr\u00e9ative et visuellement attrayante. Les couleurs vives et le design complexe font de ce coupe-pizza un excellent choix pour orner n&rsquo;importe quelle table ou cuisine, devenant un objet de conversation qui invite \u00e0 l&rsquo;admiration. Ce souvenir de Majorque est plus qu&rsquo;un ustensile ; c&rsquo;est un rappel tangible de la beaut\u00e9 des \u00eeles Bal\u00e9ares et de leur tradition artisanale.<\/p>\n<p>Chez Ol\u00e9 Mosaic, nous nous sp\u00e9cialisons dans la distribution de souvenirs en gros, et cet article est parfait pour les boutiques de cadeaux touristiques \u00e0 la recherche de produits authentiques et repr\u00e9sentatifs. Avec son design unique, ce coupe-pizza en c\u00e9ramique ne captivera pas seulement les touristes, mais sera \u00e9galement un t\u00e9moignage impressionnant de la culture majorquine dans n&rsquo;importe quel foyer.<\/p>\n","protected":false},"excerpt":{"rendered":"<p>Coupe-pizza d\u00e9coratif en c\u00e9ramique inspir\u00e9 de l&rsquo;art des salamandres majorquines. Ce coupe-pizza exclusif pr\u00e9sente un design color\u00e9 avec des salamandres aux tons vibrants de rouge, vert et bleu, entrelac\u00e9es de fleurs rouges sur un fond de mosa\u00efque gris, \u00e9voquant le charme culturel des Bal\u00e9ares. Fabriqu\u00e9 en c\u00e9ramique, cet article est \u00e0 la fois fonctionnel et une pi\u00e8ce d&rsquo;art qui orne n&rsquo;importe quelle cuisine. Id\u00e9al pour les amateurs d&rsquo;art et de gastronomie.<\/p>\n","protected":false},"featured_media":13949,"template":"","meta":{"_acf_changed":false},"product_brand":[],"product_cat":[832],"product_tag":[530,585],"class_list":{"0":"post-35550","1":"product","2":"type-product","3":"status-publish","4":"has-post-thumbnail","6":"product_cat-emporte-pieces","7":"product_tag-animaux","8":"product_tag-ceramique","9":"pa_ciudad-mallorca","10":"pa_motivo-salamandres","11":"pa_pais-espana","13":"first","14":"instock","15":"shipping-taxable","16":"product-type-simple"},"acf":[],"_links":{"self":[{"href":"https:\/\/olemosaic.com\/fr\/wp-json\/wp\/v2\/product\/35550","targetHints":{"allow":["GET"]}}],"collection":[{"href":"https:\/\/olemosaic.com\/fr\/wp-json\/wp\/v2\/product"}],"about":[{"href":"https:\/\/olemosaic.com\/fr\/wp-json\/wp\/v2\/types\/product"}],"wp:featuredmedia":[{"embeddable":true,"href":"https:\/\/olemosaic.com\/fr\/wp-json\/wp\/v2\/media\/13949"}],"wp:attachment":[{"href":"https:\/\/olemosaic.com\/fr\/wp-json\/wp\/v2\/media?parent=35550"}],"wp:term":[{"taxonomy":"product_brand","embeddable":true,"href":"https:\/\/olemosaic.com\/fr\/wp-json\/wp\/v2\/product_brand?post=35550"},{"taxonomy":"product_cat","embeddable":true,"href":"https:\/\/olemosaic.com\/fr\/wp-json\/wp\/v2\/product_cat?post=35550"},{"taxonomy":"product_tag","embeddable":true,"href":"https:\/\/olemosaic.com\/fr\/wp-json\/wp\/v2\/product_tag?post=35550"}],"curies":[{"name":"wp","href":"https:\/\/api.w.org\/{rel}","templated":true}]}}