{"id":35549,"date":"2025-02-20T22:37:31","date_gmt":"2025-02-20T22:37:31","guid":{"rendered":"http:\/\/olemosaic.com\/producto\/cortador-de-ceramica-sardinas\/"},"modified":"2025-07-25T19:52:37","modified_gmt":"2025-07-25T17:52:37","slug":"coupe-pizza-ceramique-sardines","status":"publish","type":"product","link":"https:\/\/olemosaic.com\/fr\/produit\/coupe-pizza-ceramique-sardines\/","title":{"rendered":"Coupe-pizza en c\u00e9ramique. Sardines."},"content":{"rendered":"<p>Ce coupe-pizza en c\u00e9ramique d\u00e9cor\u00e9 de sardines capture l&rsquo;essence de la gastronomie et de la tradition de p\u00eache de la c\u00f4te espagnole. Son design vibrant pr\u00e9sente un fond bleu orn\u00e9 de motifs g\u00e9om\u00e9triques \u00e9voquant la culture m\u00e9diterran\u00e9enne, tandis que les sardines, peintes dans des tons rouges, jaunes, verts et bleus, prennent vie avec un style artistique unique qui souligne la richesse des produits de la mer. Fabriqu\u00e9 en c\u00e9ramique de haute qualit\u00e9, ce coupe-pizza allie fonctionnalit\u00e9 et esth\u00e9tique, devenant un \u00e9l\u00e9ment indispensable pour la cuisine des amateurs de gastronomie.<\/p>\n<p>La repr\u00e9sentation des sardines, symbole de la cuisine traditionnelle espagnole, apporte non seulement une touche color\u00e9e et joyeuse \u00e0 l&rsquo;espace culinaire, mais rend \u00e9galement hommage \u00e0 l&rsquo;h\u00e9ritage maritime de l&rsquo;Espagne, o\u00f9 la p\u00eache est une partie fondamentale de la vie c\u00f4ti\u00e8re. Ce produit est id\u00e9al aussi bien pour un usage quotidien que pour \u00eatre expos\u00e9 dans les restaurants et les foyers, \u00e9voquant les c\u00f4tes vibrantes et la culture de la p\u00eache du pays.<\/p>\n<p>Chez Ol\u00e9 Mosaic, nous nous sp\u00e9cialisons dans l&rsquo;offre de souvenirs authentiques et de qualit\u00e9, comme ce coupe-pizza en c\u00e9ramique d\u00e9cor\u00e9, parfait pour les touristes \u00e0 la recherche d&rsquo;un souvenir significatif de la riche tradition gastronomique espagnole. Ce coupe-pizza est une excellente option pour les boutiques de cadeaux touristiques, se distinguant non seulement par son design attrayant, mais aussi par sa pertinence culturelle, transformant chaque utilisation en une c\u00e9l\u00e9bration de l&rsquo;h\u00e9ritage culinaire de l&rsquo;Espagne.<\/p>\n","protected":false},"excerpt":{"rendered":"<p>Coupe-pizza en c\u00e9ramique d\u00e9cor\u00e9 d&rsquo;un design vibrant de sardines \u00e9voquant la riche tradition de p\u00eache de la c\u00f4te espagnole. Cet ustensile de cuisine pratique, fabriqu\u00e9 en c\u00e9ramique, pr\u00e9sente un fond bleu avec des motifs g\u00e9om\u00e9triques qui contrastent \u00e9l\u00e9gamment avec les sardines, dessin\u00e9es artistiquement dans des tons rouges, jaunes, verts et bleus. Id\u00e9al pour apporter une touche color\u00e9e et authentique \u00e0 vos exp\u00e9riences culinaires, ce coupe-pizza est \u00e0 la fois fonctionnel et un \u00e9l\u00e9ment d\u00e9coratif attrayant.<\/p>\n","protected":false},"featured_media":8936,"template":"","meta":{"_acf_changed":false},"product_brand":[],"product_cat":[832],"product_tag":[530,585],"class_list":{"0":"post-35549","1":"product","2":"type-product","3":"status-publish","4":"has-post-thumbnail","6":"product_cat-emporte-pieces","7":"product_tag-animaux","8":"product_tag-ceramique","9":"pa_motivo-sardines","11":"first","12":"instock","13":"shipping-taxable","14":"product-type-simple"},"acf":[],"_links":{"self":[{"href":"https:\/\/olemosaic.com\/fr\/wp-json\/wp\/v2\/product\/35549","targetHints":{"allow":["GET"]}}],"collection":[{"href":"https:\/\/olemosaic.com\/fr\/wp-json\/wp\/v2\/product"}],"about":[{"href":"https:\/\/olemosaic.com\/fr\/wp-json\/wp\/v2\/types\/product"}],"wp:featuredmedia":[{"embeddable":true,"href":"https:\/\/olemosaic.com\/fr\/wp-json\/wp\/v2\/media\/8936"}],"wp:attachment":[{"href":"https:\/\/olemosaic.com\/fr\/wp-json\/wp\/v2\/media?parent=35549"}],"wp:term":[{"taxonomy":"product_brand","embeddable":true,"href":"https:\/\/olemosaic.com\/fr\/wp-json\/wp\/v2\/product_brand?post=35549"},{"taxonomy":"product_cat","embeddable":true,"href":"https:\/\/olemosaic.com\/fr\/wp-json\/wp\/v2\/product_cat?post=35549"},{"taxonomy":"product_tag","embeddable":true,"href":"https:\/\/olemosaic.com\/fr\/wp-json\/wp\/v2\/product_tag?post=35549"}],"curies":[{"name":"wp","href":"https:\/\/api.w.org\/{rel}","templated":true}]}}