{"id":35541,"date":"2025-02-20T22:37:31","date_gmt":"2025-02-20T22:37:31","guid":{"rendered":"http:\/\/olemosaic.com\/producto\/cortador-de-ceramica-salamandra-y-flores-fuerteventura\/"},"modified":"2025-07-25T18:38:05","modified_gmt":"2025-07-25T16:38:05","slug":"coupe-pizza-ceramique-salamandre-et-fleurs-fuerteventura","status":"publish","type":"product","link":"https:\/\/olemosaic.com\/fr\/produit\/coupe-pizza-ceramique-salamandre-et-fleurs-fuerteventura\/","title":{"rendered":"Coupe-pizza en c\u00e9ramique. Salamandre et fleurs. Fuerteventura."},"content":{"rendered":"<p>Coupe-pizza en c\u00e9ramique d\u00e9cor\u00e9 d&rsquo;un design vibrant de salamandres et de fleurs, inspir\u00e9 par l&rsquo;art de Fuerteventura. Ce coupeur pratique pr\u00e9sente une illustration color\u00e9e en mosa\u00efque, o\u00f9 deux salamandres brillantes dans des tons rouges et verts s&rsquo;entrelacent avec des fleurs bleues et jaunes, cr\u00e9ant un effet visuel joyeux et festif. Le fond, d&rsquo;un blanc d\u00e9licat, fait ressortir encore plus les couleurs vives qui \u00e9voquent la riche faune et flore des \u00eeles Canaries, refl\u00e9tant l&rsquo;esprit vibrant et exotique de la r\u00e9gion. Ce coupeur n&rsquo;est pas seulement fonctionnel, il devient aussi une pi\u00e8ce ornementale qui peut rehausser n&rsquo;importe quelle cuisine, transformant la pr\u00e9paration des aliments en une exp\u00e9rience pleine d&rsquo;art et de tradition.<\/p>\n<p>La salamandre est un symbole de transformation et de r\u00e9sistance dans diverses cultures, ce qui ajoute une touche de sens \u00e0 cet article, encapsulant l&rsquo;essence du folklore canarien. Ce coupe-pizza en c\u00e9ramique est un souvenir id\u00e9al pour ceux qui cherchent \u00e0 ramener un petit morceau de Fuerteventura chez eux, servant de pr\u00e9cieux rappel des merveilles naturelles de ces \u00eeles. Chez Ol\u00e9 Mosaic, en tant que distributeur de c\u00e9ramique en gros, nous proposons des souvenirs authentiques qui c\u00e9l\u00e8brent la culture et le patrimoine espagnols, cette pi\u00e8ce \u00e9tant une excellente option pour les boutiques de cadeaux touristiques souhaitant proposer des produits uniques et repr\u00e9sentatifs.<\/p>\n","protected":false},"excerpt":{"rendered":"<p>Coupe-pizza en c\u00e9ramique d\u00e9cor\u00e9 d&rsquo;un design vibrant de salamandres et de fleurs, inspir\u00e9 par l&rsquo;art de Fuerteventura. Ce coupeur pratique pr\u00e9sente une illustration color\u00e9e en mosa\u00efque, avec des salamandres dans des tons rouges et verts entour\u00e9es de fleurs bleues et jaunes. Id\u00e9al pour ajouter une touche festive \u00e0 la cuisine, son design joyeux capture l&rsquo;essence du folklore canarien. Parfait pour les amoureux de la c\u00e9ramique et de la culture espagnole.<\/p>\n","protected":false},"featured_media":13946,"template":"","meta":{"_acf_changed":false},"product_brand":[],"product_cat":[832],"product_tag":[530,585],"class_list":{"0":"post-35541","1":"product","2":"type-product","3":"status-publish","4":"has-post-thumbnail","6":"product_cat-emporte-pieces","7":"product_tag-animaux","8":"product_tag-ceramique","9":"pa_ciudad-fuerteventura","10":"pa_motivo-salamandres","11":"pa_pais-espana","13":"first","14":"instock","15":"shipping-taxable","16":"product-type-simple"},"acf":[],"_links":{"self":[{"href":"https:\/\/olemosaic.com\/fr\/wp-json\/wp\/v2\/product\/35541","targetHints":{"allow":["GET"]}}],"collection":[{"href":"https:\/\/olemosaic.com\/fr\/wp-json\/wp\/v2\/product"}],"about":[{"href":"https:\/\/olemosaic.com\/fr\/wp-json\/wp\/v2\/types\/product"}],"wp:featuredmedia":[{"embeddable":true,"href":"https:\/\/olemosaic.com\/fr\/wp-json\/wp\/v2\/media\/13946"}],"wp:attachment":[{"href":"https:\/\/olemosaic.com\/fr\/wp-json\/wp\/v2\/media?parent=35541"}],"wp:term":[{"taxonomy":"product_brand","embeddable":true,"href":"https:\/\/olemosaic.com\/fr\/wp-json\/wp\/v2\/product_brand?post=35541"},{"taxonomy":"product_cat","embeddable":true,"href":"https:\/\/olemosaic.com\/fr\/wp-json\/wp\/v2\/product_cat?post=35541"},{"taxonomy":"product_tag","embeddable":true,"href":"https:\/\/olemosaic.com\/fr\/wp-json\/wp\/v2\/product_tag?post=35541"}],"curies":[{"name":"wp","href":"https:\/\/api.w.org\/{rel}","templated":true}]}}