{"id":35539,"date":"2025-02-20T23:37:30","date_gmt":"2025-02-20T22:37:30","guid":{"rendered":"http:\/\/olemosaic.com\/producto\/cortador-de-ceramica-mariposa-tenerife\/"},"modified":"2025-07-25T20:22:16","modified_gmt":"2025-07-25T18:22:16","slug":"coupe-pizza-ceramique-papillon-tenerife","status":"publish","type":"product","link":"https:\/\/olemosaic.com\/fr\/produit\/coupe-pizza-ceramique-papillon-tenerife\/","title":{"rendered":"Coupe-pizza en c\u00e9ramique. Papillon. Tenerife."},"content":{"rendered":"<p>Ce coupe-pizza en c\u00e9ramique, d\u00e9cor\u00e9 d&rsquo;un design vibrant de papillons et de fleurs, est un v\u00e9ritable hommage \u00e0 la beaut\u00e9 de Tenerife. Fabriqu\u00e9 en c\u00e9ramique de haute qualit\u00e9, ce coupeur est non seulement fonctionnel, mais il ajoute \u00e9galement une touche color\u00e9e et artistique \u00e0 n&rsquo;importe quelle cuisine. Son design pr\u00e9sente une charmante mosa\u00efque de papillons dans des tons bleus, orange et verts, sur un fond blanc orn\u00e9 de fleurs jaunes, rouges et bleues, cr\u00e9ant un effet visuel joyeux et frais qui capture l&rsquo;essence des \u00eeles Canaries.<\/p>\n<p>Chaque pi\u00e8ce semble \u00eatre peinte \u00e0 la main, ce qui lui conf\u00e8re une authenticit\u00e9 in\u00e9gal\u00e9e et un caract\u00e8re unique, id\u00e9al pour ceux qui appr\u00e9cient l&rsquo;artisanat traditionnel et la culture canarienne. Ce coupe-pizza en c\u00e9ramique n&rsquo;est pas seulement un outil utile dans la cuisine, mais c&rsquo;est aussi un charmant souvenir qui refl\u00e8te la flore et la faune vibrantes de Tenerife, ce qui en fait le souvenir id\u00e9al pour les touristes qui cherchent \u00e0 emporter un morceau de cette \u00eele magique.<\/p>\n<p>Chez Ol\u00e9 Mosaic, en tant que grossiste de souvenirs, nous proposons une large gamme de produits authentiques qui c\u00e9l\u00e8brent la diversit\u00e9 culturelle de l&rsquo;Espagne et de ses r\u00e9gions. Ce coupe-pizza en c\u00e9ramique est une excellente option pour les boutiques de cadeaux touristiques \u00e0 la recherche d&rsquo;articles alliant fonctionnalit\u00e9 et valeur culturelle.<\/p>\n","protected":false},"excerpt":{"rendered":"<p>Coupe-pizza en c\u00e9ramique avec un design vibrant de papillons et de fleurs, inspir\u00e9 par la beaut\u00e9 de Tenerife. Fabriqu\u00e9 en c\u00e9ramique, ce coupeur pr\u00e9sente une mosa\u00efque color\u00e9e avec des papillons dans des tons bleus, orange et verts, sur un fond blanc parsem\u00e9 de fleurs jaunes, rouges et bleues. La technique de conception artisanale, peinte \u00e0 la main, lui donne une touche artisanale, id\u00e9ale pour les amoureux de la culture canarienne et un excellent ajout \u00e0 toute cuisine.<\/p>\n","protected":false},"featured_media":13944,"template":"","meta":{"_acf_changed":false},"product_brand":[],"product_cat":[832],"product_tag":[530,585],"class_list":{"0":"post-35539","1":"product","2":"type-product","3":"status-publish","4":"has-post-thumbnail","6":"product_cat-emporte-pieces","7":"product_tag-animaux","8":"product_tag-ceramique","9":"pa_ciudad-tenerife","10":"pa_motivo-papillons","11":"pa_pais-espana","13":"first","14":"instock","15":"shipping-taxable","16":"product-type-simple"},"acf":[],"_links":{"self":[{"href":"https:\/\/olemosaic.com\/fr\/wp-json\/wp\/v2\/product\/35539","targetHints":{"allow":["GET"]}}],"collection":[{"href":"https:\/\/olemosaic.com\/fr\/wp-json\/wp\/v2\/product"}],"about":[{"href":"https:\/\/olemosaic.com\/fr\/wp-json\/wp\/v2\/types\/product"}],"wp:featuredmedia":[{"embeddable":true,"href":"https:\/\/olemosaic.com\/fr\/wp-json\/wp\/v2\/media\/13944"}],"wp:attachment":[{"href":"https:\/\/olemosaic.com\/fr\/wp-json\/wp\/v2\/media?parent=35539"}],"wp:term":[{"taxonomy":"product_brand","embeddable":true,"href":"https:\/\/olemosaic.com\/fr\/wp-json\/wp\/v2\/product_brand?post=35539"},{"taxonomy":"product_cat","embeddable":true,"href":"https:\/\/olemosaic.com\/fr\/wp-json\/wp\/v2\/product_cat?post=35539"},{"taxonomy":"product_tag","embeddable":true,"href":"https:\/\/olemosaic.com\/fr\/wp-json\/wp\/v2\/product_tag?post=35539"}],"curies":[{"name":"wp","href":"https:\/\/api.w.org\/{rel}","templated":true}]}}