{"id":35528,"date":"2025-02-20T22:37:30","date_gmt":"2025-02-20T22:37:30","guid":{"rendered":"http:\/\/olemosaic.com\/producto\/cortador-de-ceramica-gato-tenerife\/"},"modified":"2025-07-25T18:49:27","modified_gmt":"2025-07-25T16:49:27","slug":"coupe-pizza-ceramique-chat-tenerife","status":"publish","type":"product","link":"https:\/\/olemosaic.com\/fr\/produit\/coupe-pizza-ceramique-chat-tenerife\/","title":{"rendered":"Coupe-pizza en c\u00e9ramique. Chat. Tenerife."},"content":{"rendered":"<p>Ce coupe-pizza en c\u00e9ramique, d\u00e9cor\u00e9 d&rsquo;un design vibrant de chats, est une pi\u00e8ce unique qui capture l&rsquo;essence color\u00e9e de Tenerife. Id\u00e9al pour les amoureux de la c\u00e9ramique et de l&rsquo;artisanat traditionnel, ce produit se distingue par son illustration spectaculaire en mosa\u00efque, o\u00f9 trois chats sont les protagonistes d&rsquo;une composition qui irradie la joie et la cr\u00e9ativit\u00e9. Les tons intenses de bleu, rose, orange et jaune s&rsquo;entrelacent harmonieusement, cr\u00e9ant une pi\u00e8ce visuellement captivante qui, en plus d&rsquo;\u00eatre pratique, est un \u00e9l\u00e9ment d\u00e9coratif attrayant.<\/p>\n<p>Sur la partie sup\u00e9rieure, le nom \u00ab\u00a0Tenerife\u00a0\u00bb ajoute une touche distinctive qui souligne sa connexion culturelle avec l&rsquo;\u00eele. Les chats, entour\u00e9s de papillons, symbolisent la faune locale et \u00e9voquent la chaleur et l&rsquo;esprit libre de la vie canarienne. Chaque coupe-pizza est un hommage au riche h\u00e9ritage artistique de Tenerife, ce qui en fait un souvenir parfait pour les touristes cherchant \u00e0 ramener chez eux un morceau authentique de cette charmante r\u00e9gion.<\/p>\n<p>Chez Ol\u00e9 Mosaic, nous nous sp\u00e9cialisons dans la distribution de souvenirs en gros, et ce coupe-pizza en c\u00e9ramique est une excellente option pour les boutiques de cadeaux touristiques souhaitant proposer des produits uniques, fonctionnels et culturellement repr\u00e9sentatifs. Ajoutez une touche de Tenerife \u00e0 votre collection de souvenirs avec ce charmant et color\u00e9 coupe-pizza en c\u00e9ramique de chats.<\/p>\n","protected":false},"excerpt":{"rendered":"<p>Coupe-pizza en c\u00e9ramique d\u00e9cor\u00e9 d&rsquo;un design f\u00e9lin vibrant, repr\u00e9sentant l&rsquo;essence color\u00e9e de Tenerife. Ce produit, id\u00e9al pour les amoureux de la c\u00e9ramique, pr\u00e9sente une mosa\u00efque aux tons intenses qui attire le regard : bleus, roses, oranges et jaunes s&rsquo;entrelacent dans l&rsquo;illustration de trois chats entour\u00e9s de papillons. Comprend le nom \u00ab\u00a0Tenerife\u00a0\u00bb imprim\u00e9 sur le dessus, compl\u00e9tant son attrait visuel et culturel.<\/p>\n","protected":false},"featured_media":13943,"template":"","meta":{"_acf_changed":false},"product_brand":[],"product_cat":[832],"product_tag":[530,585],"class_list":{"0":"post-35528","1":"product","2":"type-product","3":"status-publish","4":"has-post-thumbnail","6":"product_cat-emporte-pieces","7":"product_tag-animaux","8":"product_tag-ceramique","9":"pa_ciudad-tenerife","10":"pa_motivo-chats","11":"pa_pais-espana","13":"first","14":"instock","15":"shipping-taxable","16":"product-type-simple"},"acf":[],"_links":{"self":[{"href":"https:\/\/olemosaic.com\/fr\/wp-json\/wp\/v2\/product\/35528","targetHints":{"allow":["GET"]}}],"collection":[{"href":"https:\/\/olemosaic.com\/fr\/wp-json\/wp\/v2\/product"}],"about":[{"href":"https:\/\/olemosaic.com\/fr\/wp-json\/wp\/v2\/types\/product"}],"wp:featuredmedia":[{"embeddable":true,"href":"https:\/\/olemosaic.com\/fr\/wp-json\/wp\/v2\/media\/13943"}],"wp:attachment":[{"href":"https:\/\/olemosaic.com\/fr\/wp-json\/wp\/v2\/media?parent=35528"}],"wp:term":[{"taxonomy":"product_brand","embeddable":true,"href":"https:\/\/olemosaic.com\/fr\/wp-json\/wp\/v2\/product_brand?post=35528"},{"taxonomy":"product_cat","embeddable":true,"href":"https:\/\/olemosaic.com\/fr\/wp-json\/wp\/v2\/product_cat?post=35528"},{"taxonomy":"product_tag","embeddable":true,"href":"https:\/\/olemosaic.com\/fr\/wp-json\/wp\/v2\/product_tag?post=35528"}],"curies":[{"name":"wp","href":"https:\/\/api.w.org\/{rel}","templated":true}]}}