{"id":35526,"date":"2025-02-20T22:37:30","date_gmt":"2025-02-20T22:37:30","guid":{"rendered":"http:\/\/olemosaic.com\/producto\/cortador-de-ceramica-gato-lanzarote\/"},"modified":"2025-07-25T18:41:33","modified_gmt":"2025-07-25T16:41:33","slug":"coupe-pizza-ceramique-chat-lanzarote","status":"publish","type":"product","link":"https:\/\/olemosaic.com\/fr\/produit\/coupe-pizza-ceramique-chat-lanzarote\/","title":{"rendered":"Coupe-pizza en c\u00e9ramique. Chat. Lanzarote."},"content":{"rendered":"<p>Ce coupe-pizza en c\u00e9ramique, d\u00e9cor\u00e9 d&rsquo;un design vibrant de chats, est un v\u00e9ritable hommage \u00e0 l&rsquo;art et \u00e0 la culture de Lanzarote. Avec un fond en mosa\u00efque qui capture l&rsquo;essence du paysage color\u00e9 des Canaries, cet ustensile, aussi pratique qu&rsquo;esth\u00e9tique, pr\u00e9sente trois chats aux formes stylis\u00e9es qui semblent prendre vie dans un environnement festif, compl\u00e9t\u00e9s par de joyeux papillons qui voltigent autour d&rsquo;eux. Les couleurs vives \u2014 bleus, verts, rouges et jaunes \u2014 refl\u00e8tent non seulement la diversit\u00e9 naturelle de l&rsquo;\u00eele, mais aussi le riche h\u00e9ritage artistique qui caract\u00e9rise Lanzarote, c\u00e9l\u00e8bre pour son art, ses grottes volcaniques et ses paysages \u00e9blouissants.<\/p>\n<p>Ce coupe-pizza ne se distingue pas seulement par sa fonctionnalit\u00e9 en cuisine, il sert \u00e9galement de souvenir repr\u00e9sentatif de la r\u00e9gion, id\u00e9al pour les touristes \u00e0 la recherche d&rsquo;un souvenir authentique qui encapsule l&rsquo;esprit local. Ol\u00e9 Mosaic, en tant que distributeur de souvenirs en c\u00e9ramique, propose ce produit en gros, garantissant sa qualit\u00e9 et son authenticit\u00e9. C&rsquo;est une option parfaite pour les boutiques de cadeaux touristiques souhaitant int\u00e9grer un \u00e9l\u00e9ment unique et culturel dans leur offre. Avec ce coupe-pizza en c\u00e9ramique de Lanzarote, les clients n&rsquo;acqui\u00e8rent pas seulement un ustensile utile, mais une pi\u00e8ce d&rsquo;art qui ajoute une touche de joie et de tradition \u00e0 n&rsquo;importe quel foyer.<\/p>\n","protected":false},"excerpt":{"rendered":"<p>Coupe-pizza en c\u00e9ramique avec un design color\u00e9 de chats, inspir\u00e9 de l&rsquo;art de Lanzarote. Cet ustensile pratique pr\u00e9sente un fond de mosa\u00efque vibrant, avec trois chats aux formes stylis\u00e9es et des papillons qui ajoutent une touche joyeuse. Les couleurs vives, comme le bleu, le vert, le rouge et le jaune, refl\u00e8tent l&rsquo;essence du paysage canarien. Parfait pour ajouter une touche unique et fonctionnelle \u00e0 votre cuisine, ce coupe-pizza est un hommage au folklore local.<\/p>\n","protected":false},"featured_media":13941,"template":"","meta":{"_acf_changed":false},"product_brand":[],"product_cat":[832],"product_tag":[530,585],"class_list":{"0":"post-35526","1":"product","2":"type-product","3":"status-publish","4":"has-post-thumbnail","6":"product_cat-emporte-pieces","7":"product_tag-animaux","8":"product_tag-ceramique","9":"pa_ciudad-lanzarote","10":"pa_motivo-chats","11":"pa_pais-espana","13":"first","14":"instock","15":"shipping-taxable","16":"product-type-simple"},"acf":[],"_links":{"self":[{"href":"https:\/\/olemosaic.com\/fr\/wp-json\/wp\/v2\/product\/35526","targetHints":{"allow":["GET"]}}],"collection":[{"href":"https:\/\/olemosaic.com\/fr\/wp-json\/wp\/v2\/product"}],"about":[{"href":"https:\/\/olemosaic.com\/fr\/wp-json\/wp\/v2\/types\/product"}],"wp:featuredmedia":[{"embeddable":true,"href":"https:\/\/olemosaic.com\/fr\/wp-json\/wp\/v2\/media\/13941"}],"wp:attachment":[{"href":"https:\/\/olemosaic.com\/fr\/wp-json\/wp\/v2\/media?parent=35526"}],"wp:term":[{"taxonomy":"product_brand","embeddable":true,"href":"https:\/\/olemosaic.com\/fr\/wp-json\/wp\/v2\/product_brand?post=35526"},{"taxonomy":"product_cat","embeddable":true,"href":"https:\/\/olemosaic.com\/fr\/wp-json\/wp\/v2\/product_cat?post=35526"},{"taxonomy":"product_tag","embeddable":true,"href":"https:\/\/olemosaic.com\/fr\/wp-json\/wp\/v2\/product_tag?post=35526"}],"curies":[{"name":"wp","href":"https:\/\/api.w.org\/{rel}","templated":true}]}}