{"id":35525,"date":"2025-02-20T22:37:30","date_gmt":"2025-02-20T22:37:30","guid":{"rendered":"http:\/\/olemosaic.com\/producto\/cortador-de-ceramica-gato-mallorca\/"},"modified":"2025-07-25T19:43:57","modified_gmt":"2025-07-25T17:43:57","slug":"coupe-pizza-ceramique-chat-majorque","status":"publish","type":"product","link":"https:\/\/olemosaic.com\/fr\/produit\/coupe-pizza-ceramique-chat-majorque\/","title":{"rendered":"Coupe-pizza en c\u00e9ramique. Chat. Majorque."},"content":{"rendered":"<p>Coupe-pizza en c\u00e9ramique d\u00e9cor\u00e9 d&rsquo;un design color\u00e9 de chats, inspir\u00e9 de la tradition artistique de Majorque. Cette pi\u00e8ce, \u00e0 la fois fonctionnelle et esth\u00e9tique, fusionne l&rsquo;art et l&rsquo;utilit\u00e9, affichant une mosa\u00efque vibrante dans des tons de bleu, vert, orange et rouge. Dans l&rsquo;illustration, trois chats dans diverses postures, entour\u00e9s de d\u00e9licats papillons, \u00e9voquent la joie et la chaleur de l&rsquo;environnement m\u00e9diterran\u00e9en. La technique employ\u00e9e se distingue par ses d\u00e9tails graphiques et l&rsquo;utilisation de couleurs vives, refl\u00e9tant le riche h\u00e9ritage culturel de Majorque, c\u00e9l\u00e8bre pour sa c\u00e9ramique et sa tradition artistique.<\/p>\n<p>Le coupe-pizza n&rsquo;est pas seulement un ustensile pratique pour la cuisine, mais aussi un souvenir attrayant qui capture l&rsquo;essence du folklore majorquin, id\u00e9al pour les amoureux des chats et des objets d\u00e9coratifs. Ce produit est une repr\u00e9sentation authentique de l&rsquo;\u00eele, parfaite pour les touristes cherchant \u00e0 emporter un morceau de la culture locale. Chez Ol\u00e9 Mosaic, nous distribuons des souvenirs en gros, et ce coupe-pizza en c\u00e9ramique est une excellente option pour les boutiques de cadeaux touristiques souhaitant proposer des articles uniques et repr\u00e9sentatifs. Avec son originalit\u00e9 et sa qualit\u00e9, le coupe-pizza en c\u00e9ramique d\u00e9cor\u00e9 de chats est un souvenir essentiel de Majorque.<\/p>\n","protected":false},"excerpt":{"rendered":"<p>Coupe-pizza en c\u00e9ramique d\u00e9cor\u00e9 d&rsquo;un design color\u00e9 de chats inspir\u00e9 de la tradition artistique de Majorque. Ce coupe-pizza pr\u00e9sente une mosa\u00efque vibrante dans des tons de bleu, vert, orange et rouge, repr\u00e9sentant trois chats dans diff\u00e9rentes postures, entour\u00e9s de papillons. La technique employ\u00e9e se distingue par ses d\u00e9tails graphiques et joyeux, en faisant un souvenir utile et attrayant qui capture l&rsquo;essence du folklore majorquin. Id\u00e9al pour les amoureux des chats et de la c\u00e9ramique artistique.<\/p>\n","protected":false},"featured_media":13940,"template":"","meta":{"_acf_changed":false},"product_brand":[],"product_cat":[832],"product_tag":[530,585],"class_list":{"0":"post-35525","1":"product","2":"type-product","3":"status-publish","4":"has-post-thumbnail","6":"product_cat-emporte-pieces","7":"product_tag-animaux","8":"product_tag-ceramique","9":"pa_ciudad-mallorca","10":"pa_motivo-chats","11":"pa_pais-espana","13":"first","14":"instock","15":"shipping-taxable","16":"product-type-simple"},"acf":[],"_links":{"self":[{"href":"https:\/\/olemosaic.com\/fr\/wp-json\/wp\/v2\/product\/35525","targetHints":{"allow":["GET"]}}],"collection":[{"href":"https:\/\/olemosaic.com\/fr\/wp-json\/wp\/v2\/product"}],"about":[{"href":"https:\/\/olemosaic.com\/fr\/wp-json\/wp\/v2\/types\/product"}],"wp:featuredmedia":[{"embeddable":true,"href":"https:\/\/olemosaic.com\/fr\/wp-json\/wp\/v2\/media\/13940"}],"wp:attachment":[{"href":"https:\/\/olemosaic.com\/fr\/wp-json\/wp\/v2\/media?parent=35525"}],"wp:term":[{"taxonomy":"product_brand","embeddable":true,"href":"https:\/\/olemosaic.com\/fr\/wp-json\/wp\/v2\/product_brand?post=35525"},{"taxonomy":"product_cat","embeddable":true,"href":"https:\/\/olemosaic.com\/fr\/wp-json\/wp\/v2\/product_cat?post=35525"},{"taxonomy":"product_tag","embeddable":true,"href":"https:\/\/olemosaic.com\/fr\/wp-json\/wp\/v2\/product_tag?post=35525"}],"curies":[{"name":"wp","href":"https:\/\/api.w.org\/{rel}","templated":true}]}}