{"id":35524,"date":"2025-02-20T23:37:30","date_gmt":"2025-02-20T22:37:30","guid":{"rendered":"http:\/\/olemosaic.com\/producto\/cortador-de-ceramica-salamandra-tenerife-2\/"},"modified":"2025-07-25T18:40:22","modified_gmt":"2025-07-25T16:40:22","slug":"coupe-pizza-ceramique-salamandre-tenerife","status":"publish","type":"product","link":"https:\/\/olemosaic.com\/fr\/produit\/coupe-pizza-ceramique-salamandre-tenerife\/","title":{"rendered":"Coupe-pizza en c\u00e9ramique. Salamandre. Tenerife."},"content":{"rendered":"<p>Ce coupe-pizza en c\u00e9ramique d\u00e9cor\u00e9 est un authentique souvenir de Tenerife qui allie utilit\u00e9 et beaut\u00e9 dans un m\u00eame objet. Fabriqu\u00e9 avec une c\u00e9ramique de haute qualit\u00e9, cet ustensile de cuisine est parfait pour ceux qui appr\u00e9cient la gastronomie canarienne tout en se rem\u00e9morant leur voyage. Son design attrayant pr\u00e9sente des salamandres frappantes dans une vari\u00e9t\u00e9 de couleurs vibrantes comme le vert, le bleu, le rouge et le jaune, qui semblent prendre vie sur un fond de mosa\u00efque blanc et gris. Ce motif n&rsquo;est pas seulement visuellement percutant, il refl\u00e8te \u00e9galement le riche folklore de l&rsquo;\u00eele, o\u00f9 la salamandre est un symbole de la nature exub\u00e9rante et de la faune locale.<\/p>\n<p>Le mot \u00ab\u00a0Tenerife\u00a0\u00bb, \u00e9l\u00e9gamment imprim\u00e9 sur la partie sup\u00e9rieure du coupe-pizza, lui conf\u00e8re une touche distinctive et m\u00e9morable, en faisant un magnifique souvenir pour les touristes cherchant \u00e0 emporter un morceau de la culture canarienne. Ce coupeur n&rsquo;est pas seulement fonctionnel, il agit \u00e9galement comme un \u00e9l\u00e9ment d\u00e9coratif qui peut embellir n&rsquo;importe quelle cuisine. Chez Ol\u00e9 Mosaic, nous nous sp\u00e9cialisons dans la distribution de souvenirs en gros, et ce coupe-pizza en c\u00e9ramique est une excellente option pour les boutiques de cadeaux touristiques souhaitant proposer des produits authentiques et repr\u00e9sentatifs de Tenerife. Avec son m\u00e9lange parfait d&rsquo;art et de praticit\u00e9, ce souvenir contribue \u00e0 transformer chaque exp\u00e9rience culinaire en un souvenir inoubliable de l&rsquo;\u00eele.<\/p>\n","protected":false},"excerpt":{"rendered":"<p>Coupe-pizza en c\u00e9ramique d\u00e9cor\u00e9 d&rsquo;un design attrayant de salamandres et de fleurs, inspir\u00e9 du folklore de Tenerife. Cet ustensile de cuisine, fabriqu\u00e9 en c\u00e9ramique de haute qualit\u00e9, pr\u00e9sente un design artisanal fini, peint \u00e0 la main, qui souligne les couleurs vibrantes des salamandres : verts, bleus, rouges et jaunes, sur un fond de mosa\u00efque blanc et gris. Le mot \u00ab\u00a0Tenerife\u00a0\u00bb est imprim\u00e9 sur le dessus, ajoutant une touche distinctive \u00e0 ce souvenir. Id\u00e9al pour ceux qui appr\u00e9cient l&rsquo;artisanat canarien.<\/p>\n","protected":false},"featured_media":13939,"template":"","meta":{"_acf_changed":false},"product_brand":[],"product_cat":[832],"product_tag":[530,585],"class_list":{"0":"post-35524","1":"product","2":"type-product","3":"status-publish","4":"has-post-thumbnail","6":"product_cat-emporte-pieces","7":"product_tag-animaux","8":"product_tag-ceramique","9":"pa_ciudad-tenerife","10":"pa_motivo-salamandres","11":"pa_pais-espana","13":"first","14":"instock","15":"shipping-taxable","16":"product-type-simple"},"acf":[],"_links":{"self":[{"href":"https:\/\/olemosaic.com\/fr\/wp-json\/wp\/v2\/product\/35524","targetHints":{"allow":["GET"]}}],"collection":[{"href":"https:\/\/olemosaic.com\/fr\/wp-json\/wp\/v2\/product"}],"about":[{"href":"https:\/\/olemosaic.com\/fr\/wp-json\/wp\/v2\/types\/product"}],"wp:featuredmedia":[{"embeddable":true,"href":"https:\/\/olemosaic.com\/fr\/wp-json\/wp\/v2\/media\/13939"}],"wp:attachment":[{"href":"https:\/\/olemosaic.com\/fr\/wp-json\/wp\/v2\/media?parent=35524"}],"wp:term":[{"taxonomy":"product_brand","embeddable":true,"href":"https:\/\/olemosaic.com\/fr\/wp-json\/wp\/v2\/product_brand?post=35524"},{"taxonomy":"product_cat","embeddable":true,"href":"https:\/\/olemosaic.com\/fr\/wp-json\/wp\/v2\/product_cat?post=35524"},{"taxonomy":"product_tag","embeddable":true,"href":"https:\/\/olemosaic.com\/fr\/wp-json\/wp\/v2\/product_tag?post=35524"}],"curies":[{"name":"wp","href":"https:\/\/api.w.org\/{rel}","templated":true}]}}