{"id":35523,"date":"2025-02-20T23:37:29","date_gmt":"2025-02-20T22:37:29","guid":{"rendered":"http:\/\/olemosaic.com\/producto\/cortador-de-ceramica-toros-sevilla\/"},"modified":"2025-07-25T20:16:34","modified_gmt":"2025-07-25T18:16:34","slug":"coupe-pate-en-ceramique-taureaux-seville","status":"publish","type":"product","link":"https:\/\/olemosaic.com\/fr\/produit\/coupe-pate-en-ceramique-taureaux-seville\/","title":{"rendered":"Coupe-p\u00e2te en c\u00e9ramique. Taureaux. S\u00e9ville."},"content":{"rendered":"<p>Ce coupe-p\u00e2te en c\u00e9ramique d\u00e9cor\u00e9 est un hommage vibrant \u00e0 la riche tradition taurine de S\u00e9ville, parfait pour les amateurs de culture andalouse et de gastronomie espagnole. Avec un design \u00e9voquant le style mosa\u00efque, cet ustensile pr\u00e9sente une illustration captivante d&rsquo;un taureau rouge et d&rsquo;un autre bleu, encadr\u00e9s par un fond resplendissant de fleurs et de soleils brillants qui apportent un air festif et color\u00e9. Chaque taureau, m\u00e9ticuleusement peint \u00e0 la main, se distingue par ses couleurs intenses et ses d\u00e9tails artistiques, ce qui conf\u00e8re \u00e0 chaque pi\u00e8ce une authenticit\u00e9 unique.<\/p>\n<p>Le coupe-p\u00e2te, fabriqu\u00e9 en c\u00e9ramique de haute qualit\u00e9, garantit non seulement la durabilit\u00e9 pour un usage quotidien, mais sert \u00e9galement d&rsquo;\u00e9l\u00e9ment d\u00e9coratif attrayant pour toute cuisine. Son design pratique en fait un ajout fonctionnel id\u00e9al pour ceux qui aiment cuisiner et souhaitent apporter un morceau de S\u00e9ville chez eux. De plus, ce coupe-p\u00e2te en c\u00e9ramique ne remplit pas seulement la fonction d&rsquo;ustensile, mais s&rsquo;\u00e9rige \u00e9galement comme un authentique souvenir capturant l&rsquo;essence du folklore s\u00e9villan.<\/p>\n<p>Chez Ol\u00e9 Mosaic, nous nous sp\u00e9cialisons dans la distribution de souvenirs en gros, offrant des produits qui refl\u00e8tent la culture et les traditions de l&rsquo;Espagne. Ce coupe-p\u00e2te en c\u00e9ramique est un excellent choix pour les boutiques de cadeaux touristiques cherchant des articles authentiques et de qualit\u00e9, soulignant l&rsquo;importance culturelle de la tradition taurine de S\u00e9ville. Attirez vos clients avec ce coupe-p\u00e2te qui est, sans aucun doute, un souvenir significatif et repr\u00e9sentatif de la beaut\u00e9 et de la passion de l&rsquo;Andalousie.<\/p>\n","protected":false},"excerpt":{"rendered":"<p>Coupe-p\u00e2te en c\u00e9ramique d\u00e9cor\u00e9 de taureaux color\u00e9s, repr\u00e9sentant la riche tradition taurine de S\u00e9ville. Cet ustensile de cuisine, con\u00e7u dans un style de mosa\u00efque vibrant, pr\u00e9sente un taureau rouge et un taureau bleu, encadr\u00e9s sur un fond de fleurs et de soleils brillants. Son mat\u00e9riau c\u00e9ramique assure la durabilit\u00e9, tandis que la technique de design artisanal, peint \u00e0 la main, apporte une touche artistique unique. Id\u00e9al pour les amateurs de culture andalouse et de gastronomie espagnole.<\/p>\n","protected":false},"featured_media":13938,"template":"","meta":{"_acf_changed":false},"product_brand":[],"product_cat":[832],"product_tag":[530,585],"class_list":{"0":"post-35523","1":"product","2":"type-product","3":"status-publish","4":"has-post-thumbnail","6":"product_cat-emporte-pieces","7":"product_tag-animaux","8":"product_tag-ceramique","9":"pa_ciudad-sevilla","10":"pa_motivo-taureaux","11":"pa_pais-espana","13":"first","14":"instock","15":"shipping-taxable","16":"product-type-simple"},"acf":[],"_links":{"self":[{"href":"https:\/\/olemosaic.com\/fr\/wp-json\/wp\/v2\/product\/35523","targetHints":{"allow":["GET"]}}],"collection":[{"href":"https:\/\/olemosaic.com\/fr\/wp-json\/wp\/v2\/product"}],"about":[{"href":"https:\/\/olemosaic.com\/fr\/wp-json\/wp\/v2\/types\/product"}],"wp:featuredmedia":[{"embeddable":true,"href":"https:\/\/olemosaic.com\/fr\/wp-json\/wp\/v2\/media\/13938"}],"wp:attachment":[{"href":"https:\/\/olemosaic.com\/fr\/wp-json\/wp\/v2\/media?parent=35523"}],"wp:term":[{"taxonomy":"product_brand","embeddable":true,"href":"https:\/\/olemosaic.com\/fr\/wp-json\/wp\/v2\/product_brand?post=35523"},{"taxonomy":"product_cat","embeddable":true,"href":"https:\/\/olemosaic.com\/fr\/wp-json\/wp\/v2\/product_cat?post=35523"},{"taxonomy":"product_tag","embeddable":true,"href":"https:\/\/olemosaic.com\/fr\/wp-json\/wp\/v2\/product_tag?post=35523"}],"curies":[{"name":"wp","href":"https:\/\/api.w.org\/{rel}","templated":true}]}}