{"id":35522,"date":"2025-02-20T23:37:29","date_gmt":"2025-02-20T22:37:29","guid":{"rendered":"http:\/\/olemosaic.com\/producto\/cortador-de-ceramica-salamandra-tenerife\/"},"modified":"2025-07-25T18:35:27","modified_gmt":"2025-07-25T16:35:27","slug":"coupe-pate-en-ceramique-salamandre-tenerife-blanc","status":"publish","type":"product","link":"https:\/\/olemosaic.com\/fr\/produit\/coupe-pate-en-ceramique-salamandre-tenerife-blanc\/","title":{"rendered":"Coupe-p\u00e2te en c\u00e9ramique. Salamandre. Tenerife. Blanc."},"content":{"rendered":"<p>Ce coupe-p\u00e2te en c\u00e9ramique, d\u00e9cor\u00e9 de motifs vibrants de salamandres, est un v\u00e9ritable hommage \u00e0 la biodiversit\u00e9 de Tenerife. Id\u00e9al pour les artistes et les amateurs d&rsquo;art, cet ustensile pratique n&rsquo;est pas seulement fonctionnel pour couper et fa\u00e7onner l&rsquo;argile, mais sert \u00e9galement de pi\u00e8ce de d\u00e9coration artistique. Le design pr\u00e9sente des salamandres color\u00e9es dans des tons rouges, bleus et verts, entrelac\u00e9es avec de d\u00e9licates fleurs mates sur un fond blanc, \u00e9voquant la faune et la flore uniques des \u00eeles Canaries. Orn\u00e9 d&rsquo;un design captivant en mosa\u00efque, ce coupe-p\u00e2te refl\u00e8te le style architectural et le folklore de Tenerife, o\u00f9 culture et nature s&rsquo;entrem\u00ealent de mani\u00e8re in\u00e9gal\u00e9e.<\/p>\n<p>En utilisant ce coupe-p\u00e2te, vous ne cr\u00e9erez pas seulement de magnifiques pi\u00e8ces en c\u00e9ramique, mais vous emporterez \u00e9galement avec vous un morceau du riche patrimoine culturel canarien. Chez Ol\u00e9 Mosaic, nous reconnaissons l&rsquo;importance des souvenirs authentiques et pertinents, et ce coupe-p\u00e2te est une excellente option pour les boutiques de cadeaux touristiques cherchant \u00e0 offrir des produits distinctifs et de qualit\u00e9. Avec sa combinaison d&rsquo;utilit\u00e9 et d&rsquo;esth\u00e9tique, ce coupe-p\u00e2te en c\u00e9ramique d\u00e9cor\u00e9 se positionne comme un souvenir id\u00e9al pour ceux qui souhaitent emporter un souvenir authentique de Tenerife, ainsi qu&rsquo;un t\u00e9moignage de son art et de sa nature. En tant que grossistes de coupe-p\u00e2tes en c\u00e9ramique, nous garantissons le meilleur design et l&rsquo;authenticit\u00e9 de chaque pi\u00e8ce que nous proposons.<\/p>\n","protected":false},"excerpt":{"rendered":"<p>Coupe-p\u00e2te en c\u00e9ramique d\u00e9cor\u00e9 de motifs color\u00e9s de salamandres, repr\u00e9sentant la biodiversit\u00e9 de Tenerife. Cet ustensile pratique, id\u00e9al pour couper et fa\u00e7onner l&rsquo;argile, est orn\u00e9 d&rsquo;un design vibrant en mosa\u00efque comprenant des fleurs dans des tons bleus, rouges et jaunes sur fond blanc. Avec son attrait visuel et son lien avec la culture canarienne, ce coupe-p\u00e2te est parfait pour les amateurs d&rsquo;art et de c\u00e9ramique.<\/p>\n","protected":false},"featured_media":13937,"template":"","meta":{"_acf_changed":false},"product_brand":[],"product_cat":[832],"product_tag":[530,585],"class_list":{"0":"post-35522","1":"product","2":"type-product","3":"status-publish","4":"has-post-thumbnail","6":"product_cat-emporte-pieces","7":"product_tag-animaux","8":"product_tag-ceramique","9":"pa_ciudad-tenerife","10":"pa_motivo-salamandres","11":"pa_pais-espana","13":"first","14":"instock","15":"shipping-taxable","16":"product-type-simple"},"acf":[],"_links":{"self":[{"href":"https:\/\/olemosaic.com\/fr\/wp-json\/wp\/v2\/product\/35522","targetHints":{"allow":["GET"]}}],"collection":[{"href":"https:\/\/olemosaic.com\/fr\/wp-json\/wp\/v2\/product"}],"about":[{"href":"https:\/\/olemosaic.com\/fr\/wp-json\/wp\/v2\/types\/product"}],"wp:featuredmedia":[{"embeddable":true,"href":"https:\/\/olemosaic.com\/fr\/wp-json\/wp\/v2\/media\/13937"}],"wp:attachment":[{"href":"https:\/\/olemosaic.com\/fr\/wp-json\/wp\/v2\/media?parent=35522"}],"wp:term":[{"taxonomy":"product_brand","embeddable":true,"href":"https:\/\/olemosaic.com\/fr\/wp-json\/wp\/v2\/product_brand?post=35522"},{"taxonomy":"product_cat","embeddable":true,"href":"https:\/\/olemosaic.com\/fr\/wp-json\/wp\/v2\/product_cat?post=35522"},{"taxonomy":"product_tag","embeddable":true,"href":"https:\/\/olemosaic.com\/fr\/wp-json\/wp\/v2\/product_tag?post=35522"}],"curies":[{"name":"wp","href":"https:\/\/api.w.org\/{rel}","templated":true}]}}