{"id":35521,"date":"2025-02-20T22:37:29","date_gmt":"2025-02-20T22:37:29","guid":{"rendered":"http:\/\/olemosaic.com\/producto\/cortador-de-ceramica-salamandra-y-flores-tenerife\/"},"modified":"2025-07-25T18:37:24","modified_gmt":"2025-07-25T16:37:24","slug":"coupe-pate-en-ceramique-salamandre-et-fleurs-tenerife","status":"publish","type":"product","link":"https:\/\/olemosaic.com\/fr\/produit\/coupe-pate-en-ceramique-salamandre-et-fleurs-tenerife\/","title":{"rendered":"Coupe-p\u00e2te en c\u00e9ramique. Salamandre et fleurs. Tenerife."},"content":{"rendered":"<p>Ce coupe-p\u00e2te en c\u00e9ramique, d\u00e9cor\u00e9 de motifs color\u00e9s de salamandres et de fleurs, est un v\u00e9ritable hommage \u00e0 l&rsquo;art traditionnel de Tenerife. \u00c9labor\u00e9 avec une c\u00e9ramique de haute qualit\u00e9, cet ustensile allie fonctionnalit\u00e9 et esth\u00e9tique, en faisant un \u00e9l\u00e9ment indispensable pour toute cuisine souhaitant une touche festive et culturelle. Son design vibrant pr\u00e9sente un fond de mosa\u00efque encadrant deux salamandres stylis\u00e9es dans des tons rouge et vert, des reptiles embl\u00e9matiques repr\u00e9sentant la riche faune locale. Autour de ces salamandres, se d\u00e9ploient des fleurs de style canarien en bleu, jaune et rouge, apportant un air joyeux et tropical au design.<\/p>\n<p>Chaque d\u00e9tail du coupe-p\u00e2te est un reflet du patrimoine culturel de Tenerife, une \u00eele c\u00e9l\u00e8bre pour sa biodiversit\u00e9 et son vibrant h\u00e9ritage artistique. Cet ustensile est non seulement pratique pour couper et servir, mais aussi un souvenir attrayant de la beaut\u00e9 naturelle des Canaries et de son art populaire. Parfait comme souvenir, c&rsquo;est une excellente option pour les boutiques de cadeaux touristiques cherchant \u00e0 offrir des produits authentiques et repr\u00e9sentatifs de la r\u00e9gion. Chez Ol\u00e9 Mosaic, nous sommes grossistes en souvenirs de c\u00e9ramique, garantissant la qualit\u00e9 et l&rsquo;originalit\u00e9 de chacun de nos articles. Ce coupe-p\u00e2te en c\u00e9ramique est plus qu&rsquo;un accessoire de cuisine ; c&rsquo;est un morceau de Tenerife qui apportera un peu de l&rsquo;\u00eele \u00e0 la table de ceux qui l&rsquo;utilisent.<\/p>\n","protected":false},"excerpt":{"rendered":"<p>Coupe-p\u00e2te en c\u00e9ramique d\u00e9cor\u00e9 de motifs color\u00e9s de salamandres et de fleurs, inspir\u00e9 de l&rsquo;art traditionnel de Tenerife. Cet ustensile pratique pr\u00e9sente un design vibrant, avec un fond de mosa\u00efque encadrant deux salamandres dans des tons rouge et vert, entour\u00e9es de fleurs de style canarien en bleu, jaune et rouge. \u00c9labor\u00e9 en c\u00e9ramique, il est id\u00e9al pour ajouter une touche festive et culturelle \u00e0 votre cuisine.<\/p>\n","protected":false},"featured_media":13936,"template":"","meta":{"_acf_changed":false},"product_brand":[],"product_cat":[832],"product_tag":[530,585],"class_list":{"0":"post-35521","1":"product","2":"type-product","3":"status-publish","4":"has-post-thumbnail","6":"product_cat-emporte-pieces","7":"product_tag-animaux","8":"product_tag-ceramique","9":"pa_ciudad-tenerife","10":"pa_motivo-salamandres","11":"pa_pais-espana","13":"first","14":"instock","15":"shipping-taxable","16":"product-type-simple"},"acf":[],"_links":{"self":[{"href":"https:\/\/olemosaic.com\/fr\/wp-json\/wp\/v2\/product\/35521","targetHints":{"allow":["GET"]}}],"collection":[{"href":"https:\/\/olemosaic.com\/fr\/wp-json\/wp\/v2\/product"}],"about":[{"href":"https:\/\/olemosaic.com\/fr\/wp-json\/wp\/v2\/types\/product"}],"wp:featuredmedia":[{"embeddable":true,"href":"https:\/\/olemosaic.com\/fr\/wp-json\/wp\/v2\/media\/13936"}],"wp:attachment":[{"href":"https:\/\/olemosaic.com\/fr\/wp-json\/wp\/v2\/media?parent=35521"}],"wp:term":[{"taxonomy":"product_brand","embeddable":true,"href":"https:\/\/olemosaic.com\/fr\/wp-json\/wp\/v2\/product_brand?post=35521"},{"taxonomy":"product_cat","embeddable":true,"href":"https:\/\/olemosaic.com\/fr\/wp-json\/wp\/v2\/product_cat?post=35521"},{"taxonomy":"product_tag","embeddable":true,"href":"https:\/\/olemosaic.com\/fr\/wp-json\/wp\/v2\/product_tag?post=35521"}],"curies":[{"name":"wp","href":"https:\/\/api.w.org\/{rel}","templated":true}]}}