{"id":35520,"date":"2025-02-20T22:37:29","date_gmt":"2025-02-20T22:37:29","guid":{"rendered":"http:\/\/olemosaic.com\/producto\/cortador-de-ceramica-toros-pamplona\/"},"modified":"2025-07-25T19:28:33","modified_gmt":"2025-07-25T17:28:33","slug":"coupe-pate-en-ceramique-taureaux-pampelune","status":"publish","type":"product","link":"https:\/\/olemosaic.com\/fr\/produit\/coupe-pate-en-ceramique-taureaux-pampelune\/","title":{"rendered":"Coupe-p\u00e2te en c\u00e9ramique. Taureaux. Pampelune."},"content":{"rendered":"<p>Ce coupe-p\u00e2te en c\u00e9ramique, inspir\u00e9 des embl\u00e9matiques taureaux de Pampelune, est un incontournable dans la cuisine de tout amateur de culture espagnole. Fabriqu\u00e9 en c\u00e9ramique de haute qualit\u00e9, il pr\u00e9sente un design vibrant combinant des tons rouges et bleus, repr\u00e9sentant deux taureaux entour\u00e9s d&rsquo;une flore exub\u00e9rante. Cette mosa\u00efque complexe regorge de d\u00e9tails joyeux en jaune et orange, \u00e9voquant l&rsquo;\u00e9nergie et la festivit\u00e9 des c\u00e9l\u00e8bres f\u00eates de San Ferm\u00edn.<\/p>\n<p>Le fond vert attire le regard, cr\u00e9ant un contraste saisissant qui rehausse la beaut\u00e9 des illustrations. Avec ce coupe-p\u00e2te, vous disposerez non seulement d&rsquo;un outil fonctionnel pour vos pr\u00e9parations culinaires, mais aussi d&rsquo;un objet d\u00e9coratif qui apportera une touche culturelle \u00e0 votre cuisine.<\/p>\n<p>Le lien de ce souvenir avec Pampelune est ind\u00e9niable ; les taureaux font partie int\u00e9grante de l&rsquo;identit\u00e9 et de la tradition de la ville, symbolisant le courage et l&rsquo;esprit festif qui caract\u00e9risent ses c\u00e9l\u00e9brations. Chaque fois que vous utiliserez ce coupe-p\u00e2te, vous vous rappellerez le riche h\u00e9ritage culturel espagnol, ce qui en fait un cadeau id\u00e9al pour les touristes et les amateurs de gastronomie.<\/p>\n<p>Chez Ol\u00e9 Mosaic, nous sommes distributeurs de souvenirs authentiques qui capturent l&rsquo;essence de l&rsquo;Espagne. Ce coupe-p\u00e2te en c\u00e9ramique est une excellente option pour les boutiques de cadeaux touristiques cherchant \u00e0 offrir des produits uniques et repr\u00e9sentatifs de Pampelune, parfaits pour conserver des souvenirs imp\u00e9rissables.<\/p>\n","protected":false},"excerpt":{"rendered":"<p>Coupe-p\u00e2te en c\u00e9ramique au design color\u00e9, inspir\u00e9 des traditionnels taureaux de Pampelune. Cet accessoire fonctionnel, \u00e9labor\u00e9 en c\u00e9ramique, se distingue par sa mosa\u00efque complexe et vibrante repr\u00e9sentant deux taureaux dans des tons rouges et bleus, entour\u00e9s de fleurs sur un fond vert. Les illustrations sont orn\u00e9es de d\u00e9tails jaunes et oranges, \u00e9voquant l&rsquo;\u00e9nergie des f\u00eates locales. Id\u00e9al pour ajouter une touche culturelle \u00e0 votre cuisine.<\/p>\n","protected":false},"featured_media":13935,"template":"","meta":{"_acf_changed":false},"product_brand":[],"product_cat":[832],"product_tag":[530,585],"class_list":{"0":"post-35520","1":"product","2":"type-product","3":"status-publish","4":"has-post-thumbnail","6":"product_cat-emporte-pieces","7":"product_tag-animaux","8":"product_tag-ceramique","9":"pa_ciudad-pamplona","10":"pa_motivo-taureaux","11":"pa_pais-espana","13":"first","14":"instock","15":"shipping-taxable","16":"product-type-simple"},"acf":[],"_links":{"self":[{"href":"https:\/\/olemosaic.com\/fr\/wp-json\/wp\/v2\/product\/35520","targetHints":{"allow":["GET"]}}],"collection":[{"href":"https:\/\/olemosaic.com\/fr\/wp-json\/wp\/v2\/product"}],"about":[{"href":"https:\/\/olemosaic.com\/fr\/wp-json\/wp\/v2\/types\/product"}],"wp:featuredmedia":[{"embeddable":true,"href":"https:\/\/olemosaic.com\/fr\/wp-json\/wp\/v2\/media\/13935"}],"wp:attachment":[{"href":"https:\/\/olemosaic.com\/fr\/wp-json\/wp\/v2\/media?parent=35520"}],"wp:term":[{"taxonomy":"product_brand","embeddable":true,"href":"https:\/\/olemosaic.com\/fr\/wp-json\/wp\/v2\/product_brand?post=35520"},{"taxonomy":"product_cat","embeddable":true,"href":"https:\/\/olemosaic.com\/fr\/wp-json\/wp\/v2\/product_cat?post=35520"},{"taxonomy":"product_tag","embeddable":true,"href":"https:\/\/olemosaic.com\/fr\/wp-json\/wp\/v2\/product_tag?post=35520"}],"curies":[{"name":"wp","href":"https:\/\/api.w.org\/{rel}","templated":true}]}}