{"id":35519,"date":"2025-02-20T23:37:29","date_gmt":"2025-02-20T22:37:29","guid":{"rendered":"http:\/\/olemosaic.com\/producto\/cortador-de-ceramica-salamandra-mallorca\/"},"modified":"2025-07-25T18:40:15","modified_gmt":"2025-07-25T16:40:15","slug":"coupe-pate-en-ceramique-salamandre-majorque","status":"publish","type":"product","link":"https:\/\/olemosaic.com\/fr\/produit\/coupe-pate-en-ceramique-salamandre-majorque\/","title":{"rendered":"Coupe-p\u00e2te en c\u00e9ramique. Salamandre. Majorque."},"content":{"rendered":"<p>Ce joyeux coupe-p\u00e2te en c\u00e9ramique est une repr\u00e9sentation vibrante de la faune et de la flore de Majorque, id\u00e9al pour les amateurs d&rsquo;artisanat majorquin. Fabriqu\u00e9 en c\u00e9ramique de haute qualit\u00e9, chaque pi\u00e8ce semble peinte \u00e0 la main, ce qui garantit une finition unique et sp\u00e9ciale. Le motif principal du coupe-p\u00e2te pr\u00e9sente des salamandres color\u00e9es qui semblent prendre vie, entour\u00e9es de fleurs vibrantes \u00e9voquant la beaut\u00e9 naturelle de l&rsquo;\u00eele. Les salamandres, avec leur palette de couleurs intenses, se d\u00e9tachent sur un fond textur\u00e9 simulant la pierre, rappelant les mosa\u00efques typiques de l&rsquo;architecture majorquine.<\/p>\n<p>Ce coupe-p\u00e2te n&rsquo;est pas seulement un ustensile de cuisine fonctionnel, mais aussi un souvenir artistique qui transmet l&rsquo;essence de Majorque. Son design charmant en fait une excellente option pour ceux qui recherchent un souvenir repr\u00e9sentatif de l&rsquo;\u00eele alliant beaut\u00e9 et utilit\u00e9. Chez Ol\u00e9 Mosaic, nous nous consacrons \u00e0 la distribution de souvenirs en gros, et ce coupe-p\u00e2te en c\u00e9ramique est un produit qui attirera sans aucun doute les touristes et les consommateurs valorisant l&rsquo;authenticit\u00e9 et le design culturel. Avec chaque pi\u00e8ce, le patrimoine artisanal de Majorque est c\u00e9l\u00e9br\u00e9, faisant de ce coupe-p\u00e2te un excellent article pour les boutiques de cadeaux touristiques cherchant \u00e0 offrir le meilleur de la tradition locale.<\/p>\n","protected":false},"excerpt":{"rendered":"<p>Coupe-p\u00e2te en c\u00e9ramique au design joyeux, inspir\u00e9 de la faune et de la flore de Majorque. Cet ustensile pr\u00e9sente un motif color\u00e9 de salamandres en mosa\u00efque, entour\u00e9es de fleurs vibrantes, le tout sur un fond \u00e0 texture de pierre \u00e9voquant le style typique de l&rsquo;\u00eele. Fabriqu\u00e9 en c\u00e9ramique avec un design artisanal, peint \u00e0 la main, sa finition est unique, parfaite pour les amateurs d&rsquo;artisanat majorquin. Id\u00e9al pour apporter une touche artistique \u00e0 votre cuisine.<\/p>\n","protected":false},"featured_media":13934,"template":"","meta":{"_acf_changed":false},"product_brand":[],"product_cat":[832],"product_tag":[530,585],"class_list":{"0":"post-35519","1":"product","2":"type-product","3":"status-publish","4":"has-post-thumbnail","6":"product_cat-emporte-pieces","7":"product_tag-animaux","8":"product_tag-ceramique","9":"pa_ciudad-mallorca","10":"pa_motivo-salamandres","11":"pa_pais-espana","13":"first","14":"instock","15":"shipping-taxable","16":"product-type-simple"},"acf":[],"_links":{"self":[{"href":"https:\/\/olemosaic.com\/fr\/wp-json\/wp\/v2\/product\/35519","targetHints":{"allow":["GET"]}}],"collection":[{"href":"https:\/\/olemosaic.com\/fr\/wp-json\/wp\/v2\/product"}],"about":[{"href":"https:\/\/olemosaic.com\/fr\/wp-json\/wp\/v2\/types\/product"}],"wp:featuredmedia":[{"embeddable":true,"href":"https:\/\/olemosaic.com\/fr\/wp-json\/wp\/v2\/media\/13934"}],"wp:attachment":[{"href":"https:\/\/olemosaic.com\/fr\/wp-json\/wp\/v2\/media?parent=35519"}],"wp:term":[{"taxonomy":"product_brand","embeddable":true,"href":"https:\/\/olemosaic.com\/fr\/wp-json\/wp\/v2\/product_brand?post=35519"},{"taxonomy":"product_cat","embeddable":true,"href":"https:\/\/olemosaic.com\/fr\/wp-json\/wp\/v2\/product_cat?post=35519"},{"taxonomy":"product_tag","embeddable":true,"href":"https:\/\/olemosaic.com\/fr\/wp-json\/wp\/v2\/product_tag?post=35519"}],"curies":[{"name":"wp","href":"https:\/\/api.w.org\/{rel}","templated":true}]}}