{"id":35497,"date":"2025-02-20T23:37:27","date_gmt":"2025-02-20T22:37:27","guid":{"rendered":"http:\/\/olemosaic.com\/producto\/4-bols-de-coco-de-13-x-6-cm-mariposa-5\/"},"modified":"2025-07-25T19:26:03","modified_gmt":"2025-07-25T17:26:03","slug":"4-bols-en-coco-13-x-6-cm-papillon-mosaique","status":"publish","type":"product","link":"https:\/\/olemosaic.com\/fr\/produit\/4-bols-en-coco-13-x-6-cm-papillon-mosaique\/","title":{"rendered":"4 Bols en coco de 13 x 6 cm. Design Mosa\u00efque. Papillon."},"content":{"rendered":"<p>Cet ensemble de 4 bols en coco est une proposition vibrante et exotique qui apporte un air de fra\u00eecheur \u00e0 tout int\u00e9rieur. Chaque bol, mesurant 13 x 6 cm, est excellemment fabriqu\u00e9 de mani\u00e8re artisanale, combinant des techniques de mosa\u00efque avec un design contemporain. Les couleurs lumineuses dans des tons de bleu, rose, jaune et blanc s&rsquo;entrelacent, mettant en valeur un magnifique motif de papillons qui \u00e9voque la beaut\u00e9 de la nature. Ce d\u00e9tail n&rsquo;ajoute pas seulement une touche d\u00e9corative, mais symbolise \u00e9galement la transformation et la vie, des \u00e9l\u00e9ments profond\u00e9ment ancr\u00e9s dans diverses cultures.<\/p>\n<p>Id\u00e9aux pour servir des ap\u00e9ritifs lors de toute r\u00e9union, ces bols peuvent \u00e9galement \u00eatre utilis\u00e9s comme \u00e9l\u00e9ments d\u00e9coratifs, apportant une touche d&rsquo;originalit\u00e9 aux \u00e9tag\u00e8res, tables ou m\u00eame lors d&rsquo;\u00e9v\u00e9nements sp\u00e9ciaux. L&rsquo;authenticit\u00e9 de ce produit refl\u00e8te le riche h\u00e9ritage culturel et la ma\u00eetrise artisanale de sa production, en faisant un souvenir parfait pour ceux qui souhaitent emporter un \u00e9chantillon du charme local.<\/p>\n<p>Chez Ol\u00e9 Mosaic, nous nous sp\u00e9cialisons dans la distribution de souvenirs en gros, offrant des produits uniques et repr\u00e9sentatifs de la culture locale. Cet ensemble de bols en coco est une excellente option pour les boutiques de cadeaux touristiques \u00e0 la recherche d&rsquo;articles de qualit\u00e9 et ayant une signification culturelle, offrant une opportunit\u00e9 unique tant pour d\u00e9corer que pour profiter d&rsquo;une exp\u00e9rience culinaire authentique.<\/p>\n","protected":false},"excerpt":{"rendered":"<p>Ensemble de 4 bols en coco, chacun de 13 x 6 cm, d\u00e9cor\u00e9s d&rsquo;un joli motif de papillons. Les bols arborent une finition color\u00e9e avec des mosa\u00efques dans des tons bleus, roses, jaunes et blancs, ce qui leur donne une touche vibrante et exotique. Chaque pi\u00e8ce est fabriqu\u00e9e artisanalement, alliant la technique de la mosa\u00efque \u00e0 une touche contemporaine. Ils sont parfaits pour servir des ap\u00e9ritifs ou comme \u00e9l\u00e9ment d\u00e9coratif dans n&rsquo;importe quel coin de votre maison.<\/p>\n","protected":false},"featured_media":13927,"template":"","meta":{"_acf_changed":false},"product_brand":[],"product_cat":[521],"product_tag":[530],"class_list":{"0":"post-35497","1":"product","2":"type-product","3":"status-publish","4":"has-post-thumbnail","6":"product_cat-bols","7":"product_tag-animaux","8":"pa_motivo-papillons","10":"first","11":"instock","12":"shipping-taxable","13":"product-type-simple"},"acf":[],"_links":{"self":[{"href":"https:\/\/olemosaic.com\/fr\/wp-json\/wp\/v2\/product\/35497","targetHints":{"allow":["GET"]}}],"collection":[{"href":"https:\/\/olemosaic.com\/fr\/wp-json\/wp\/v2\/product"}],"about":[{"href":"https:\/\/olemosaic.com\/fr\/wp-json\/wp\/v2\/types\/product"}],"wp:featuredmedia":[{"embeddable":true,"href":"https:\/\/olemosaic.com\/fr\/wp-json\/wp\/v2\/media\/13927"}],"wp:attachment":[{"href":"https:\/\/olemosaic.com\/fr\/wp-json\/wp\/v2\/media?parent=35497"}],"wp:term":[{"taxonomy":"product_brand","embeddable":true,"href":"https:\/\/olemosaic.com\/fr\/wp-json\/wp\/v2\/product_brand?post=35497"},{"taxonomy":"product_cat","embeddable":true,"href":"https:\/\/olemosaic.com\/fr\/wp-json\/wp\/v2\/product_cat?post=35497"},{"taxonomy":"product_tag","embeddable":true,"href":"https:\/\/olemosaic.com\/fr\/wp-json\/wp\/v2\/product_tag?post=35497"}],"curies":[{"name":"wp","href":"https:\/\/api.w.org\/{rel}","templated":true}]}}