{"id":35495,"date":"2025-02-20T22:37:27","date_gmt":"2025-02-20T22:37:27","guid":{"rendered":"http:\/\/olemosaic.com\/producto\/4-bols-de-coco-de-13-x-6-cm-mosaico\/"},"modified":"2025-07-25T18:54:41","modified_gmt":"2025-07-25T16:54:41","slug":"4-bols-en-coco-13-x-6-cm-mosaique","status":"publish","type":"product","link":"https:\/\/olemosaic.com\/fr\/produit\/4-bols-en-coco-13-x-6-cm-mosaique\/","title":{"rendered":"4 Bols en coco de 13 x 6 cm. Mosa\u00efque."},"content":{"rendered":"<p>Ce lot de 4 bols en coco est un choix irr\u00e9sistible, color\u00e9 et vibrant, id\u00e9al pour ceux qui recherchent des souvenirs authentiques et d\u00e9coratifs des traditions c\u00f4ti\u00e8res. Chaque bol, mesurant 13 x 6 cm, est m\u00e9ticuleusement d\u00e9cor\u00e9 d&rsquo;un design captivant en mosa\u00efque pr\u00e9sentant un m\u00e9lange joyeux de couleurs : bleus, roses, violets et jaunes. Cet effet visuel frappant attire non seulement l&rsquo;attention, mais c\u00e9l\u00e8bre \u00e9galement le riche h\u00e9ritage artisanal des r\u00e9gions c\u00f4ti\u00e8res, o\u00f9 la technique de la mosa\u00efque a \u00e9t\u00e9 perfectionn\u00e9e au fil des ans.<\/p>\n<p>La surface de chaque bol est orn\u00e9e de motifs de mosa\u00efque complexes qui refl\u00e8tent la lumi\u00e8re de mani\u00e8re enchanteresse, apportant un air de fra\u00eecheur et de vitalit\u00e9 \u00e0 n&rsquo;importe quelle table. Ces bols sont parfaits non seulement pour servir des ap\u00e9ritifs ou des salades, mais aussi comme pi\u00e8ces d\u00e9coratives qui embellissent tout environnement. L&rsquo;authenticit\u00e9 de ces produits souligne leur lien avec les traditions culturelles d&rsquo;Espagne, en faisant des cadeaux id\u00e9aux pour les touristes \u00e0 la recherche de souvenirs m\u00e9morables et significatifs.<\/p>\n<p>Chez Ol\u00e9 Mosaic, nous sommes fiers d&rsquo;\u00eatre des distributeurs de produits artisanaux en gros, et ce lot de bols en coco est un ajout exceptionnel \u00e0 la collection de souvenirs. Parfaits pour les boutiques de cadeaux touristiques souhaitant offrir \u00e0 leurs clients une repr\u00e9sentation authentique et color\u00e9e de la culture espagnole, ils garantissent qualit\u00e9 et originalit\u00e9 dans chaque pi\u00e8ce.<\/p>\n","protected":false},"excerpt":{"rendered":"<p>Ensemble de 4 bols en coco de 13 x 6 cm, d\u00e9cor\u00e9s d&rsquo;un design vibrant en mosa\u00efque. Chaque bol pr\u00e9sente un m\u00e9lange de couleurs incluant des tons bleus, roses, violets et jaunes, cr\u00e9ant un effet visuel attrayant et plein de vie. Sa technique de mosa\u00efque apporte un caract\u00e8re artisanal \u00e9voquant la tradition c\u00e9ramique des r\u00e9gions c\u00f4ti\u00e8res, id\u00e9al pour servir des ap\u00e9ritifs ou comme \u00e9l\u00e9ment d\u00e9coratif dans tout int\u00e9rieur. Parfait pour ajouter une touche de couleur \u00e0 n&rsquo;importe quelle table.<\/p>\n","protected":false},"featured_media":13925,"template":"","meta":{"_acf_changed":false},"product_brand":[],"product_cat":[521],"product_tag":[],"class_list":{"0":"post-35495","1":"product","2":"type-product","3":"status-publish","4":"has-post-thumbnail","6":"product_cat-bols","7":"pa_motivo-mosaique","9":"first","10":"instock","11":"shipping-taxable","12":"product-type-simple"},"acf":[],"_links":{"self":[{"href":"https:\/\/olemosaic.com\/fr\/wp-json\/wp\/v2\/product\/35495","targetHints":{"allow":["GET"]}}],"collection":[{"href":"https:\/\/olemosaic.com\/fr\/wp-json\/wp\/v2\/product"}],"about":[{"href":"https:\/\/olemosaic.com\/fr\/wp-json\/wp\/v2\/types\/product"}],"wp:featuredmedia":[{"embeddable":true,"href":"https:\/\/olemosaic.com\/fr\/wp-json\/wp\/v2\/media\/13925"}],"wp:attachment":[{"href":"https:\/\/olemosaic.com\/fr\/wp-json\/wp\/v2\/media?parent=35495"}],"wp:term":[{"taxonomy":"product_brand","embeddable":true,"href":"https:\/\/olemosaic.com\/fr\/wp-json\/wp\/v2\/product_brand?post=35495"},{"taxonomy":"product_cat","embeddable":true,"href":"https:\/\/olemosaic.com\/fr\/wp-json\/wp\/v2\/product_cat?post=35495"},{"taxonomy":"product_tag","embeddable":true,"href":"https:\/\/olemosaic.com\/fr\/wp-json\/wp\/v2\/product_tag?post=35495"}],"curies":[{"name":"wp","href":"https:\/\/api.w.org\/{rel}","templated":true}]}}