{"id":35487,"date":"2025-02-20T23:37:26","date_gmt":"2025-02-20T22:37:26","guid":{"rendered":"http:\/\/olemosaic.com\/producto\/4-bols-de-coco-de-13-x-6-cm-rueda\/"},"modified":"2025-07-25T19:39:58","modified_gmt":"2025-07-25T17:39:58","slug":"4-bols-en-noix-de-coco-de-13-x-6-cm-roue","status":"publish","type":"product","link":"https:\/\/olemosaic.com\/fr\/produit\/4-bols-en-noix-de-coco-de-13-x-6-cm-roue\/","title":{"rendered":"4 Bols en noix de coco de 13 x 6 cm. Roue."},"content":{"rendered":"<p>D\u00e9couvrez notre ensemble de 4 bols en noix de coco, une v\u00e9ritable pi\u00e8ce d&rsquo;artisanat m\u00e9diterran\u00e9en qui apportera une touche vibrante et culturelle \u00e0 n&rsquo;importe quel foyer. D&rsquo;une taille de 13 x 6 cm, chaque bol pr\u00e9sente un design unique d\u00e9cor\u00e9 de motifs color\u00e9s de roues, \u00e9voquant la riche tradition c\u00e9ramique de la r\u00e9gion. La palette de couleurs comprend des tons intenses de bleu, orange, rouge et rose, qui s&rsquo;entrelacent dans une finition rehaussant la texture naturelle de la noix de coco, faisant de chaque pi\u00e8ce une \u0153uvre singuli\u00e8re.<\/p>\n<p>Ces bols sont id\u00e9aux pour servir des fruits frais ou comme \u00e9l\u00e9ments d\u00e9coratifs qui \u00e9gayeront n&rsquo;importe quel espace. L&rsquo;inspiration de l&rsquo;art c\u00e9ramique traditionnel apporte un air authentique et repr\u00e9sentatif de la culture m\u00e9diterran\u00e9enne, en faisant un cadeau parfait pour ceux qui recherchent un souvenir encapsulant l&rsquo;essence de l&rsquo;Espagne ou du Portugal. Leur design m\u00e9ticuleux les rend non seulement visuellement attrayants, mais en fait \u00e9galement un rappel tangible du riche h\u00e9ritage artistique de la r\u00e9gion.<\/p>\n<p>Chez Ol\u00e9 Mosaic, en tant que grossiste de souvenirs authentiques, nous proposons des produits qui se distinguent par leur qualit\u00e9 et leur connexion culturelle. Cet ensemble de bols en noix de coco est une excellente option pour les boutiques de cadeaux touristiques souhaitant offrir \u00e0 leurs clients des souvenirs significatifs et color\u00e9s. Les souvenirs de bols sont parfaits pour ceux qui c\u00e9l\u00e8brent l&rsquo;art et la tradition, id\u00e9aux pour embellir n&rsquo;importe quel coin de la maison.<\/p>\n","protected":false},"excerpt":{"rendered":"<p>Ensemble de 4 bols en noix de coco de 13 x 6 cm, d\u00e9cor\u00e9s d&rsquo;un design attrayant de roue aux couleurs vibrantes. Chaque bol pr\u00e9sente une finition au design artisanal, peint \u00e0 la main, dans des tons bleu, orange, rose et rouge, cr\u00e9ant un contraste charmant sur sa surface. Les motifs simulent un style de mosa\u00efque, apportant une touche culturelle et artisanale, id\u00e9ale pour servir des ap\u00e9ritifs ou comme pi\u00e8ces d\u00e9coratives. Parfaits pour ajouter de la couleur et un air festif \u00e0 n&rsquo;importe quelle table.<\/p>\n","protected":false},"featured_media":13922,"template":"","meta":{"_acf_changed":false},"product_brand":[],"product_cat":[521],"product_tag":[],"class_list":{"0":"post-35487","1":"product","2":"type-product","3":"status-publish","4":"has-post-thumbnail","6":"product_cat-bols","7":"pa_ciudad-rueda","8":"pa_pais-espana","10":"first","11":"instock","12":"shipping-taxable","13":"product-type-simple"},"acf":[],"_links":{"self":[{"href":"https:\/\/olemosaic.com\/fr\/wp-json\/wp\/v2\/product\/35487","targetHints":{"allow":["GET"]}}],"collection":[{"href":"https:\/\/olemosaic.com\/fr\/wp-json\/wp\/v2\/product"}],"about":[{"href":"https:\/\/olemosaic.com\/fr\/wp-json\/wp\/v2\/types\/product"}],"wp:featuredmedia":[{"embeddable":true,"href":"https:\/\/olemosaic.com\/fr\/wp-json\/wp\/v2\/media\/13922"}],"wp:attachment":[{"href":"https:\/\/olemosaic.com\/fr\/wp-json\/wp\/v2\/media?parent=35487"}],"wp:term":[{"taxonomy":"product_brand","embeddable":true,"href":"https:\/\/olemosaic.com\/fr\/wp-json\/wp\/v2\/product_brand?post=35487"},{"taxonomy":"product_cat","embeddable":true,"href":"https:\/\/olemosaic.com\/fr\/wp-json\/wp\/v2\/product_cat?post=35487"},{"taxonomy":"product_tag","embeddable":true,"href":"https:\/\/olemosaic.com\/fr\/wp-json\/wp\/v2\/product_tag?post=35487"}],"curies":[{"name":"wp","href":"https:\/\/api.w.org\/{rel}","templated":true}]}}