{"id":35485,"date":"2025-02-20T23:37:26","date_gmt":"2025-02-20T22:37:26","guid":{"rendered":"http:\/\/olemosaic.com\/producto\/4-bols-de-coco-de-13-x-6-cm-toro-y-bailaora\/"},"modified":"2025-07-25T19:03:20","modified_gmt":"2025-07-25T17:03:20","slug":"4-bols-en-noix-de-coco-de-13-x-6-cm-taureau-et-danseuse","status":"publish","type":"product","link":"https:\/\/olemosaic.com\/fr\/produit\/4-bols-en-noix-de-coco-de-13-x-6-cm-taureau-et-danseuse\/","title":{"rendered":"4 Bols en noix de coco de 13 x 6 cm. Taureau et danseuse."},"content":{"rendered":"<p>Ensemble de 4 bols en noix de coco d\u00e9cor\u00e9s de motifs embl\u00e9matiques de la culture espagnole, id\u00e9aux pour ceux qui recherchent un souvenir authentique capturant l&rsquo;essence de l&rsquo;Espagne. Chaque bol, d&rsquo;une dimension de 13 x 6 cm, est m\u00e9ticuleusement peint \u00e0 la main et pr\u00e9sente une mosa\u00efque vibrante de couleurs dans des tons rose, bleu et jaune qui lui conf\u00e8rent un caract\u00e8re joyeux et festif. \u00c0 l&rsquo;int\u00e9rieur, de couleur blanche, se d\u00e9tachent des illustrations soigneusement \u00e9labor\u00e9es de l&#8217;embl\u00e9matique taureau et d&rsquo;une danseuse en mouvement, repr\u00e9sentant deux des \u00e9l\u00e9ments les plus repr\u00e9sentatifs du folklore espagnol.<\/p>\n<p>Cet ensemble n&rsquo;est pas seulement parfait pour servir des tapas, mais il fonctionne \u00e9galement comme un \u00e9l\u00e9ment d\u00e9coratif original \u00e9voquant la riche tradition culturelle de l&rsquo;Espagne. Le taureau, symbole de bravoure et de tauromachie, et la danseuse, repr\u00e9sentant la passion du flamenco, fusionnent dans une impressionnante d\u00e9monstration d&rsquo;art et de culture. Les bols sont id\u00e9aux pour les touristes souhaitant ramener chez eux un morceau de l&rsquo;authentique h\u00e9ritage espagnol.<\/p>\n<p>Chez Ol\u00e9 Mosaic, nous nous sp\u00e9cialisons dans la distribution de souvenirs en gros, et cet ensemble de bols en noix de coco est une excellente option pour les boutiques de cadeaux touristiques recherchant des produits authentiques et de qualit\u00e9. Avec son design color\u00e9 et sa connexion culturelle, ces bols sont un souvenir parfait d&rsquo;un voyage inoubliable en Espagne.<\/p>\n","protected":false},"excerpt":{"rendered":"<p>Ensemble de 4 bols en noix de coco de 13 x 6 cm, d\u00e9cor\u00e9s de motifs embl\u00e9matiques de la culture espagnole : un taureau et une danseuse. Chaque bol pr\u00e9sente un design color\u00e9 avec des mosa\u00efques dans des tons rose, bleu et jaune qui apportent une touche vibrante. L&rsquo;int\u00e9rieur blanc fait ressortir les illustrations, effet peint \u00e0 la main, de l&#8217;embl\u00e9matique taureau et de la danseuse en mouvement. Parfaits pour servir des tapas ou comme \u00e9l\u00e9ments d\u00e9coratifs originaux \u00e9voquant l&rsquo;essence de l&rsquo;Espagne.<\/p>\n","protected":false},"featured_media":13920,"template":"","meta":{"_acf_changed":false},"product_brand":[],"product_cat":[521],"product_tag":[530],"class_list":{"0":"post-35485","1":"product","2":"type-product","3":"status-publish","4":"has-post-thumbnail","6":"product_cat-bols","7":"product_tag-animaux","8":"pa_motivo-taureaux","10":"first","11":"instock","12":"shipping-taxable","13":"product-type-simple"},"acf":[],"_links":{"self":[{"href":"https:\/\/olemosaic.com\/fr\/wp-json\/wp\/v2\/product\/35485","targetHints":{"allow":["GET"]}}],"collection":[{"href":"https:\/\/olemosaic.com\/fr\/wp-json\/wp\/v2\/product"}],"about":[{"href":"https:\/\/olemosaic.com\/fr\/wp-json\/wp\/v2\/types\/product"}],"wp:featuredmedia":[{"embeddable":true,"href":"https:\/\/olemosaic.com\/fr\/wp-json\/wp\/v2\/media\/13920"}],"wp:attachment":[{"href":"https:\/\/olemosaic.com\/fr\/wp-json\/wp\/v2\/media?parent=35485"}],"wp:term":[{"taxonomy":"product_brand","embeddable":true,"href":"https:\/\/olemosaic.com\/fr\/wp-json\/wp\/v2\/product_brand?post=35485"},{"taxonomy":"product_cat","embeddable":true,"href":"https:\/\/olemosaic.com\/fr\/wp-json\/wp\/v2\/product_cat?post=35485"},{"taxonomy":"product_tag","embeddable":true,"href":"https:\/\/olemosaic.com\/fr\/wp-json\/wp\/v2\/product_tag?post=35485"}],"curies":[{"name":"wp","href":"https:\/\/api.w.org\/{rel}","templated":true}]}}